{"id":1817,"date":"2025-11-30T04:24:22","date_gmt":"2025-11-30T04:24:22","guid":{"rendered":"https:\/\/audiobook-24.com\/?post_type=product&#038;p=1817"},"modified":"2025-11-30T04:24:22","modified_gmt":"2025-11-30T04:24:22","slug":"%f0%9f%8e%a7-erotik-hoerbuch-raey-weishaupt-gangbang-alle-fuer-eine-eine-fuer-alle","status":"publish","type":"product","link":"https:\/\/audiobook-24.com\/en\/product\/%f0%9f%8e%a7-erotik-hoerbuch-raey-weishaupt-gangbang-alle-fuer-eine-eine-fuer-alle\/","title":{"rendered":"\ud83c\udfa7 Erotik H\u00f6rbuch \u2013 Raey Weishaupt \u2013 Gangbang \u2013 Alle f\u00fcr eine, eine f\u00fcr alle"},"content":{"rendered":"<h1 data-start=\"164\" data-end=\"248\">\ud83c\udfa7 <strong data-start=\"169\" data-end=\"246\">Erotik H\u00f6rbuch \u2013 Raey Weishaupt \u2013 Gangbang \u2013 Alle f\u00fcr eine, eine f\u00fcr alle<\/strong><\/h1>\n<h3 data-start=\"249\" data-end=\"336\">Grenzenlose Lust, gemeinsames Verlangen \u2013 eine Fantasie voller intensiver Spannung.<\/h3>\n<p data-start=\"338\" data-end=\"642\">In <strong data-start=\"341\" data-end=\"386\">\u201eGangbang \u2013 Alle f\u00fcr eine, eine f\u00fcr alle\u201c<\/strong> erz\u00e4hlt Raey Weishaupt eine ebenso direkte wie fesselnde erotische Fantasie. Im Mittelpunkt steht eine selbstbewusste Frau, die ihre W\u00fcnsche kennt \u2013 und eine Gruppe, die bereit ist, diese mit Hingabe, Leidenschaft und gegenseitigem Vertrauen auszuleben.<\/p>\n<p data-start=\"644\" data-end=\"914\">Die Geschichte setzt auf Atmosph\u00e4re, Intensit\u00e4t und das Spiel mit Macht, N\u00e4he und vollkommenem Sich-Hingeben. Professionell gesprochen, entsteht ein H\u00f6rbuch, das stimmig, erwachsen und emotional packend bleibt, ohne seinen Fokus auf Stil und Erz\u00e4hlspannung zu verlieren.<\/p>\n<p data-start=\"916\" data-end=\"1037\"><strong data-start=\"916\" data-end=\"1037\">Ein H\u00f6rbuch f\u00fcr alle, die starke Fantasien, klare Rollen und erotische Gruppendynamik in literarischer Form sch\u00e4tzen.<\/strong><\/p>\n<hr data-start=\"1039\" data-end=\"1042\" \/>\n<h3 data-start=\"1044\" data-end=\"1078\">\ud83d\udd0a <strong data-start=\"1051\" data-end=\"1076\">Format: H\u00f6rbuch (MP3)<\/strong><\/h3>\n<p data-start=\"1080\" data-end=\"1224\">\u2b07\ufe0f Sofortiger Download f\u00fcr Handy<br data-start=\"1112\" data-end=\"1115\" \/>\u2b07\ufe0f Sofortiger Download f\u00fcr PC<br data-start=\"1144\" data-end=\"1147\" \/>\u2b07\ufe0f Sofortiger Download f\u00fcr Tablet<br data-start=\"1180\" data-end=\"1183\" \/>\u2b07\ufe0f Geeignet f\u00fcr alle MP3-f\u00e4higen Ger\u00e4te<\/p>\n<p data-start=\"1226\" data-end=\"1263\"><strong data-start=\"1226\" data-end=\"1263\">Einmal gekauft \u2013 f\u00fcr immer deins!<\/strong><\/p>","protected":false},"excerpt":{"rendered":"<p>\ud83c\udfa7 Erotik H\u00f6rbuch \u2013 Raey Weishaupt \u2013 Gangbang \u2013 Alle f\u00fcr eine, eine f\u00fcr alle Grenzenlose Lust, gemeinsames Verlangen \u2013 eine Fantasie voller intensiver Spannung. In \u201eGangbang \u2013 Alle f\u00fcr eine, eine f\u00fcr alle\u201c erz\u00e4hlt Raey Weishaupt eine ebenso direkte wie fesselnde erotische Fantasie. Im Mittelpunkt steht eine selbstbewusste Frau, die ihre W\u00fcnsche kennt \u2013 [&hellip;]<\/p>\n","protected":false},"featured_media":1818,"comment_status":"open","ping_status":"closed","template":"","meta":[],"product_brand":[],"product_cat":[30],"product_tag":[],"class_list":{"0":"post-1817","1":"product","2":"type-product","3":"status-publish","4":"has-post-thumbnail","6":"product_cat-erotik-hoerbuecher","8":"first","9":"instock","10":"sale","11":"virtual","12":"purchasable","13":"product-type-simple"},"jetpack_sharing_enabled":true,"_links":{"self":[{"href":"https:\/\/audiobook-24.com\/en\/wp-json\/wp\/v2\/product\/1817","targetHints":{"allow":["GET"]}}],"collection":[{"href":"https:\/\/audiobook-24.com\/en\/wp-json\/wp\/v2\/product"}],"about":[{"href":"https:\/\/audiobook-24.com\/en\/wp-json\/wp\/v2\/types\/product"}],"replies":[{"embeddable":true,"href":"https:\/\/audiobook-24.com\/en\/wp-json\/wp\/v2\/comments?post=1817"}],"wp:featuredmedia":[{"embeddable":true,"href":"https:\/\/audiobook-24.com\/en\/wp-json\/wp\/v2\/media\/1818"}],"wp:attachment":[{"href":"https:\/\/audiobook-24.com\/en\/wp-json\/wp\/v2\/media?parent=1817"}],"wp:term":[{"taxonomy":"product_brand","embeddable":true,"href":"https:\/\/audiobook-24.com\/en\/wp-json\/wp\/v2\/product_brand?post=1817"},{"taxonomy":"product_cat","embeddable":true,"href":"https:\/\/audiobook-24.com\/en\/wp-json\/wp\/v2\/product_cat?post=1817"},{"taxonomy":"product_tag","embeddable":true,"href":"https:\/\/audiobook-24.com\/en\/wp-json\/wp\/v2\/product_tag?post=1817"}],"curies":[{"name":"wp","href":"https:\/\/api.w.org\/{rel}","templated":true}]}}