{"id":1815,"date":"2025-11-30T04:21:26","date_gmt":"2025-11-30T04:21:26","guid":{"rendered":"https:\/\/audiobook-24.com\/?post_type=product&#038;p=1815"},"modified":"2025-11-30T04:21:26","modified_gmt":"2025-11-30T04:21:26","slug":"%f0%9f%8e%a7-erotik-hoerbuch-pervers-und-nymphoman-ab-18","status":"publish","type":"product","link":"https:\/\/audiobook-24.com\/en\/product\/%f0%9f%8e%a7-erotik-hoerbuch-pervers-und-nymphoman-ab-18\/","title":{"rendered":"\ud83c\udfa7 Erotik H\u00f6rbuch \u2013 Pervers und Nymphoman ab 18"},"content":{"rendered":"<h1 data-start=\"206\" data-end=\"255\">\ud83c\udfa7 <strong data-start=\"211\" data-end=\"253\">Erotik H\u00f6rbuch \u2013 Pervers und Nymphoman<\/strong><\/h1>\n<h3 data-start=\"256\" data-end=\"348\">Verbotene Fantasien, grenzenlose Sehnsucht \u2013 Geschichten voller intensiver Leidenschaft.<\/h3>\n<p data-start=\"350\" data-end=\"661\"><strong data-start=\"350\" data-end=\"377\">\u201ePervers und Nymphoman\u201c<\/strong> versammelt erotische Erz\u00e4hlungen, die tief in die Welt ungew\u00f6hnlicher W\u00fcnsche, geheime Begierden und verf\u00fchrerischer Fantasien eintauchen. Jede Geschichte er\u00f6ffnet eine neue Perspektive auf Lust, Hingabe und das Spiel mit Grenzen \u2013 sinnlich, atmosph\u00e4risch und emotional aufgeladen.<\/p>\n<p data-start=\"663\" data-end=\"921\">Die Stimmen der Sprecher:innen verleihen den Szenen Intensit\u00e4t und N\u00e4he, ohne den stilvollen Rahmen zu verlassen. So entsteht ein H\u00f6rbuch, das seine H\u00f6rer:innen gleichzeitig fesselt, verf\u00fchrt und in eine Welt entf\u00fchrt, in der jede Fantasie einen Raum findet.<\/p>\n<p data-start=\"923\" data-end=\"1016\"><strong data-start=\"923\" data-end=\"1016\">F\u00fcr alle, die erwachsene Erotik, fantasievolle Szenen und sinnliche Erz\u00e4hlkunst sch\u00e4tzen.<\/strong><\/p>\n<hr data-start=\"1018\" data-end=\"1021\" \/>\n<h3 data-start=\"1023\" data-end=\"1057\">\ud83d\udd0a <strong data-start=\"1030\" data-end=\"1055\">Format: H\u00f6rbuch (MP3)<\/strong><\/h3>\n<p data-start=\"1059\" data-end=\"1207\">\u2b07\ufe0f Sofortiger Download f\u00fcr Handy<br data-start=\"1091\" data-end=\"1094\" \/>\u2b07\ufe0f Sofortiger Download f\u00fcr PC<br data-start=\"1123\" data-end=\"1126\" \/>\u2b07\ufe0f Sofortiger Download f\u00fcr Tablet<br data-start=\"1159\" data-end=\"1162\" \/>\u2b07\ufe0f Kompatibel mit allen MP3-f\u00e4higen Ger\u00e4ten<\/p>\n<p data-start=\"1209\" data-end=\"1246\"><strong data-start=\"1209\" data-end=\"1246\">Einmal gekauft \u2013 f\u00fcr immer deins!<\/strong><\/p>","protected":false},"excerpt":{"rendered":"<p>\ud83c\udfa7 Erotik H\u00f6rbuch \u2013 Pervers und Nymphoman Verbotene Fantasien, grenzenlose Sehnsucht \u2013 Geschichten voller intensiver Leidenschaft. \u201ePervers und Nymphoman\u201c versammelt erotische Erz\u00e4hlungen, die tief in die Welt ungew\u00f6hnlicher W\u00fcnsche, geheime Begierden und verf\u00fchrerischer Fantasien eintauchen. Jede Geschichte er\u00f6ffnet eine neue Perspektive auf Lust, Hingabe und das Spiel mit Grenzen \u2013 sinnlich, atmosph\u00e4risch und emotional aufgeladen. [&hellip;]<\/p>\n","protected":false},"featured_media":1816,"comment_status":"open","ping_status":"closed","template":"","meta":[],"product_brand":[],"product_cat":[30],"product_tag":[],"class_list":{"0":"post-1815","1":"product","2":"type-product","3":"status-publish","4":"has-post-thumbnail","6":"product_cat-erotik-hoerbuecher","8":"first","9":"instock","10":"sale","11":"virtual","12":"purchasable","13":"product-type-simple"},"jetpack_sharing_enabled":true,"_links":{"self":[{"href":"https:\/\/audiobook-24.com\/en\/wp-json\/wp\/v2\/product\/1815","targetHints":{"allow":["GET"]}}],"collection":[{"href":"https:\/\/audiobook-24.com\/en\/wp-json\/wp\/v2\/product"}],"about":[{"href":"https:\/\/audiobook-24.com\/en\/wp-json\/wp\/v2\/types\/product"}],"replies":[{"embeddable":true,"href":"https:\/\/audiobook-24.com\/en\/wp-json\/wp\/v2\/comments?post=1815"}],"wp:featuredmedia":[{"embeddable":true,"href":"https:\/\/audiobook-24.com\/en\/wp-json\/wp\/v2\/media\/1816"}],"wp:attachment":[{"href":"https:\/\/audiobook-24.com\/en\/wp-json\/wp\/v2\/media?parent=1815"}],"wp:term":[{"taxonomy":"product_brand","embeddable":true,"href":"https:\/\/audiobook-24.com\/en\/wp-json\/wp\/v2\/product_brand?post=1815"},{"taxonomy":"product_cat","embeddable":true,"href":"https:\/\/audiobook-24.com\/en\/wp-json\/wp\/v2\/product_cat?post=1815"},{"taxonomy":"product_tag","embeddable":true,"href":"https:\/\/audiobook-24.com\/en\/wp-json\/wp\/v2\/product_tag?post=1815"}],"curies":[{"name":"wp","href":"https:\/\/api.w.org\/{rel}","templated":true}]}}