{"id":1813,"date":"2025-11-30T04:17:47","date_gmt":"2025-11-30T04:17:47","guid":{"rendered":"https:\/\/audiobook-24.com\/?post_type=product&#038;p=1813"},"modified":"2025-11-30T04:17:47","modified_gmt":"2025-11-30T04:17:47","slug":"%f0%9f%8e%a7-erotik-hoerbuch-nicole-loev-sandra-norrbin-ein-feuchter-mittsommernachtstraum-und-11-andere-erotische-fantasien-ungekuerzt","status":"publish","type":"product","link":"https:\/\/audiobook-24.com\/en\/product\/%f0%9f%8e%a7-erotik-hoerbuch-nicole-loev-sandra-norrbin-ein-feuchter-mittsommernachtstraum-und-11-andere-erotische-fantasien-ungekuerzt\/","title":{"rendered":"\ud83c\udfa7 Erotik H\u00f6rbuch \u2013 Nicole L\u00f6v &#038; Sandra Norrbin \u2013 Ein feuchter Mittsommernachtstraum und 11 andere erotische Fantasien (ungek\u00fcrzt)"},"content":{"rendered":"<h1 data-start=\"182\" data-end=\"320\">\ud83c\udfa7 <strong data-start=\"187\" data-end=\"318\">Erotik H\u00f6rbuch \u2013 Nicole L\u00f6v &amp; Sandra Norrbin \u2013 Ein feuchter Mittsommernachtstraum und 11 andere erotische Fantasien (ungek\u00fcrzt)<\/strong><\/h1>\n<h3 data-start=\"321\" data-end=\"418\">Sinnliche Sommern\u00e4chte, verf\u00fchrerische Begegnungen \u2013 ein H\u00f6rbuch voller prickelnder Fantasie.<\/h3>\n<p data-start=\"420\" data-end=\"750\">In <strong data-start=\"423\" data-end=\"497\">\u201eEin feuchter Mittsommernachtstraum und 11 andere erotische Fantasien\u201c<\/strong> entf\u00fchren Nicole L\u00f6v und Sandra Norrbin ihre H\u00f6rer in eine Welt voller Leidenschaft, Spannung und sinnlicher Tagtr\u00e4ume. Jede Geschichte \u00f6ffnet ein neues Fenster zu Sehns\u00fcchten, Verlockungen und Momenten, die Herz und Fantasie gleicherma\u00dfen befl\u00fcgeln.<\/p>\n<p data-start=\"752\" data-end=\"1076\">Ob zarte Ann\u00e4herung, geheime W\u00fcnsche oder \u00fcberraschende Begegnungen \u2013 dieses ungek\u00fcrzte H\u00f6rbuch spielt mit Atmosph\u00e4re, N\u00e4he und prickelnder Erotik, ohne den stilvollen Ton zu verlieren. Professionelle Sprecher:innen verleihen den Fantasien eine lebendige, emotionale Intensit\u00e4t, die den H\u00f6rer tief in jede Szene hineinzieht.<\/p>\n<p data-start=\"1078\" data-end=\"1201\"><strong data-start=\"1078\" data-end=\"1201\">Ein H\u00f6rbuch f\u00fcr alle, die sinnliche Erz\u00e4hlkunst, stimmungsvolle Spannung und erotische Fantasiewelten genie\u00dfen m\u00f6chten.<\/strong><\/p>\n<hr data-start=\"1203\" data-end=\"1206\" \/>\n<h3 data-start=\"1208\" data-end=\"1242\">\ud83d\udd0a <strong data-start=\"1215\" data-end=\"1240\">Format: H\u00f6rbuch (MP3)<\/strong><\/h3>\n<p data-start=\"1244\" data-end=\"1379\">\u2b07\ufe0f Sofortiger Download f\u00fcr Handy<br data-start=\"1276\" data-end=\"1279\" \/>\u2b07\ufe0f Sofortiger Download f\u00fcr PC<br data-start=\"1308\" data-end=\"1311\" \/>\u2b07\ufe0f Sofortiger Download f\u00fcr Tablet<br data-start=\"1344\" data-end=\"1347\" \/>\u2b07\ufe0f MP3-f\u00e4hig auf allen Ger\u00e4ten<\/p>\n<p data-start=\"1381\" data-end=\"1418\"><strong data-start=\"1381\" data-end=\"1418\">Einmal gekauft \u2013 f\u00fcr immer deins!<\/strong><\/p>","protected":false},"excerpt":{"rendered":"<p>\ud83c\udfa7 Erotik H\u00f6rbuch \u2013 Nicole L\u00f6v &amp; Sandra Norrbin \u2013 Ein feuchter Mittsommernachtstraum und 11 andere erotische Fantasien (ungek\u00fcrzt) Sinnliche Sommern\u00e4chte, verf\u00fchrerische Begegnungen \u2013 ein H\u00f6rbuch voller prickelnder Fantasie. In \u201eEin feuchter Mittsommernachtstraum und 11 andere erotische Fantasien\u201c entf\u00fchren Nicole L\u00f6v und Sandra Norrbin ihre H\u00f6rer in eine Welt voller Leidenschaft, Spannung und sinnlicher Tagtr\u00e4ume. [&hellip;]<\/p>\n","protected":false},"featured_media":1814,"comment_status":"open","ping_status":"closed","template":"","meta":[],"product_brand":[],"product_cat":[30],"product_tag":[],"class_list":{"0":"post-1813","1":"product","2":"type-product","3":"status-publish","4":"has-post-thumbnail","6":"product_cat-erotik-hoerbuecher","8":"first","9":"instock","10":"sale","11":"virtual","12":"purchasable","13":"product-type-simple"},"jetpack_sharing_enabled":true,"_links":{"self":[{"href":"https:\/\/audiobook-24.com\/en\/wp-json\/wp\/v2\/product\/1813","targetHints":{"allow":["GET"]}}],"collection":[{"href":"https:\/\/audiobook-24.com\/en\/wp-json\/wp\/v2\/product"}],"about":[{"href":"https:\/\/audiobook-24.com\/en\/wp-json\/wp\/v2\/types\/product"}],"replies":[{"embeddable":true,"href":"https:\/\/audiobook-24.com\/en\/wp-json\/wp\/v2\/comments?post=1813"}],"wp:featuredmedia":[{"embeddable":true,"href":"https:\/\/audiobook-24.com\/en\/wp-json\/wp\/v2\/media\/1814"}],"wp:attachment":[{"href":"https:\/\/audiobook-24.com\/en\/wp-json\/wp\/v2\/media?parent=1813"}],"wp:term":[{"taxonomy":"product_brand","embeddable":true,"href":"https:\/\/audiobook-24.com\/en\/wp-json\/wp\/v2\/product_brand?post=1813"},{"taxonomy":"product_cat","embeddable":true,"href":"https:\/\/audiobook-24.com\/en\/wp-json\/wp\/v2\/product_cat?post=1813"},{"taxonomy":"product_tag","embeddable":true,"href":"https:\/\/audiobook-24.com\/en\/wp-json\/wp\/v2\/product_tag?post=1813"}],"curies":[{"name":"wp","href":"https:\/\/api.w.org\/{rel}","templated":true}]}}