{"id":1811,"date":"2025-11-30T04:07:47","date_gmt":"2025-11-30T04:07:47","guid":{"rendered":"https:\/\/audiobook-24.com\/?post_type=product&#038;p=1811"},"modified":"2025-11-30T04:07:47","modified_gmt":"2025-11-30T04:07:47","slug":"%f0%9f%93%b1-erotik-e-reader-playboy-die-schoensten-des-jahres-2018","status":"publish","type":"product","link":"https:\/\/audiobook-24.com\/en\/product\/%f0%9f%93%b1-erotik-e-reader-playboy-die-schoensten-des-jahres-2018\/","title":{"rendered":"\ud83d\udcf1 Erotik E-Reader \u2013 Playboy \u2013 Die Sch\u00f6nsten des Jahres \u2013 2018"},"content":{"rendered":"<h1 data-start=\"178\" data-end=\"248\">\ud83d\udcf1 <strong data-start=\"183\" data-end=\"246\">Erotik E-Reader \u2013 Playboy \u2013 Die Sch\u00f6nsten des Jahres \u2013 2018<\/strong><\/h1>\n<h3 data-start=\"249\" data-end=\"347\">Eleganz, Ausstrahlung und erstklassige Fotografie \u2013 eine Hommage an die Highlights des Jahres.<\/h3>\n<p data-start=\"349\" data-end=\"728\">Die <strong data-start=\"353\" data-end=\"398\">Playboy \u2013 Die Sch\u00f6nsten des Jahres \u2013 2018<\/strong> Edition pr\u00e4sentiert eine exklusive Auswahl erwachsener Models, die im Laufe des Jahres durch besondere Eleganz, Pers\u00f6nlichkeit und visuelle St\u00e4rke \u00fcberzeugt haben. Jede Bildstrecke zeigt hochwertige Fotografie, sorgf\u00e4ltige Inszenierung und den unverwechselbaren Playboy-Stil, der \u00c4sthetik und Sinnlichkeit harmonisch verbindet.<\/p>\n<p data-start=\"730\" data-end=\"1040\">Strahlende Portr\u00e4ts, moderne Locations und stilvolle Posen verleihen der Ausgabe einen zeitlosen, luxuri\u00f6sen Charakter. Erg\u00e4nzt durch kleine Features, pers\u00f6nliche Einblicke und Lifestyle-Elemente entsteht eine Edition, die Sch\u00f6nheit in all ihren Facetten feiert \u2013 edel, selbstbewusst und visuell beeindruckend.<\/p>\n<p data-start=\"1042\" data-end=\"1160\"><strong data-start=\"1042\" data-end=\"1160\">Ein digitales Premium-Magazin f\u00fcr alle, die hochwertige Fotokunst, elegante Erotik und zeitlose \u00c4sthetik sch\u00e4tzen.<\/strong><\/p>\n<hr data-start=\"1162\" data-end=\"1165\" \/>\n<h3 data-start=\"1167\" data-end=\"1202\">\ud83d\udcd8 <strong data-start=\"1174\" data-end=\"1200\">Format: E-Reader (PDF)<\/strong><\/h3>\n<p data-start=\"1204\" data-end=\"1357\">\u2b07\ufe0f Sofortiger Download f\u00fcr Handy<br data-start=\"1236\" data-end=\"1239\" \/>\u2b07\ufe0f Sofortiger Download f\u00fcr PC<br data-start=\"1268\" data-end=\"1271\" \/>\u2b07\ufe0f Sofortiger Download f\u00fcr Tablet<br data-start=\"1304\" data-end=\"1307\" \/>\u2b07\ufe0f PDF-Download f\u00fcr alle E-Reader-f\u00e4higen Ger\u00e4te<\/p>\n<p data-start=\"1359\" data-end=\"1396\"><strong data-start=\"1359\" data-end=\"1396\">Einmal gekauft \u2013 f\u00fcr immer deins!<\/strong><\/p>","protected":false},"excerpt":{"rendered":"<p>\ud83d\udcf1 Erotik E-Reader \u2013 Playboy \u2013 Die Sch\u00f6nsten des Jahres \u2013 2018 Eleganz, Ausstrahlung und erstklassige Fotografie \u2013 eine Hommage an die Highlights des Jahres. Die Playboy \u2013 Die Sch\u00f6nsten des Jahres \u2013 2018 Edition pr\u00e4sentiert eine exklusive Auswahl erwachsener Models, die im Laufe des Jahres durch besondere Eleganz, Pers\u00f6nlichkeit und visuelle St\u00e4rke \u00fcberzeugt haben. [&hellip;]<\/p>\n","protected":false},"featured_media":1812,"comment_status":"open","ping_status":"closed","template":"","meta":[],"product_brand":[],"product_cat":[27],"product_tag":[],"class_list":{"0":"post-1811","1":"product","2":"type-product","3":"status-publish","4":"has-post-thumbnail","6":"product_cat-playboy-penthouse","8":"first","9":"instock","10":"sale","11":"virtual","12":"purchasable","13":"product-type-simple"},"jetpack_sharing_enabled":true,"_links":{"self":[{"href":"https:\/\/audiobook-24.com\/en\/wp-json\/wp\/v2\/product\/1811","targetHints":{"allow":["GET"]}}],"collection":[{"href":"https:\/\/audiobook-24.com\/en\/wp-json\/wp\/v2\/product"}],"about":[{"href":"https:\/\/audiobook-24.com\/en\/wp-json\/wp\/v2\/types\/product"}],"replies":[{"embeddable":true,"href":"https:\/\/audiobook-24.com\/en\/wp-json\/wp\/v2\/comments?post=1811"}],"wp:featuredmedia":[{"embeddable":true,"href":"https:\/\/audiobook-24.com\/en\/wp-json\/wp\/v2\/media\/1812"}],"wp:attachment":[{"href":"https:\/\/audiobook-24.com\/en\/wp-json\/wp\/v2\/media?parent=1811"}],"wp:term":[{"taxonomy":"product_brand","embeddable":true,"href":"https:\/\/audiobook-24.com\/en\/wp-json\/wp\/v2\/product_brand?post=1811"},{"taxonomy":"product_cat","embeddable":true,"href":"https:\/\/audiobook-24.com\/en\/wp-json\/wp\/v2\/product_cat?post=1811"},{"taxonomy":"product_tag","embeddable":true,"href":"https:\/\/audiobook-24.com\/en\/wp-json\/wp\/v2\/product_tag?post=1811"}],"curies":[{"name":"wp","href":"https:\/\/api.w.org\/{rel}","templated":true}]}}