{"id":181,"date":"2025-11-14T19:51:24","date_gmt":"2025-11-14T19:51:24","guid":{"rendered":"https:\/\/audiobook-24.com\/?post_type=product&#038;p=181"},"modified":"2025-11-14T19:59:30","modified_gmt":"2025-11-14T19:59:30","slug":"ebook-erotik-magazin-playboy-germany-spezial-28-februar-2020","status":"publish","type":"product","link":"https:\/\/audiobook-24.com\/en\/product\/ebook-erotik-magazin-playboy-germany-spezial-28-februar-2020\/","title":{"rendered":"eBook: Erotik Magazin \u2013 Playboy Germany Spezial \u2013 28. Februar 2020"},"content":{"rendered":"<h3 class=\"\">eBook: Erotik Magazin \u2013 Playboy Germany Spezial \u2013 28. Februar 2020<\/h3>\n<p class=\"\"><strong>\u201ePlayboy Germany Spezial \u2013 28. Februar 2020\u201c<\/strong>\u00a0ist eine exklusive Ausgabe, die die Leser in die faszinierende Welt der Erotik und Lifestyle entf\u00fchrt. Vollgepackt mit ansprechenden Artikeln und beeindruckenden Fotostrecken ist dies ein Muss f\u00fcr alle Fans des Magazins.<\/p>\n<p>Inhalt<\/p>\n<p class=\"\">In dieser Spezialausgabe erwarten Sie:<\/p>\n<ul class=\"\">\n<li class=\"\"><strong>Fesselnde Berichte \u00fcber die Erotik- und Lifestyle-Szene<\/strong><\/li>\n<li class=\"\"><strong>Verf\u00fchrerische Fotostrecken mit erstklassigen Models<\/strong><\/li>\n<li class=\"\"><strong>Exklusive Einblicke in das Leben prominenter Pers\u00f6nlichkeiten<\/strong><\/li>\n<\/ul>\n<p class=\"\">Die Vielfalt an Themen und die hochwertige Gestaltung machen dieses eBook besonders ansprechend.<\/p>\n<p>Format<\/p>\n<p class=\"\">Das eBook ist im\u00a0<strong>ePub- oder PDF-Format<\/strong>\u00a0verf\u00fcgbar und l\u00e4sst sich einfach auf verschiedenen Ger\u00e4ten lesen.<\/p>\n<hr \/>\n<p class=\"\">\ud83d\udcda\u00a0<strong>Lesen Sie das eBook auf Ihrem pers\u00f6nlichen Reader.<\/strong><br \/>\n<strong>\ud83d\udcf1 Handy\u2003|\u2003\ud83d\udcf2 Tablet\u2003|\u2003\ud83d\udcbb PC\u2003|\u2003\ud83d\udcd6 eBook Reader<\/strong><\/p>\n<p class=\"\">Wenn Sie das eBook herunterladen, geh\u00f6rt es f\u00fcr immer Ihnen!<\/p>","protected":false},"excerpt":{"rendered":"<p>eBook: Erotik Magazin \u2013 Playboy Germany Spezial \u2013 28. Februar 2020 \u201ePlayboy Germany Spezial \u2013 28. Februar 2020\u201c\u00a0ist eine exklusive Ausgabe, die die Leser in die faszinierende Welt der Erotik und Lifestyle entf\u00fchrt. Vollgepackt mit ansprechenden Artikeln und beeindruckenden Fotostrecken ist dies ein Muss f\u00fcr alle Fans des Magazins. Inhalt In dieser Spezialausgabe erwarten Sie: [&hellip;]<\/p>\n","protected":false},"featured_media":182,"comment_status":"open","ping_status":"closed","template":"","meta":[],"product_brand":[],"product_cat":[29,27],"product_tag":[],"class_list":{"0":"post-181","1":"product","2":"type-product","3":"status-publish","4":"has-post-thumbnail","6":"product_cat-erotik","7":"product_cat-playboy-penthouse","9":"first","10":"instock","11":"sale","12":"virtual","13":"purchasable","14":"product-type-simple"},"jetpack_sharing_enabled":true,"_links":{"self":[{"href":"https:\/\/audiobook-24.com\/en\/wp-json\/wp\/v2\/product\/181","targetHints":{"allow":["GET"]}}],"collection":[{"href":"https:\/\/audiobook-24.com\/en\/wp-json\/wp\/v2\/product"}],"about":[{"href":"https:\/\/audiobook-24.com\/en\/wp-json\/wp\/v2\/types\/product"}],"replies":[{"embeddable":true,"href":"https:\/\/audiobook-24.com\/en\/wp-json\/wp\/v2\/comments?post=181"}],"wp:featuredmedia":[{"embeddable":true,"href":"https:\/\/audiobook-24.com\/en\/wp-json\/wp\/v2\/media\/182"}],"wp:attachment":[{"href":"https:\/\/audiobook-24.com\/en\/wp-json\/wp\/v2\/media?parent=181"}],"wp:term":[{"taxonomy":"product_brand","embeddable":true,"href":"https:\/\/audiobook-24.com\/en\/wp-json\/wp\/v2\/product_brand?post=181"},{"taxonomy":"product_cat","embeddable":true,"href":"https:\/\/audiobook-24.com\/en\/wp-json\/wp\/v2\/product_cat?post=181"},{"taxonomy":"product_tag","embeddable":true,"href":"https:\/\/audiobook-24.com\/en\/wp-json\/wp\/v2\/product_tag?post=181"}],"curies":[{"name":"wp","href":"https:\/\/api.w.org\/{rel}","templated":true}]}}