{"id":1805,"date":"2025-11-30T03:43:46","date_gmt":"2025-11-30T03:43:46","guid":{"rendered":"https:\/\/audiobook-24.com\/?post_type=product&#038;p=1805"},"modified":"2025-11-30T03:43:46","modified_gmt":"2025-11-30T03:43:46","slug":"%f0%9f%93%b1-erotik-e-reader-me-by-maxine-january-july-2020","status":"publish","type":"product","link":"https:\/\/audiobook-24.com\/en\/product\/%f0%9f%93%b1-erotik-e-reader-me-by-maxine-january-july-2020\/","title":{"rendered":"\ud83d\udcf1 Erotik E-Reader \u2013 ME by Maxine \u2013 January\u2013July 2020"},"content":{"rendered":"<h1 data-start=\"185\" data-end=\"246\">\ud83d\udcf1 <strong data-start=\"190\" data-end=\"244\">Erotik E-Reader \u2013 ME by Maxine \u2013 January\u2013July 2020<\/strong><\/h1>\n<h3 data-start=\"247\" data-end=\"336\">Kreative Bildsprache, elegante Sinnlichkeit \u2013 eine Edition voller moderner Fotokunst.<\/h3>\n<p data-start=\"338\" data-end=\"670\">Die <strong data-start=\"342\" data-end=\"381\">ME by Maxine \u2013 January to July 2020<\/strong> Edition pr\u00e4sentiert eine sorgf\u00e4ltig kuratierte Auswahl erwachsener Models in k\u00fcnstlerisch inszenierten Fotoserien. Der typische ME-by-Maxine-Stil verbindet klare Linien, hochwertige \u00c4sthetik und eine pers\u00f6nliche, ruhige Bildsprache, die Ausdruck und Charakter in den Mittelpunkt stellt.<\/p>\n<p data-start=\"672\" data-end=\"966\">Mit abwechslungsreichen Locations, professioneller Lichtf\u00fchrung und feinem Gesp\u00fcr f\u00fcr Details entstehen Bildwelten, die zugleich modern, stimmungsvoll und stilvoll sinnlich wirken. Jede Serie vermittelt ihren eigenen visuellen Charme \u2013 mal elegant, mal verspielt, immer hochwertig fotografiert.<\/p>\n<p data-start=\"968\" data-end=\"1082\"><strong data-start=\"968\" data-end=\"1082\">Ein digitales Premium-Special f\u00fcr alle, die kreative Fotografie, dezente Erotik und moderne \u00c4sthetik sch\u00e4tzen.<\/strong><\/p>\n<hr data-start=\"1084\" data-end=\"1087\" \/>\n<h3 data-start=\"1089\" data-end=\"1124\">\ud83d\udcd8 <strong data-start=\"1096\" data-end=\"1122\">Format: E-Reader (PDF)<\/strong><\/h3>\n<p data-start=\"1126\" data-end=\"1279\">\u2b07\ufe0f Sofortiger Download f\u00fcr Handy<br data-start=\"1158\" data-end=\"1161\" \/>\u2b07\ufe0f Sofortiger Download f\u00fcr PC<br data-start=\"1190\" data-end=\"1193\" \/>\u2b07\ufe0f Sofortiger Download f\u00fcr Tablet<br data-start=\"1226\" data-end=\"1229\" \/>\u2b07\ufe0f PDF-Download f\u00fcr alle E-Reader-f\u00e4higen Ger\u00e4te<\/p>\n<p data-start=\"1281\" data-end=\"1318\"><strong data-start=\"1281\" data-end=\"1318\">Einmal gekauft \u2013 f\u00fcr immer deins!<\/strong><\/p>","protected":false},"excerpt":{"rendered":"<p>\ud83d\udcf1 Erotik E-Reader \u2013 ME by Maxine \u2013 January\u2013July 2020 Kreative Bildsprache, elegante Sinnlichkeit \u2013 eine Edition voller moderner Fotokunst. Die ME by Maxine \u2013 January to July 2020 Edition pr\u00e4sentiert eine sorgf\u00e4ltig kuratierte Auswahl erwachsener Models in k\u00fcnstlerisch inszenierten Fotoserien. Der typische ME-by-Maxine-Stil verbindet klare Linien, hochwertige \u00c4sthetik und eine pers\u00f6nliche, ruhige Bildsprache, die [&hellip;]<\/p>\n","protected":false},"featured_media":1806,"comment_status":"open","ping_status":"closed","template":"","meta":[],"product_brand":[],"product_cat":[32],"product_tag":[],"class_list":{"0":"post-1805","1":"product","2":"type-product","3":"status-publish","4":"has-post-thumbnail","6":"product_cat-us-hustler-usw","8":"first","9":"instock","10":"sale","11":"virtual","12":"purchasable","13":"product-type-simple"},"jetpack_sharing_enabled":true,"_links":{"self":[{"href":"https:\/\/audiobook-24.com\/en\/wp-json\/wp\/v2\/product\/1805","targetHints":{"allow":["GET"]}}],"collection":[{"href":"https:\/\/audiobook-24.com\/en\/wp-json\/wp\/v2\/product"}],"about":[{"href":"https:\/\/audiobook-24.com\/en\/wp-json\/wp\/v2\/types\/product"}],"replies":[{"embeddable":true,"href":"https:\/\/audiobook-24.com\/en\/wp-json\/wp\/v2\/comments?post=1805"}],"wp:featuredmedia":[{"embeddable":true,"href":"https:\/\/audiobook-24.com\/en\/wp-json\/wp\/v2\/media\/1806"}],"wp:attachment":[{"href":"https:\/\/audiobook-24.com\/en\/wp-json\/wp\/v2\/media?parent=1805"}],"wp:term":[{"taxonomy":"product_brand","embeddable":true,"href":"https:\/\/audiobook-24.com\/en\/wp-json\/wp\/v2\/product_brand?post=1805"},{"taxonomy":"product_cat","embeddable":true,"href":"https:\/\/audiobook-24.com\/en\/wp-json\/wp\/v2\/product_cat?post=1805"},{"taxonomy":"product_tag","embeddable":true,"href":"https:\/\/audiobook-24.com\/en\/wp-json\/wp\/v2\/product_tag?post=1805"}],"curies":[{"name":"wp","href":"https:\/\/api.w.org\/{rel}","templated":true}]}}