{"id":1803,"date":"2025-11-30T03:37:03","date_gmt":"2025-11-30T03:37:03","guid":{"rendered":"https:\/\/audiobook-24.com\/?post_type=product&#038;p=1803"},"modified":"2025-11-30T03:37:03","modified_gmt":"2025-11-30T03:37:03","slug":"%f0%9f%93%b1-erotik-e-reader-outdoor-girls-adult-photo-magazine-october-2020","status":"publish","type":"product","link":"https:\/\/audiobook-24.com\/en\/product\/%f0%9f%93%b1-erotik-e-reader-outdoor-girls-adult-photo-magazine-october-2020\/","title":{"rendered":"\ud83d\udcf1 Erotik E-Reader \u2013 Outdoor Girls Adult Photo Magazine \u2013 October 2020"},"content":{"rendered":"<hr data-start=\"160\" data-end=\"163\" \/>\n<h1 data-start=\"165\" data-end=\"243\">\ud83d\udcf1 <strong data-start=\"170\" data-end=\"241\">Erotik E-Reader \u2013 Outdoor Girls Adult Photo Magazine \u2013 October 2020<\/strong><\/h1>\n<h3 data-start=\"244\" data-end=\"350\">Goldene Herbstfarben, nat\u00fcrliche Eleganz \u2013 eine Ausgabe voller erwachsener, \u00e4sthetischer Sinnlichkeit.<\/h3>\n<p data-start=\"352\" data-end=\"674\">Das <strong data-start=\"356\" data-end=\"409\">Outdoor Girls Adult Photo Magazine \u2013 October 2020<\/strong> pr\u00e4sentiert hochwertige Fotoserien erwachsener Models in herbstlich gepr\u00e4gten Landschaften. Warmes Licht, weiche Naturt\u00f6ne und atmosph\u00e4rische Outdoor-Szenen schaffen eine ruhige, elegante Bildwelt, die Nat\u00fcrlichkeit und moderne Sinnlichkeit harmonisch verbindet.<\/p>\n<p data-start=\"676\" data-end=\"981\">Professionelle Inszenierungen, abwechslungsreiche Locations und stilvolle Kompositionen sorgen daf\u00fcr, dass jede Serie ihren ganz eigenen Charakter entfaltet. Die Kombination aus Natur, Licht und Pers\u00f6nlichkeit macht diese Ausgabe zu einem visuellen Highlight f\u00fcr Liebhaber klarer, hochwertiger Fotografie.<\/p>\n<p data-start=\"983\" data-end=\"1107\"><strong data-start=\"983\" data-end=\"1107\">Ein digitales Magazin f\u00fcr alle, die nat\u00fcrliche Erotik, feine Bild\u00e4sthetik und professionelle Outdoor-Fotokunst sch\u00e4tzen.<\/strong><\/p>\n<hr data-start=\"1109\" data-end=\"1112\" \/>\n<h3 data-start=\"1114\" data-end=\"1149\">\ud83d\udcd8 <strong data-start=\"1121\" data-end=\"1147\">Format: E-Reader (PDF)<\/strong><\/h3>\n<p data-start=\"1151\" data-end=\"1304\">\u2b07\ufe0f Sofortiger Download f\u00fcr Handy<br data-start=\"1183\" data-end=\"1186\" \/>\u2b07\ufe0f Sofortiger Download f\u00fcr PC<br data-start=\"1215\" data-end=\"1218\" \/>\u2b07\ufe0f Sofortiger Download f\u00fcr Tablet<br data-start=\"1251\" data-end=\"1254\" \/>\u2b07\ufe0f PDF-Download f\u00fcr alle E-Reader-f\u00e4higen Ger\u00e4te<\/p>\n<p data-start=\"1306\" data-end=\"1343\"><strong data-start=\"1306\" data-end=\"1343\">Einmal gekauft \u2013 f\u00fcr immer deins!<\/strong><\/p>","protected":false},"excerpt":{"rendered":"<p>\ud83d\udcf1 Erotik E-Reader \u2013 Outdoor Girls Adult Photo Magazine \u2013 October 2020 Goldene Herbstfarben, nat\u00fcrliche Eleganz \u2013 eine Ausgabe voller erwachsener, \u00e4sthetischer Sinnlichkeit. Das Outdoor Girls Adult Photo Magazine \u2013 October 2020 pr\u00e4sentiert hochwertige Fotoserien erwachsener Models in herbstlich gepr\u00e4gten Landschaften. Warmes Licht, weiche Naturt\u00f6ne und atmosph\u00e4rische Outdoor-Szenen schaffen eine ruhige, elegante Bildwelt, die Nat\u00fcrlichkeit [&hellip;]<\/p>\n","protected":false},"featured_media":1804,"comment_status":"open","ping_status":"closed","template":"","meta":[],"product_brand":[],"product_cat":[32],"product_tag":[],"class_list":{"0":"post-1803","1":"product","2":"type-product","3":"status-publish","4":"has-post-thumbnail","6":"product_cat-us-hustler-usw","8":"first","9":"instock","10":"sale","11":"virtual","12":"purchasable","13":"product-type-simple"},"jetpack_sharing_enabled":true,"_links":{"self":[{"href":"https:\/\/audiobook-24.com\/en\/wp-json\/wp\/v2\/product\/1803","targetHints":{"allow":["GET"]}}],"collection":[{"href":"https:\/\/audiobook-24.com\/en\/wp-json\/wp\/v2\/product"}],"about":[{"href":"https:\/\/audiobook-24.com\/en\/wp-json\/wp\/v2\/types\/product"}],"replies":[{"embeddable":true,"href":"https:\/\/audiobook-24.com\/en\/wp-json\/wp\/v2\/comments?post=1803"}],"wp:featuredmedia":[{"embeddable":true,"href":"https:\/\/audiobook-24.com\/en\/wp-json\/wp\/v2\/media\/1804"}],"wp:attachment":[{"href":"https:\/\/audiobook-24.com\/en\/wp-json\/wp\/v2\/media?parent=1803"}],"wp:term":[{"taxonomy":"product_brand","embeddable":true,"href":"https:\/\/audiobook-24.com\/en\/wp-json\/wp\/v2\/product_brand?post=1803"},{"taxonomy":"product_cat","embeddable":true,"href":"https:\/\/audiobook-24.com\/en\/wp-json\/wp\/v2\/product_cat?post=1803"},{"taxonomy":"product_tag","embeddable":true,"href":"https:\/\/audiobook-24.com\/en\/wp-json\/wp\/v2\/product_tag?post=1803"}],"curies":[{"name":"wp","href":"https:\/\/api.w.org\/{rel}","templated":true}]}}