{"id":1801,"date":"2025-11-30T03:23:23","date_gmt":"2025-11-30T03:23:23","guid":{"rendered":"https:\/\/audiobook-24.com\/?post_type=product&#038;p=1801"},"modified":"2025-11-30T03:23:23","modified_gmt":"2025-11-30T03:23:23","slug":"%f0%9f%93%b1-erotik-e-reader-outdoor-girls-adult-photo-magazine-november-2020","status":"publish","type":"product","link":"https:\/\/audiobook-24.com\/en\/product\/%f0%9f%93%b1-erotik-e-reader-outdoor-girls-adult-photo-magazine-november-2020\/","title":{"rendered":"\ud83d\udcf1 Erotik E-Reader \u2013 Outdoor Girls Adult Photo Magazine \u2013 November 2020"},"content":{"rendered":"<h1 data-start=\"160\" data-end=\"239\">\ud83d\udcf1 <strong data-start=\"165\" data-end=\"237\">Erotik E-Reader \u2013 Outdoor Girls Adult Photo Magazine \u2013 November 2020<\/strong><\/h1>\n<h3 data-start=\"240\" data-end=\"351\">Nat\u00fcrliche \u00c4sthetik, stimmungsvolle Landschaften \u2013 eine Ausgabe voller erwachsener, eleganter Sinnlichkeit.<\/h3>\n<p data-start=\"353\" data-end=\"650\">Das <strong data-start=\"357\" data-end=\"411\">Outdoor Girls Adult Photo Magazine \u2013 November 2020<\/strong> pr\u00e4sentiert hochwertige Fotoserien erwachsener Models in abwechslungsreichen Naturkulissen. Sanftes Licht, nat\u00fcrliche Farben und weite Outdoor-Settings verleihen jeder Bildstrecke eine ruhige, authentische und visuell starke Atmosph\u00e4re.<\/p>\n<p data-start=\"652\" data-end=\"897\">Die Szenen setzen auf Nat\u00fcrlichkeit, Pers\u00f6nlichkeit und eine moderne, \u00e4sthetische Bildsprache. Professionelle Inszenierung, harmonische Kompositionen und feine Details ergeben zusammen ein Magazin, das Eleganz und Outdoor-Charme perfekt vereint.<\/p>\n<p data-start=\"899\" data-end=\"1024\"><strong data-start=\"899\" data-end=\"1024\">Ein digitales Magazin f\u00fcr alle, die nat\u00fcrliche Erotik, stilvolle Fotokunst und hochwertige Outdoor-Inszenierungen lieben.<\/strong><\/p>\n<hr data-start=\"1026\" data-end=\"1029\" \/>\n<h3 data-start=\"1031\" data-end=\"1066\">\ud83d\udcd8 <strong data-start=\"1038\" data-end=\"1064\">Format: E-Reader (PDF)<\/strong><\/h3>\n<p data-start=\"1068\" data-end=\"1221\">\u2b07\ufe0f Sofortiger Download f\u00fcr Handy<br data-start=\"1100\" data-end=\"1103\" \/>\u2b07\ufe0f Sofortiger Download f\u00fcr PC<br data-start=\"1132\" data-end=\"1135\" \/>\u2b07\ufe0f Sofortiger Download f\u00fcr Tablet<br data-start=\"1168\" data-end=\"1171\" \/>\u2b07\ufe0f PDF-Download f\u00fcr alle E-Reader-f\u00e4higen Ger\u00e4te<\/p>\n<p data-start=\"1223\" data-end=\"1260\"><strong data-start=\"1223\" data-end=\"1260\">Einmal gekauft \u2013 f\u00fcr immer deins!<\/strong><\/p>","protected":false},"excerpt":{"rendered":"<p>\ud83d\udcf1 Erotik E-Reader \u2013 Outdoor Girls Adult Photo Magazine \u2013 November 2020 Nat\u00fcrliche \u00c4sthetik, stimmungsvolle Landschaften \u2013 eine Ausgabe voller erwachsener, eleganter Sinnlichkeit. Das Outdoor Girls Adult Photo Magazine \u2013 November 2020 pr\u00e4sentiert hochwertige Fotoserien erwachsener Models in abwechslungsreichen Naturkulissen. Sanftes Licht, nat\u00fcrliche Farben und weite Outdoor-Settings verleihen jeder Bildstrecke eine ruhige, authentische und visuell [&hellip;]<\/p>\n","protected":false},"featured_media":1802,"comment_status":"open","ping_status":"closed","template":"","meta":[],"product_brand":[],"product_cat":[32],"product_tag":[],"class_list":{"0":"post-1801","1":"product","2":"type-product","3":"status-publish","4":"has-post-thumbnail","6":"product_cat-us-hustler-usw","8":"first","9":"instock","10":"sale","11":"virtual","12":"purchasable","13":"product-type-simple"},"jetpack_sharing_enabled":true,"_links":{"self":[{"href":"https:\/\/audiobook-24.com\/en\/wp-json\/wp\/v2\/product\/1801","targetHints":{"allow":["GET"]}}],"collection":[{"href":"https:\/\/audiobook-24.com\/en\/wp-json\/wp\/v2\/product"}],"about":[{"href":"https:\/\/audiobook-24.com\/en\/wp-json\/wp\/v2\/types\/product"}],"replies":[{"embeddable":true,"href":"https:\/\/audiobook-24.com\/en\/wp-json\/wp\/v2\/comments?post=1801"}],"wp:featuredmedia":[{"embeddable":true,"href":"https:\/\/audiobook-24.com\/en\/wp-json\/wp\/v2\/media\/1802"}],"wp:attachment":[{"href":"https:\/\/audiobook-24.com\/en\/wp-json\/wp\/v2\/media?parent=1801"}],"wp:term":[{"taxonomy":"product_brand","embeddable":true,"href":"https:\/\/audiobook-24.com\/en\/wp-json\/wp\/v2\/product_brand?post=1801"},{"taxonomy":"product_cat","embeddable":true,"href":"https:\/\/audiobook-24.com\/en\/wp-json\/wp\/v2\/product_cat?post=1801"},{"taxonomy":"product_tag","embeddable":true,"href":"https:\/\/audiobook-24.com\/en\/wp-json\/wp\/v2\/product_tag?post=1801"}],"curies":[{"name":"wp","href":"https:\/\/api.w.org\/{rel}","templated":true}]}}