{"id":180,"date":"2025-11-14T19:49:30","date_gmt":"2025-11-14T19:49:30","guid":{"rendered":"https:\/\/audiobook-24.com\/?post_type=product&#038;p=180"},"modified":"2025-11-14T19:49:30","modified_gmt":"2025-11-14T19:49:30","slug":"ebook-erotik-magazin-playboy-dezember-2022","status":"publish","type":"product","link":"https:\/\/audiobook-24.com\/en\/product\/ebook-erotik-magazin-playboy-dezember-2022\/","title":{"rendered":"eBook: Erotik Magazin \u2013 Playboy \u2013 Dezember 2022"},"content":{"rendered":"<h3 class=\"\">eBook: Erotik Magazin \u2013 Playboy \u2013 Dezember 2022<\/h3>\n<p class=\"\"><strong>\u201ePlayboy \u2013 Dezember 2022\u201c<\/strong>\u00a0bietet eine spannende und verf\u00fchrerische Lekt\u00fcre, die die Leser in die Welt der Erotik eintauchen l\u00e4sst. Diese Ausgabe verspricht ein ansprechendes Mix aus Essays, Fotostrecken und Interviews.<\/p>\n<p>Inhalt<\/p>\n<p class=\"\">In dieser Ausgabe erwarten Sie:<\/p>\n<ul class=\"\">\n<li class=\"\"><strong>Verf\u00fchrerische Fotostrecken von Models und Stars<\/strong><\/li>\n<li class=\"\"><strong>Gehaltvolle Artikel \u00fcber Beziehungen und Sexualit\u00e4t<\/strong><\/li>\n<li class=\"\"><strong>Exklusive Interviews mit einflussreichen Pers\u00f6nlichkeiten<\/strong><\/li>\n<\/ul>\n<p class=\"\">Die grazile Aufmachung und die anregenden Themen sorgen f\u00fcr ein unvergessliches Leseerlebnis.<\/p>\n<p>Format<\/p>\n<p class=\"\">Das eBook ist im\u00a0<strong>ePub- oder PDF-Format<\/strong>\u00a0verf\u00fcgbar und l\u00e4sst sich einfach auf verschiedenen Ger\u00e4ten lesen.<\/p>\n<hr \/>\n<p class=\"\">\ud83d\udcda\u00a0<strong>Lesen Sie das eBook auf Ihrem pers\u00f6nlichen Reader.<\/strong><\/p>\n<p class=\"\"><strong>\ud83d\udcf1 Handy\u2003|\u2003\ud83d\udcf2 Tablet\u2003|\u2003\ud83d\udcbb PC\u2003|\u2003\ud83d\udcd6 eBook Reader<\/strong><\/p>","protected":false},"excerpt":{"rendered":"<p>eBook: Erotik Magazin \u2013 Playboy \u2013 Dezember 2022 \u201ePlayboy \u2013 Dezember 2022\u201c\u00a0bietet eine spannende und verf\u00fchrerische Lekt\u00fcre, die die Leser in die Welt der Erotik eintauchen l\u00e4sst. Diese Ausgabe verspricht ein ansprechendes Mix aus Essays, Fotostrecken und Interviews. Inhalt In dieser Ausgabe erwarten Sie: Verf\u00fchrerische Fotostrecken von Models und Stars Gehaltvolle Artikel \u00fcber Beziehungen und [&hellip;]<\/p>\n","protected":false},"featured_media":179,"comment_status":"open","ping_status":"closed","template":"","meta":[],"product_brand":[],"product_cat":[27],"product_tag":[],"class_list":{"0":"post-180","1":"product","2":"type-product","3":"status-publish","4":"has-post-thumbnail","6":"product_cat-playboy-penthouse","8":"first","9":"instock","10":"sale","11":"virtual","12":"purchasable","13":"product-type-simple"},"jetpack_sharing_enabled":true,"_links":{"self":[{"href":"https:\/\/audiobook-24.com\/en\/wp-json\/wp\/v2\/product\/180","targetHints":{"allow":["GET"]}}],"collection":[{"href":"https:\/\/audiobook-24.com\/en\/wp-json\/wp\/v2\/product"}],"about":[{"href":"https:\/\/audiobook-24.com\/en\/wp-json\/wp\/v2\/types\/product"}],"replies":[{"embeddable":true,"href":"https:\/\/audiobook-24.com\/en\/wp-json\/wp\/v2\/comments?post=180"}],"wp:featuredmedia":[{"embeddable":true,"href":"https:\/\/audiobook-24.com\/en\/wp-json\/wp\/v2\/media\/179"}],"wp:attachment":[{"href":"https:\/\/audiobook-24.com\/en\/wp-json\/wp\/v2\/media?parent=180"}],"wp:term":[{"taxonomy":"product_brand","embeddable":true,"href":"https:\/\/audiobook-24.com\/en\/wp-json\/wp\/v2\/product_brand?post=180"},{"taxonomy":"product_cat","embeddable":true,"href":"https:\/\/audiobook-24.com\/en\/wp-json\/wp\/v2\/product_cat?post=180"},{"taxonomy":"product_tag","embeddable":true,"href":"https:\/\/audiobook-24.com\/en\/wp-json\/wp\/v2\/product_tag?post=180"}],"curies":[{"name":"wp","href":"https:\/\/api.w.org\/{rel}","templated":true}]}}