{"id":1799,"date":"2025-11-30T03:18:17","date_gmt":"2025-11-30T03:18:17","guid":{"rendered":"https:\/\/audiobook-24.com\/?post_type=product&#038;p=1799"},"modified":"2025-11-30T03:18:17","modified_gmt":"2025-11-30T03:18:17","slug":"%f0%9f%93%b1-erotik-e-reader-outdoor-girls-adult-photo-magazine-january-2021","status":"publish","type":"product","link":"https:\/\/audiobook-24.com\/en\/product\/%f0%9f%93%b1-erotik-e-reader-outdoor-girls-adult-photo-magazine-january-2021\/","title":{"rendered":"\ud83d\udcf1 Erotik E-Reader \u2013 Outdoor Girls Adult Photo Magazine \u2013 January 2021"},"content":{"rendered":"<h1 data-start=\"179\" data-end=\"257\">\ud83d\udcf1 <strong data-start=\"184\" data-end=\"255\">Erotik E-Reader \u2013 Outdoor Girls Adult Photo Magazine \u2013 January 2021<\/strong><\/h1>\n<h3 data-start=\"258\" data-end=\"350\">Frische Natur, klare \u00c4sthetik \u2013 eine Ausgabe voller erwachsener, eleganter Sinnlichkeit.<\/h3>\n<p data-start=\"352\" data-end=\"690\">Das <strong data-start=\"356\" data-end=\"409\">Outdoor Girls Adult Photo Magazine \u2013 January 2021<\/strong> pr\u00e4sentiert \u00e4sthetische Fotoserien erwachsener Models in weiten, nat\u00fcrlichen Outdoor-Umgebungen. Die Kombination aus frischem Licht, offenen Landschaften und modernen Kompositionen erzeugt eine ruhige, hochwertige Bildsprache, die Nat\u00fcrlichkeit und Eleganz harmonisch verbindet.<\/p>\n<p data-start=\"692\" data-end=\"947\">Jede Fotostrecke setzt auf Pers\u00f6nlichkeit, Ausstrahlung und authentische Stimmung. Die sorgf\u00e4ltig gew\u00e4hlten Locations, harmonischen Farben und stilvollen Inszenierungen verleihen dieser Ausgabe eine klare, moderne und gleichzeitig nat\u00fcrliche Sinnlichkeit.<\/p>\n<p data-start=\"949\" data-end=\"1075\"><strong data-start=\"949\" data-end=\"1075\">Ein digitales Magazin f\u00fcr alle, die hochwertige Outdoor-Fotografie, nat\u00fcrliche Erotik und \u00e4sthetische Bildwelten sch\u00e4tzen.<\/strong><\/p>\n<hr data-start=\"1077\" data-end=\"1080\" \/>\n<h3 data-start=\"1082\" data-end=\"1117\">\ud83d\udcd8 <strong data-start=\"1089\" data-end=\"1115\">Format: E-Reader (PDF)<\/strong><\/h3>\n<p data-start=\"1119\" data-end=\"1272\">\u2b07\ufe0f Sofortiger Download f\u00fcr Handy<br data-start=\"1151\" data-end=\"1154\" \/>\u2b07\ufe0f Sofortiger Download f\u00fcr PC<br data-start=\"1183\" data-end=\"1186\" \/>\u2b07\ufe0f Sofortiger Download f\u00fcr Tablet<br data-start=\"1219\" data-end=\"1222\" \/>\u2b07\ufe0f PDF-Download f\u00fcr alle E-Reader-f\u00e4higen Ger\u00e4te<\/p>\n<p data-start=\"1274\" data-end=\"1311\"><strong data-start=\"1274\" data-end=\"1311\">Einmal gekauft \u2013 f\u00fcr immer deins!<\/strong><\/p>","protected":false},"excerpt":{"rendered":"<p>\ud83d\udcf1 Erotik E-Reader \u2013 Outdoor Girls Adult Photo Magazine \u2013 January 2021 Frische Natur, klare \u00c4sthetik \u2013 eine Ausgabe voller erwachsener, eleganter Sinnlichkeit. Das Outdoor Girls Adult Photo Magazine \u2013 January 2021 pr\u00e4sentiert \u00e4sthetische Fotoserien erwachsener Models in weiten, nat\u00fcrlichen Outdoor-Umgebungen. Die Kombination aus frischem Licht, offenen Landschaften und modernen Kompositionen erzeugt eine ruhige, hochwertige [&hellip;]<\/p>\n","protected":false},"featured_media":1800,"comment_status":"open","ping_status":"closed","template":"","meta":[],"product_brand":[],"product_cat":[32],"product_tag":[],"class_list":{"0":"post-1799","1":"product","2":"type-product","3":"status-publish","4":"has-post-thumbnail","6":"product_cat-us-hustler-usw","8":"first","9":"instock","10":"sale","11":"virtual","12":"purchasable","13":"product-type-simple"},"jetpack_sharing_enabled":true,"_links":{"self":[{"href":"https:\/\/audiobook-24.com\/en\/wp-json\/wp\/v2\/product\/1799","targetHints":{"allow":["GET"]}}],"collection":[{"href":"https:\/\/audiobook-24.com\/en\/wp-json\/wp\/v2\/product"}],"about":[{"href":"https:\/\/audiobook-24.com\/en\/wp-json\/wp\/v2\/types\/product"}],"replies":[{"embeddable":true,"href":"https:\/\/audiobook-24.com\/en\/wp-json\/wp\/v2\/comments?post=1799"}],"wp:featuredmedia":[{"embeddable":true,"href":"https:\/\/audiobook-24.com\/en\/wp-json\/wp\/v2\/media\/1800"}],"wp:attachment":[{"href":"https:\/\/audiobook-24.com\/en\/wp-json\/wp\/v2\/media?parent=1799"}],"wp:term":[{"taxonomy":"product_brand","embeddable":true,"href":"https:\/\/audiobook-24.com\/en\/wp-json\/wp\/v2\/product_brand?post=1799"},{"taxonomy":"product_cat","embeddable":true,"href":"https:\/\/audiobook-24.com\/en\/wp-json\/wp\/v2\/product_cat?post=1799"},{"taxonomy":"product_tag","embeddable":true,"href":"https:\/\/audiobook-24.com\/en\/wp-json\/wp\/v2\/product_tag?post=1799"}],"curies":[{"name":"wp","href":"https:\/\/api.w.org\/{rel}","templated":true}]}}