{"id":1795,"date":"2025-11-30T03:14:07","date_gmt":"2025-11-30T03:14:07","guid":{"rendered":"https:\/\/audiobook-24.com\/?post_type=product&#038;p=1795"},"modified":"2025-11-30T03:14:07","modified_gmt":"2025-11-30T03:14:07","slug":"%f0%9f%93%b1-erotik-e-reader-outdoor-girls-adult-photo-magazine-september-2020","status":"publish","type":"product","link":"https:\/\/audiobook-24.com\/en\/product\/%f0%9f%93%b1-erotik-e-reader-outdoor-girls-adult-photo-magazine-september-2020\/","title":{"rendered":"\ud83d\udcf1 Erotik E-Reader \u2013 Outdoor Girls Adult Photo Magazine \u2013 September 2020"},"content":{"rendered":"<h1 data-start=\"165\" data-end=\"245\">\ud83d\udcf1 <strong data-start=\"170\" data-end=\"243\">Erotik E-Reader \u2013 Outdoor Girls Adult Photo Magazine \u2013 September 2020<\/strong><\/h1>\n<h3 data-start=\"246\" data-end=\"353\">Nat\u00fcrliche Sch\u00f6nheit, offene Landschaften \u2013 eine Ausgabe voller erwachsener, \u00e4sthetischer Sinnlichkeit.<\/h3>\n<p data-start=\"355\" data-end=\"674\">Das <strong data-start=\"359\" data-end=\"414\">Outdoor Girls Adult Photo Magazine \u2013 September 2020<\/strong> pr\u00e4sentiert hochwertige Fotoserien erwachsener Models in weitl\u00e4ufigen, nat\u00fcrlichen Umgebungen. Warme Sonnenlichteffekte, offene Landschaften und frische Outdoor-Atmosph\u00e4re schaffen eine visuelle Mischung aus Nat\u00fcrlichkeit, Eleganz und moderner Sinnlichkeit.<\/p>\n<p data-start=\"676\" data-end=\"966\">Die Bildstrecken setzen auf Pers\u00f6nlichkeit, Ausstrahlung und eine harmonische Verbindung zwischen Model und Natur. Abwechslungsreiche Locations, stilvolle Kompositionen und feine Lichtf\u00fchrung verleihen der Ausgabe einen ruhigen, authentischen und zugleich hochwertig \u00e4sthetischen Charakter.<\/p>\n<p data-start=\"968\" data-end=\"1102\"><strong data-start=\"968\" data-end=\"1102\">Ein digitales Magazin f\u00fcr alle, die nat\u00fcrliche Erotik, klare Bildwelten und professionell fotografierte Outdoor-\u00c4sthetik sch\u00e4tzen.<\/strong><\/p>\n<hr data-start=\"1104\" data-end=\"1107\" \/>\n<h3 data-start=\"1109\" data-end=\"1144\">\ud83d\udcd8 <strong data-start=\"1116\" data-end=\"1142\">Format: E-Reader (PDF)<\/strong><\/h3>\n<p data-start=\"1146\" data-end=\"1299\">\u2b07\ufe0f Sofortiger Download f\u00fcr Handy<br data-start=\"1178\" data-end=\"1181\" \/>\u2b07\ufe0f Sofortiger Download f\u00fcr PC<br data-start=\"1210\" data-end=\"1213\" \/>\u2b07\ufe0f Sofortiger Download f\u00fcr Tablet<br data-start=\"1246\" data-end=\"1249\" \/>\u2b07\ufe0f PDF-Download f\u00fcr alle E-Reader-f\u00e4higen Ger\u00e4te<\/p>\n<p data-start=\"1301\" data-end=\"1338\"><strong data-start=\"1301\" data-end=\"1338\">Einmal gekauft \u2013 f\u00fcr immer deins!<\/strong><\/p>","protected":false},"excerpt":{"rendered":"<p>\ud83d\udcf1 Erotik E-Reader \u2013 Outdoor Girls Adult Photo Magazine \u2013 September 2020 Nat\u00fcrliche Sch\u00f6nheit, offene Landschaften \u2013 eine Ausgabe voller erwachsener, \u00e4sthetischer Sinnlichkeit. Das Outdoor Girls Adult Photo Magazine \u2013 September 2020 pr\u00e4sentiert hochwertige Fotoserien erwachsener Models in weitl\u00e4ufigen, nat\u00fcrlichen Umgebungen. Warme Sonnenlichteffekte, offene Landschaften und frische Outdoor-Atmosph\u00e4re schaffen eine visuelle Mischung aus Nat\u00fcrlichkeit, Eleganz [&hellip;]<\/p>\n","protected":false},"featured_media":1796,"comment_status":"open","ping_status":"closed","template":"","meta":[],"product_brand":[],"product_cat":[32],"product_tag":[],"class_list":{"0":"post-1795","1":"product","2":"type-product","3":"status-publish","4":"has-post-thumbnail","6":"product_cat-us-hustler-usw","8":"first","9":"instock","10":"sale","11":"virtual","12":"purchasable","13":"product-type-simple"},"jetpack_sharing_enabled":true,"_links":{"self":[{"href":"https:\/\/audiobook-24.com\/en\/wp-json\/wp\/v2\/product\/1795","targetHints":{"allow":["GET"]}}],"collection":[{"href":"https:\/\/audiobook-24.com\/en\/wp-json\/wp\/v2\/product"}],"about":[{"href":"https:\/\/audiobook-24.com\/en\/wp-json\/wp\/v2\/types\/product"}],"replies":[{"embeddable":true,"href":"https:\/\/audiobook-24.com\/en\/wp-json\/wp\/v2\/comments?post=1795"}],"wp:featuredmedia":[{"embeddable":true,"href":"https:\/\/audiobook-24.com\/en\/wp-json\/wp\/v2\/media\/1796"}],"wp:attachment":[{"href":"https:\/\/audiobook-24.com\/en\/wp-json\/wp\/v2\/media?parent=1795"}],"wp:term":[{"taxonomy":"product_brand","embeddable":true,"href":"https:\/\/audiobook-24.com\/en\/wp-json\/wp\/v2\/product_brand?post=1795"},{"taxonomy":"product_cat","embeddable":true,"href":"https:\/\/audiobook-24.com\/en\/wp-json\/wp\/v2\/product_cat?post=1795"},{"taxonomy":"product_tag","embeddable":true,"href":"https:\/\/audiobook-24.com\/en\/wp-json\/wp\/v2\/product_tag?post=1795"}],"curies":[{"name":"wp","href":"https:\/\/api.w.org\/{rel}","templated":true}]}}