{"id":1793,"date":"2025-11-30T03:09:23","date_gmt":"2025-11-30T03:09:23","guid":{"rendered":"https:\/\/audiobook-24.com\/?post_type=product&#038;p=1793"},"modified":"2025-11-30T03:09:23","modified_gmt":"2025-11-30T03:09:23","slug":"%f0%9f%93%b1-erotik-e-reader-kandy-april-may-2020","status":"publish","type":"product","link":"https:\/\/audiobook-24.com\/en\/product\/%f0%9f%93%b1-erotik-e-reader-kandy-april-may-2020\/","title":{"rendered":"\ud83d\udcf1 Erotik E-Reader \u2013 Kandy \u2013 April\u2013May 2020"},"content":{"rendered":"<h1 data-start=\"165\" data-end=\"216\">\ud83d\udcf1 <strong data-start=\"170\" data-end=\"214\">Erotik E-Reader \u2013 Kandy \u2013 April\u2013May 2020<\/strong><\/h1>\n<h3 data-start=\"217\" data-end=\"311\">Knallige Farben, moderne Sinnlichkeit \u2013 eine Edition voller Energie und stilvoller Erotik.<\/h3>\n<p data-start=\"313\" data-end=\"570\">Die <strong data-start=\"317\" data-end=\"343\">Kandy \u2013 April\u2013May 2020<\/strong> Edition bringt den typischen Kandy-Look direkt auf deinen E-Reader: selbstbewusste, erwachsene Models in farbstarken, dynamischen Fotoserien, die moderne \u00c4sthetik mit einer spielerischen, sommerlichen Ausstrahlung verbinden.<\/p>\n<p data-start=\"572\" data-end=\"829\">Professionelle Kompositionen, lebendige Sets und eine Mischung aus Glamour, Lifestyle und \u00e4sthetischer Sinnlichkeit machen diese Ausgabe zu einem visuellen Highlight. Jede Bildstrecke setzt auf Pers\u00f6nlichkeit, Ausstrahlung und klare, hochwertige Fotografie.<\/p>\n<p data-start=\"831\" data-end=\"945\"><strong data-start=\"831\" data-end=\"945\">Ein digitales Magazin f\u00fcr alle, die eindrucksvolle Bildwelten, moderne Erotik und expressive Fotokunst lieben.<\/strong><\/p>\n<hr data-start=\"947\" data-end=\"950\" \/>\n<h3 data-start=\"952\" data-end=\"987\">\ud83d\udcd8 <strong data-start=\"959\" data-end=\"985\">Format: E-Reader (PDF)<\/strong><\/h3>\n<p data-start=\"989\" data-end=\"1142\">\u2b07\ufe0f Sofortiger Download f\u00fcr Handy<br data-start=\"1021\" data-end=\"1024\" \/>\u2b07\ufe0f Sofortiger Download f\u00fcr PC<br data-start=\"1053\" data-end=\"1056\" \/>\u2b07\ufe0f Sofortiger Download f\u00fcr Tablet<br data-start=\"1089\" data-end=\"1092\" \/>\u2b07\ufe0f PDF-Download f\u00fcr alle E-Reader-f\u00e4higen Ger\u00e4te<\/p>\n<p data-start=\"1144\" data-end=\"1181\"><strong data-start=\"1144\" data-end=\"1181\">Einmal gekauft \u2013 f\u00fcr immer deins!<\/strong><\/p>","protected":false},"excerpt":{"rendered":"<p>\ud83d\udcf1 Erotik E-Reader \u2013 Kandy \u2013 April\u2013May 2020 Knallige Farben, moderne Sinnlichkeit \u2013 eine Edition voller Energie und stilvoller Erotik. Die Kandy \u2013 April\u2013May 2020 Edition bringt den typischen Kandy-Look direkt auf deinen E-Reader: selbstbewusste, erwachsene Models in farbstarken, dynamischen Fotoserien, die moderne \u00c4sthetik mit einer spielerischen, sommerlichen Ausstrahlung verbinden. Professionelle Kompositionen, lebendige Sets und [&hellip;]<\/p>\n","protected":false},"featured_media":1794,"comment_status":"open","ping_status":"closed","template":"","meta":[],"product_brand":[],"product_cat":[32],"product_tag":[],"class_list":{"0":"post-1793","1":"product","2":"type-product","3":"status-publish","4":"has-post-thumbnail","6":"product_cat-us-hustler-usw","8":"first","9":"instock","10":"sale","11":"virtual","12":"purchasable","13":"product-type-simple"},"jetpack_sharing_enabled":true,"_links":{"self":[{"href":"https:\/\/audiobook-24.com\/en\/wp-json\/wp\/v2\/product\/1793","targetHints":{"allow":["GET"]}}],"collection":[{"href":"https:\/\/audiobook-24.com\/en\/wp-json\/wp\/v2\/product"}],"about":[{"href":"https:\/\/audiobook-24.com\/en\/wp-json\/wp\/v2\/types\/product"}],"replies":[{"embeddable":true,"href":"https:\/\/audiobook-24.com\/en\/wp-json\/wp\/v2\/comments?post=1793"}],"wp:featuredmedia":[{"embeddable":true,"href":"https:\/\/audiobook-24.com\/en\/wp-json\/wp\/v2\/media\/1794"}],"wp:attachment":[{"href":"https:\/\/audiobook-24.com\/en\/wp-json\/wp\/v2\/media?parent=1793"}],"wp:term":[{"taxonomy":"product_brand","embeddable":true,"href":"https:\/\/audiobook-24.com\/en\/wp-json\/wp\/v2\/product_brand?post=1793"},{"taxonomy":"product_cat","embeddable":true,"href":"https:\/\/audiobook-24.com\/en\/wp-json\/wp\/v2\/product_cat?post=1793"},{"taxonomy":"product_tag","embeddable":true,"href":"https:\/\/audiobook-24.com\/en\/wp-json\/wp\/v2\/product_tag?post=1793"}],"curies":[{"name":"wp","href":"https:\/\/api.w.org\/{rel}","templated":true}]}}