{"id":1791,"date":"2025-11-30T03:06:30","date_gmt":"2025-11-30T03:06:30","guid":{"rendered":"https:\/\/audiobook-24.com\/?post_type=product&#038;p=1791"},"modified":"2025-11-30T03:06:31","modified_gmt":"2025-11-30T03:06:31","slug":"%f0%9f%93%b1-erotik-e-reader-heart-october-2019-april-2020","status":"publish","type":"product","link":"https:\/\/audiobook-24.com\/en\/product\/%f0%9f%93%b1-erotik-e-reader-heart-october-2019-april-2020\/","title":{"rendered":"\ud83d\udcf1 Erotik E-Reader \u2013 Heart \u2013 October 2019\u2013April 2020"},"content":{"rendered":"<h1 data-start=\"185\" data-end=\"245\">\ud83d\udcf1 <strong data-start=\"190\" data-end=\"243\">Erotik E-Reader \u2013 Heart \u2013 October 2019\u2013April 2020<\/strong><\/h1>\n<h3 data-start=\"246\" data-end=\"343\">Feine Bildwelten, nat\u00fcrliche Sinnlichkeit \u2013 eine Collection mit ruhiger, erwachsener Eleganz.<\/h3>\n<p data-start=\"345\" data-end=\"633\">Die <strong data-start=\"349\" data-end=\"387\">Heart \u2013 October 2019 to April 2020<\/strong> Edition vereint eine Reihe hochwertiger Fotoserien erwachsener Models im charakteristischen Heart-Stil. Warme T\u00f6ne, weiche Lichtf\u00fchrung und nat\u00fcrliche Posen verleihen den Bildstrecken eine angenehme, intime und zugleich \u00e4sthetische Atmosph\u00e4re.<\/p>\n<p data-start=\"635\" data-end=\"913\">Die Szenen sind sorgf\u00e4ltig komponiert und setzen auf Pers\u00f6nlichkeit, Ausdruck und dezente Erotik statt auf \u00dcberinszenierung. Unterschiedliche Locations, harmonische Kompositionen und visuelle Ruhe sorgen daf\u00fcr, dass jede Serie ihren eigenen, sanft-eleganten Charakter entfaltet.<\/p>\n<p data-start=\"915\" data-end=\"1056\"><strong data-start=\"915\" data-end=\"1056\">Ein digitales Premium-Erlebnis f\u00fcr alle, die geschmackvolle Fotokunst, subtile Sinnlichkeit und warme, authentische Bildsprache sch\u00e4tzen.<\/strong><\/p>\n<hr data-start=\"1058\" data-end=\"1061\" \/>\n<h3 data-start=\"1063\" data-end=\"1098\">\ud83d\udcd8 <strong data-start=\"1070\" data-end=\"1096\">Format: E-Reader (PDF)<\/strong><\/h3>\n<p data-start=\"1100\" data-end=\"1253\">\u2b07\ufe0f Sofortiger Download f\u00fcr Handy<br data-start=\"1132\" data-end=\"1135\" \/>\u2b07\ufe0f Sofortiger Download f\u00fcr PC<br data-start=\"1164\" data-end=\"1167\" \/>\u2b07\ufe0f Sofortiger Download f\u00fcr Tablet<br data-start=\"1200\" data-end=\"1203\" \/>\u2b07\ufe0f PDF-Download f\u00fcr alle E-Reader-f\u00e4higen Ger\u00e4te<\/p>\n<p data-start=\"1255\" data-end=\"1292\"><strong data-start=\"1255\" data-end=\"1292\">Einmal gekauft \u2013 f\u00fcr immer deins!<\/strong><\/p>","protected":false},"excerpt":{"rendered":"<p>\ud83d\udcf1 Erotik E-Reader \u2013 Heart \u2013 October 2019\u2013April 2020 Feine Bildwelten, nat\u00fcrliche Sinnlichkeit \u2013 eine Collection mit ruhiger, erwachsener Eleganz. Die Heart \u2013 October 2019 to April 2020 Edition vereint eine Reihe hochwertiger Fotoserien erwachsener Models im charakteristischen Heart-Stil. Warme T\u00f6ne, weiche Lichtf\u00fchrung und nat\u00fcrliche Posen verleihen den Bildstrecken eine angenehme, intime und zugleich \u00e4sthetische [&hellip;]<\/p>\n","protected":false},"featured_media":1792,"comment_status":"open","ping_status":"closed","template":"","meta":[],"product_brand":[],"product_cat":[32],"product_tag":[],"class_list":{"0":"post-1791","1":"product","2":"type-product","3":"status-publish","4":"has-post-thumbnail","6":"product_cat-us-hustler-usw","8":"first","9":"instock","10":"sale","11":"virtual","12":"purchasable","13":"product-type-simple"},"jetpack_sharing_enabled":true,"_links":{"self":[{"href":"https:\/\/audiobook-24.com\/en\/wp-json\/wp\/v2\/product\/1791","targetHints":{"allow":["GET"]}}],"collection":[{"href":"https:\/\/audiobook-24.com\/en\/wp-json\/wp\/v2\/product"}],"about":[{"href":"https:\/\/audiobook-24.com\/en\/wp-json\/wp\/v2\/types\/product"}],"replies":[{"embeddable":true,"href":"https:\/\/audiobook-24.com\/en\/wp-json\/wp\/v2\/comments?post=1791"}],"wp:featuredmedia":[{"embeddable":true,"href":"https:\/\/audiobook-24.com\/en\/wp-json\/wp\/v2\/media\/1792"}],"wp:attachment":[{"href":"https:\/\/audiobook-24.com\/en\/wp-json\/wp\/v2\/media?parent=1791"}],"wp:term":[{"taxonomy":"product_brand","embeddable":true,"href":"https:\/\/audiobook-24.com\/en\/wp-json\/wp\/v2\/product_brand?post=1791"},{"taxonomy":"product_cat","embeddable":true,"href":"https:\/\/audiobook-24.com\/en\/wp-json\/wp\/v2\/product_cat?post=1791"},{"taxonomy":"product_tag","embeddable":true,"href":"https:\/\/audiobook-24.com\/en\/wp-json\/wp\/v2\/product_tag?post=1791"}],"curies":[{"name":"wp","href":"https:\/\/api.w.org\/{rel}","templated":true}]}}