{"id":1789,"date":"2025-11-30T02:57:59","date_gmt":"2025-11-30T02:57:59","guid":{"rendered":"https:\/\/audiobook-24.com\/?post_type=product&#038;p=1789"},"modified":"2025-11-30T02:58:00","modified_gmt":"2025-11-30T02:58:00","slug":"%f0%9f%93%b1-erotik-e-reader-heart-february-2019","status":"publish","type":"product","link":"https:\/\/audiobook-24.com\/en\/product\/%f0%9f%93%b1-erotik-e-reader-heart-february-2019\/","title":{"rendered":"\ud83d\udcf1 Erotik E-Reader \u2013 Heart \u2013 February 2019"},"content":{"rendered":"<h1 data-start=\"165\" data-end=\"215\">\ud83d\udcf1 <strong data-start=\"170\" data-end=\"213\">Erotik E-Reader \u2013 Heart \u2013 February 2019<\/strong><\/h1>\n<h3 data-start=\"216\" data-end=\"299\">Sanfte \u00c4sthetik, nat\u00fcrliche Sinnlichkeit \u2013 eine Ausgabe voller ruhiger Eleganz.<\/h3>\n<p data-start=\"301\" data-end=\"642\">Die <strong data-start=\"305\" data-end=\"330\">Heart \u2013 February 2019<\/strong> Edition pr\u00e4sentiert erwachsene Models in liebevoll komponierten Fotoserien, die auf Nat\u00fcrlichkeit, Ausstrahlung und dezente Erotik setzen. Der typische Heart-Stil kombiniert warme Farbt\u00f6ne, sanfte Lichtf\u00fchrung und intime, doch geschmackvolle Szenen, die Pers\u00f6nlichkeit und Ausdruck in den Mittelpunkt stellen.<\/p>\n<p data-start=\"644\" data-end=\"930\">Abwechslungsreiche Sets, harmonische Kompositionen und eine ruhige visuelle Sprache verleihen der Ausgabe einen besonders eleganten Charakter. Kleine Feature-Texte und stimmungsvolle Details runden die Edition ab und machen sie zu einem visuellen Highlight mit feinem emotionalem Fokus.<\/p>\n<p data-start=\"932\" data-end=\"1047\"><strong data-start=\"932\" data-end=\"1047\">Ein digitales Magazin f\u00fcr alle, die subtile Sinnlichkeit, moderne Fotokunst und elegante Pr\u00e4sentation sch\u00e4tzen.<\/strong><\/p>\n<hr data-start=\"1049\" data-end=\"1052\" \/>\n<h3 data-start=\"1054\" data-end=\"1089\">\ud83d\udcd8 <strong data-start=\"1061\" data-end=\"1087\">Format: E-Reader (PDF)<\/strong><\/h3>\n<p data-start=\"1091\" data-end=\"1244\">\u2b07\ufe0f Sofortiger Download f\u00fcr Handy<br data-start=\"1123\" data-end=\"1126\" \/>\u2b07\ufe0f Sofortiger Download f\u00fcr PC<br data-start=\"1155\" data-end=\"1158\" \/>\u2b07\ufe0f Sofortiger Download f\u00fcr Tablet<br data-start=\"1191\" data-end=\"1194\" \/>\u2b07\ufe0f PDF-Download f\u00fcr alle E-Reader-f\u00e4higen Ger\u00e4te<\/p>\n<p data-start=\"1246\" data-end=\"1283\"><strong data-start=\"1246\" data-end=\"1283\">Einmal gekauft \u2013 f\u00fcr immer deins!<\/strong><\/p>","protected":false},"excerpt":{"rendered":"<p>\ud83d\udcf1 Erotik E-Reader \u2013 Heart \u2013 February 2019 Sanfte \u00c4sthetik, nat\u00fcrliche Sinnlichkeit \u2013 eine Ausgabe voller ruhiger Eleganz. Die Heart \u2013 February 2019 Edition pr\u00e4sentiert erwachsene Models in liebevoll komponierten Fotoserien, die auf Nat\u00fcrlichkeit, Ausstrahlung und dezente Erotik setzen. Der typische Heart-Stil kombiniert warme Farbt\u00f6ne, sanfte Lichtf\u00fchrung und intime, doch geschmackvolle Szenen, die Pers\u00f6nlichkeit und [&hellip;]<\/p>\n","protected":false},"featured_media":1790,"comment_status":"open","ping_status":"closed","template":"","meta":[],"product_brand":[],"product_cat":[32],"product_tag":[],"class_list":{"0":"post-1789","1":"product","2":"type-product","3":"status-publish","4":"has-post-thumbnail","6":"product_cat-us-hustler-usw","8":"first","9":"instock","10":"sale","11":"virtual","12":"purchasable","13":"product-type-simple"},"jetpack_sharing_enabled":true,"_links":{"self":[{"href":"https:\/\/audiobook-24.com\/en\/wp-json\/wp\/v2\/product\/1789","targetHints":{"allow":["GET"]}}],"collection":[{"href":"https:\/\/audiobook-24.com\/en\/wp-json\/wp\/v2\/product"}],"about":[{"href":"https:\/\/audiobook-24.com\/en\/wp-json\/wp\/v2\/types\/product"}],"replies":[{"embeddable":true,"href":"https:\/\/audiobook-24.com\/en\/wp-json\/wp\/v2\/comments?post=1789"}],"wp:featuredmedia":[{"embeddable":true,"href":"https:\/\/audiobook-24.com\/en\/wp-json\/wp\/v2\/media\/1790"}],"wp:attachment":[{"href":"https:\/\/audiobook-24.com\/en\/wp-json\/wp\/v2\/media?parent=1789"}],"wp:term":[{"taxonomy":"product_brand","embeddable":true,"href":"https:\/\/audiobook-24.com\/en\/wp-json\/wp\/v2\/product_brand?post=1789"},{"taxonomy":"product_cat","embeddable":true,"href":"https:\/\/audiobook-24.com\/en\/wp-json\/wp\/v2\/product_cat?post=1789"},{"taxonomy":"product_tag","embeddable":true,"href":"https:\/\/audiobook-24.com\/en\/wp-json\/wp\/v2\/product_tag?post=1789"}],"curies":[{"name":"wp","href":"https:\/\/api.w.org\/{rel}","templated":true}]}}