{"id":1787,"date":"2025-11-30T02:55:47","date_gmt":"2025-11-30T02:55:47","guid":{"rendered":"https:\/\/audiobook-24.com\/?post_type=product&#038;p=1787"},"modified":"2025-11-30T02:55:47","modified_gmt":"2025-11-30T02:55:47","slug":"%f0%9f%93%b1-erotik-e-reader-heart-december-2020-june-2021","status":"publish","type":"product","link":"https:\/\/audiobook-24.com\/en\/product\/%f0%9f%93%b1-erotik-e-reader-heart-december-2020-june-2021\/","title":{"rendered":"\ud83d\udcf1 Erotik E-Reader \u2013 Heart \u2013 December 2020\u2013June 2021"},"content":{"rendered":"<h1 data-start=\"179\" data-end=\"239\">\ud83d\udcf1 <strong data-start=\"184\" data-end=\"237\">Erotik E-Reader \u2013 Heart \u2013 December 2020\u2013June 2021<\/strong><\/h1>\n<h3 data-start=\"240\" data-end=\"335\">Emotion, Eleganz und moderne Sinnlichkeit \u2013 eine Edition voller ausdrucksstarker Fotokunst.<\/h3>\n<p data-start=\"337\" data-end=\"676\">Die <strong data-start=\"341\" data-end=\"379\">Heart \u2013 December 2020 to June 2021<\/strong> Edition pr\u00e4sentiert eine sorgf\u00e4ltig zusammengestellte Auswahl erwachsener Models in hochwertigen, kunstvoll inszenierten Fotoserien. Der charakteristische Heart-Stil setzt auf warme Farben, nat\u00fcrliche Posen und eine Bildsprache, die Pers\u00f6nlichkeit, Stil und dezente Erotik harmonisch verbindet.<\/p>\n<p data-start=\"678\" data-end=\"933\">Abwechslungsreiche Locations, fein abgestimmtes Licht und ein Gef\u00fchl von Intimit\u00e4t verleihen jeder Serie eine besondere Tiefe. Erg\u00e4nzende Kurzfeatures und kleine Lifestyle-Elemente runden diese Collection zu einem modernen, optisch starken Gesamtpaket ab.<\/p>\n<p data-start=\"935\" data-end=\"1048\"><strong data-start=\"935\" data-end=\"1048\">Ein digitales Premium-Erlebnis f\u00fcr alle, die elegante Erotik, visuelle Ruhe und stilvolle Fotokunst sch\u00e4tzen.<\/strong><\/p>\n<hr data-start=\"1050\" data-end=\"1053\" \/>\n<h3 data-start=\"1055\" data-end=\"1090\">\ud83d\udcd8 <strong data-start=\"1062\" data-end=\"1088\">Format: E-Reader (PDF)<\/strong><\/h3>\n<p data-start=\"1092\" data-end=\"1245\">\u2b07\ufe0f Sofortiger Download f\u00fcr Handy<br data-start=\"1124\" data-end=\"1127\" \/>\u2b07\ufe0f Sofortiger Download f\u00fcr PC<br data-start=\"1156\" data-end=\"1159\" \/>\u2b07\ufe0f Sofortiger Download f\u00fcr Tablet<br data-start=\"1192\" data-end=\"1195\" \/>\u2b07\ufe0f PDF-Download f\u00fcr alle E-Reader-f\u00e4higen Ger\u00e4te<\/p>\n<p data-start=\"1247\" data-end=\"1284\"><strong data-start=\"1247\" data-end=\"1284\">Einmal gekauft \u2013 f\u00fcr immer deins!<\/strong><\/p>","protected":false},"excerpt":{"rendered":"<p>\ud83d\udcf1 Erotik E-Reader \u2013 Heart \u2013 December 2020\u2013June 2021 Emotion, Eleganz und moderne Sinnlichkeit \u2013 eine Edition voller ausdrucksstarker Fotokunst. Die Heart \u2013 December 2020 to June 2021 Edition pr\u00e4sentiert eine sorgf\u00e4ltig zusammengestellte Auswahl erwachsener Models in hochwertigen, kunstvoll inszenierten Fotoserien. Der charakteristische Heart-Stil setzt auf warme Farben, nat\u00fcrliche Posen und eine Bildsprache, die Pers\u00f6nlichkeit, [&hellip;]<\/p>\n","protected":false},"featured_media":1788,"comment_status":"open","ping_status":"closed","template":"","meta":[],"product_brand":[],"product_cat":[32],"product_tag":[],"class_list":{"0":"post-1787","1":"product","2":"type-product","3":"status-publish","4":"has-post-thumbnail","6":"product_cat-us-hustler-usw","8":"first","9":"instock","10":"shipping-taxable","11":"product-type-simple"},"jetpack_sharing_enabled":true,"_links":{"self":[{"href":"https:\/\/audiobook-24.com\/en\/wp-json\/wp\/v2\/product\/1787","targetHints":{"allow":["GET"]}}],"collection":[{"href":"https:\/\/audiobook-24.com\/en\/wp-json\/wp\/v2\/product"}],"about":[{"href":"https:\/\/audiobook-24.com\/en\/wp-json\/wp\/v2\/types\/product"}],"replies":[{"embeddable":true,"href":"https:\/\/audiobook-24.com\/en\/wp-json\/wp\/v2\/comments?post=1787"}],"wp:featuredmedia":[{"embeddable":true,"href":"https:\/\/audiobook-24.com\/en\/wp-json\/wp\/v2\/media\/1788"}],"wp:attachment":[{"href":"https:\/\/audiobook-24.com\/en\/wp-json\/wp\/v2\/media?parent=1787"}],"wp:term":[{"taxonomy":"product_brand","embeddable":true,"href":"https:\/\/audiobook-24.com\/en\/wp-json\/wp\/v2\/product_brand?post=1787"},{"taxonomy":"product_cat","embeddable":true,"href":"https:\/\/audiobook-24.com\/en\/wp-json\/wp\/v2\/product_cat?post=1787"},{"taxonomy":"product_tag","embeddable":true,"href":"https:\/\/audiobook-24.com\/en\/wp-json\/wp\/v2\/product_tag?post=1787"}],"curies":[{"name":"wp","href":"https:\/\/api.w.org\/{rel}","templated":true}]}}