{"id":1785,"date":"2025-11-30T02:46:25","date_gmt":"2025-11-30T02:46:25","guid":{"rendered":"https:\/\/audiobook-24.com\/?post_type=product&#038;p=1785"},"modified":"2025-11-30T02:46:25","modified_gmt":"2025-11-30T02:46:25","slug":"%f0%9f%93%b1-erotik-e-reader-casa-october-2020-april-2021","status":"publish","type":"product","link":"https:\/\/audiobook-24.com\/en\/product\/%f0%9f%93%b1-erotik-e-reader-casa-october-2020-april-2021\/","title":{"rendered":"\ud83d\udcf1 Erotik E-Reader \u2013 Casa \u2013 October 2020\u2013April 2021"},"content":{"rendered":"<h1 data-start=\"185\" data-end=\"244\">\ud83d\udcf1 <strong data-start=\"190\" data-end=\"242\">Erotik E-Reader \u2013 Casa \u2013 October 2020\u2013April 2021<\/strong><\/h1>\n<h3 data-start=\"245\" data-end=\"331\">Edle \u00c4sthetik, warme Inszenierung \u2013 eine Collection voller zeitloser Sinnlichkeit.<\/h3>\n<p data-start=\"333\" data-end=\"655\">Die <strong data-start=\"337\" data-end=\"374\">Casa \u2013 October 2020 to April 2021<\/strong> Edition vereint ausgew\u00e4hlte Fotoserien erwachsener Models im charakteristisch eleganten Casa-Stil. Mit weichen Farbt\u00f6nen, kunstvoller Lichtf\u00fchrung und hochwertigen Locations entsteht eine visuelle Sammlung, die Modernit\u00e4t, Stil und nat\u00fcrliche Sinnlichkeit harmonisch kombiniert.<\/p>\n<p data-start=\"657\" data-end=\"915\">Die Bildstrecken setzen auf Ausdruck, Pers\u00f6nlichkeit und dezente Erotik, die durch sanfte Kompositionen und geschmackvolle Details unterstrichen wird. Jede Serie erhielt eine individuelle, sorgf\u00e4ltig gestaltete Atmosph\u00e4re, die Casa-Fans besonders sch\u00e4tzen.<\/p>\n<p data-start=\"917\" data-end=\"1037\"><strong data-start=\"917\" data-end=\"1037\">Ein digitales Premium-Special f\u00fcr alle, die hochwertige Fotokunst, warme Bildwelten und stilvolle Erotik bevorzugen.<\/strong><\/p>\n<hr data-start=\"1039\" data-end=\"1042\" \/>\n<h3 data-start=\"1044\" data-end=\"1079\">\ud83d\udcd8 <strong data-start=\"1051\" data-end=\"1077\">Format: E-Reader (PDF)<\/strong><\/h3>\n<p data-start=\"1081\" data-end=\"1234\">\u2b07\ufe0f Sofortiger Download f\u00fcr Handy<br data-start=\"1113\" data-end=\"1116\" \/>\u2b07\ufe0f Sofortiger Download f\u00fcr PC<br data-start=\"1145\" data-end=\"1148\" \/>\u2b07\ufe0f Sofortiger Download f\u00fcr Tablet<br data-start=\"1181\" data-end=\"1184\" \/>\u2b07\ufe0f PDF-Download f\u00fcr alle E-Reader-f\u00e4higen Ger\u00e4te<\/p>\n<p data-start=\"1236\" data-end=\"1273\"><strong data-start=\"1236\" data-end=\"1273\">Einmal gekauft \u2013 f\u00fcr immer deins!<\/strong><\/p>","protected":false},"excerpt":{"rendered":"<p>\ud83d\udcf1 Erotik E-Reader \u2013 Casa \u2013 October 2020\u2013April 2021 Edle \u00c4sthetik, warme Inszenierung \u2013 eine Collection voller zeitloser Sinnlichkeit. Die Casa \u2013 October 2020 to April 2021 Edition vereint ausgew\u00e4hlte Fotoserien erwachsener Models im charakteristisch eleganten Casa-Stil. Mit weichen Farbt\u00f6nen, kunstvoller Lichtf\u00fchrung und hochwertigen Locations entsteht eine visuelle Sammlung, die Modernit\u00e4t, Stil und nat\u00fcrliche Sinnlichkeit [&hellip;]<\/p>\n","protected":false},"featured_media":1786,"comment_status":"open","ping_status":"closed","template":"","meta":[],"product_brand":[],"product_cat":[32],"product_tag":[],"class_list":{"0":"post-1785","1":"product","2":"type-product","3":"status-publish","4":"has-post-thumbnail","6":"product_cat-us-hustler-usw","8":"first","9":"instock","10":"sale","11":"virtual","12":"purchasable","13":"product-type-simple"},"jetpack_sharing_enabled":true,"_links":{"self":[{"href":"https:\/\/audiobook-24.com\/en\/wp-json\/wp\/v2\/product\/1785","targetHints":{"allow":["GET"]}}],"collection":[{"href":"https:\/\/audiobook-24.com\/en\/wp-json\/wp\/v2\/product"}],"about":[{"href":"https:\/\/audiobook-24.com\/en\/wp-json\/wp\/v2\/types\/product"}],"replies":[{"embeddable":true,"href":"https:\/\/audiobook-24.com\/en\/wp-json\/wp\/v2\/comments?post=1785"}],"wp:featuredmedia":[{"embeddable":true,"href":"https:\/\/audiobook-24.com\/en\/wp-json\/wp\/v2\/media\/1786"}],"wp:attachment":[{"href":"https:\/\/audiobook-24.com\/en\/wp-json\/wp\/v2\/media?parent=1785"}],"wp:term":[{"taxonomy":"product_brand","embeddable":true,"href":"https:\/\/audiobook-24.com\/en\/wp-json\/wp\/v2\/product_brand?post=1785"},{"taxonomy":"product_cat","embeddable":true,"href":"https:\/\/audiobook-24.com\/en\/wp-json\/wp\/v2\/product_cat?post=1785"},{"taxonomy":"product_tag","embeddable":true,"href":"https:\/\/audiobook-24.com\/en\/wp-json\/wp\/v2\/product_tag?post=1785"}],"curies":[{"name":"wp","href":"https:\/\/api.w.org\/{rel}","templated":true}]}}