{"id":1781,"date":"2025-11-30T02:36:19","date_gmt":"2025-11-30T02:36:19","guid":{"rendered":"https:\/\/audiobook-24.com\/?post_type=product&#038;p=1781"},"modified":"2025-11-30T02:36:19","modified_gmt":"2025-11-30T02:36:19","slug":"%f0%9f%93%b1-erotik-e-reader-casa-august-2019-february-2020","status":"publish","type":"product","link":"https:\/\/audiobook-24.com\/en\/product\/%f0%9f%93%b1-erotik-e-reader-casa-august-2019-february-2020\/","title":{"rendered":"\ud83d\udcf1 Erotik E-Reader \u2013 Casa \u2013 August 2019\u2013February 2020"},"content":{"rendered":"<h1 data-start=\"191\" data-end=\"252\">\ud83d\udcf1 <strong data-start=\"196\" data-end=\"250\">Erotik E-Reader \u2013 Casa \u2013 August 2019\u2013February 2020<\/strong><\/h1>\n<h3 data-start=\"253\" data-end=\"345\">Elegante Bildwelten, moderne Sinnlichkeit \u2013 eine Collection voller stilvoller Fotokunst.<\/h3>\n<p data-start=\"347\" data-end=\"658\">Die <strong data-start=\"351\" data-end=\"390\">Casa \u2013 August 2019 to February 2020<\/strong> Edition pr\u00e4sentiert eine exklusive Auswahl erwachsener Models in sorgf\u00e4ltig inszenierten Fotoserien. Der unverwechselbare Casa-Stil kombiniert edle Locations, warme Farbt\u00f6ne und klare, zeitgem\u00e4\u00dfe Kompositionen zu einer visuellen Sammlung voller Klasse und \u00c4sthetik.<\/p>\n<p data-start=\"660\" data-end=\"922\">Jede Ausgabe dieser periodischen Zusammenstellung setzt auf Pers\u00f6nlichkeit, Ausdrucksst\u00e4rke und eine hochwertige Bildsprache. Elegante Outfits, stimmungsvolles Licht und abwechslungsreiche Settings verleihen den Serien eine moderne, zugleich intime Atmosph\u00e4re.<\/p>\n<p data-start=\"924\" data-end=\"1055\"><strong data-start=\"924\" data-end=\"1055\">Ein digitales Premium-Erlebnis f\u00fcr alle, die niveauvolle Erotik, stilvolle Pr\u00e4sentation und anspruchsvolle Fotografie sch\u00e4tzen.<\/strong><\/p>\n<hr data-start=\"1057\" data-end=\"1060\" \/>\n<h3 data-start=\"1062\" data-end=\"1097\">\ud83d\udcd8 <strong data-start=\"1069\" data-end=\"1095\">Format: E-Reader (PDF)<\/strong><\/h3>\n<p data-start=\"1099\" data-end=\"1252\">\u2b07\ufe0f Sofortiger Download f\u00fcr Handy<br data-start=\"1131\" data-end=\"1134\" \/>\u2b07\ufe0f Sofortiger Download f\u00fcr PC<br data-start=\"1163\" data-end=\"1166\" \/>\u2b07\ufe0f Sofortiger Download f\u00fcr Tablet<br data-start=\"1199\" data-end=\"1202\" \/>\u2b07\ufe0f PDF-Download f\u00fcr alle E-Reader-f\u00e4higen Ger\u00e4te<\/p>\n<p data-start=\"1254\" data-end=\"1291\"><strong data-start=\"1254\" data-end=\"1291\">Einmal gekauft \u2013 f\u00fcr immer deins!<\/strong><\/p>","protected":false},"excerpt":{"rendered":"<p>\ud83d\udcf1 Erotik E-Reader \u2013 Casa \u2013 August 2019\u2013February 2020 Elegante Bildwelten, moderne Sinnlichkeit \u2013 eine Collection voller stilvoller Fotokunst. Die Casa \u2013 August 2019 to February 2020 Edition pr\u00e4sentiert eine exklusive Auswahl erwachsener Models in sorgf\u00e4ltig inszenierten Fotoserien. Der unverwechselbare Casa-Stil kombiniert edle Locations, warme Farbt\u00f6ne und klare, zeitgem\u00e4\u00dfe Kompositionen zu einer visuellen Sammlung voller [&hellip;]<\/p>\n","protected":false},"featured_media":1782,"comment_status":"open","ping_status":"closed","template":"","meta":[],"product_brand":[],"product_cat":[32],"product_tag":[],"class_list":{"0":"post-1781","1":"product","2":"type-product","3":"status-publish","4":"has-post-thumbnail","6":"product_cat-us-hustler-usw","8":"first","9":"instock","10":"sale","11":"virtual","12":"purchasable","13":"product-type-simple"},"jetpack_sharing_enabled":true,"_links":{"self":[{"href":"https:\/\/audiobook-24.com\/en\/wp-json\/wp\/v2\/product\/1781","targetHints":{"allow":["GET"]}}],"collection":[{"href":"https:\/\/audiobook-24.com\/en\/wp-json\/wp\/v2\/product"}],"about":[{"href":"https:\/\/audiobook-24.com\/en\/wp-json\/wp\/v2\/types\/product"}],"replies":[{"embeddable":true,"href":"https:\/\/audiobook-24.com\/en\/wp-json\/wp\/v2\/comments?post=1781"}],"wp:featuredmedia":[{"embeddable":true,"href":"https:\/\/audiobook-24.com\/en\/wp-json\/wp\/v2\/media\/1782"}],"wp:attachment":[{"href":"https:\/\/audiobook-24.com\/en\/wp-json\/wp\/v2\/media?parent=1781"}],"wp:term":[{"taxonomy":"product_brand","embeddable":true,"href":"https:\/\/audiobook-24.com\/en\/wp-json\/wp\/v2\/product_brand?post=1781"},{"taxonomy":"product_cat","embeddable":true,"href":"https:\/\/audiobook-24.com\/en\/wp-json\/wp\/v2\/product_cat?post=1781"},{"taxonomy":"product_tag","embeddable":true,"href":"https:\/\/audiobook-24.com\/en\/wp-json\/wp\/v2\/product_tag?post=1781"}],"curies":[{"name":"wp","href":"https:\/\/api.w.org\/{rel}","templated":true}]}}