{"id":1779,"date":"2025-11-30T02:21:15","date_gmt":"2025-11-30T02:21:15","guid":{"rendered":"https:\/\/audiobook-24.com\/?post_type=product&#038;p=1779"},"modified":"2025-11-30T02:21:16","modified_gmt":"2025-11-30T02:21:16","slug":"%f0%9f%93%b1-erotik-e-reader-top-floor-magazine-september-2020","status":"publish","type":"product","link":"https:\/\/audiobook-24.com\/en\/product\/%f0%9f%93%b1-erotik-e-reader-top-floor-magazine-september-2020\/","title":{"rendered":"\ud83d\udcf1 Erotik E-Reader \u2013 Top Floor Magazine \u2013 September 2020"},"content":{"rendered":"<h1 data-start=\"171\" data-end=\"235\">\ud83d\udcf1 <strong data-start=\"176\" data-end=\"233\">Erotik E-Reader \u2013 Top Floor Magazine \u2013 September 2020<\/strong><\/h1>\n<h3 data-start=\"236\" data-end=\"316\">Moderne Fotokunst, klare \u00c4sthetik \u2013 eine Ausgabe voller erwachsener Eleganz.<\/h3>\n<p data-start=\"318\" data-end=\"602\">Die <strong data-start=\"322\" data-end=\"361\">Top Floor Magazine \u2013 September 2020<\/strong> Edition pr\u00e4sentiert hochwertige Fotostrecken erwachsener Models, inszeniert in zeitgem\u00e4\u00dfen, stilvollen Settings. Die Mischung aus urbanem Flair, sorgf\u00e4ltiger Lichtf\u00fchrung und eleganten Outfits sorgt f\u00fcr eine besonders moderne Bildsprache.<\/p>\n<p data-start=\"604\" data-end=\"847\">Jede Szene setzt auf Pers\u00f6nlichkeit, Ausdruck und dezente Sinnlichkeit. Abwechslungsreiche Umgebungen, detailvolle Kompositionen und kleine Lifestyle-Elemente machen diese Ausgabe zu einem visuellen Highlight mit klarer, hochwertiger \u00c4sthetik.<\/p>\n<p data-start=\"849\" data-end=\"957\"><strong data-start=\"849\" data-end=\"957\">Ein digitales Magazin f\u00fcr alle, die edle Erotik, moderne Fotografie und stilvolle Pr\u00e4sentation sch\u00e4tzen.<\/strong><\/p>\n<hr data-start=\"959\" data-end=\"962\" \/>\n<h3 data-start=\"964\" data-end=\"999\">\ud83d\udcd8 <strong data-start=\"971\" data-end=\"997\">Format: E-Reader (PDF)<\/strong><\/h3>\n<p data-start=\"1001\" data-end=\"1154\">\u2b07\ufe0f Sofortiger Download f\u00fcr Handy<br data-start=\"1033\" data-end=\"1036\" \/>\u2b07\ufe0f Sofortiger Download f\u00fcr PC<br data-start=\"1065\" data-end=\"1068\" \/>\u2b07\ufe0f Sofortiger Download f\u00fcr Tablet<br data-start=\"1101\" data-end=\"1104\" \/>\u2b07\ufe0f PDF-Download f\u00fcr alle E-Reader-f\u00e4higen Ger\u00e4te<\/p>\n<p data-start=\"1156\" data-end=\"1193\"><strong data-start=\"1156\" data-end=\"1193\">Einmal gekauft \u2013 f\u00fcr immer deins!<\/strong><\/p>","protected":false},"excerpt":{"rendered":"<p>\ud83d\udcf1 Erotik E-Reader \u2013 Top Floor Magazine \u2013 September 2020 Moderne Fotokunst, klare \u00c4sthetik \u2013 eine Ausgabe voller erwachsener Eleganz. Die Top Floor Magazine \u2013 September 2020 Edition pr\u00e4sentiert hochwertige Fotostrecken erwachsener Models, inszeniert in zeitgem\u00e4\u00dfen, stilvollen Settings. Die Mischung aus urbanem Flair, sorgf\u00e4ltiger Lichtf\u00fchrung und eleganten Outfits sorgt f\u00fcr eine besonders moderne Bildsprache. Jede [&hellip;]<\/p>\n","protected":false},"featured_media":1780,"comment_status":"open","ping_status":"closed","template":"","meta":[],"product_brand":[],"product_cat":[32],"product_tag":[],"class_list":{"0":"post-1779","1":"product","2":"type-product","3":"status-publish","4":"has-post-thumbnail","6":"product_cat-us-hustler-usw","8":"first","9":"instock","10":"sale","11":"virtual","12":"purchasable","13":"product-type-simple"},"jetpack_sharing_enabled":true,"_links":{"self":[{"href":"https:\/\/audiobook-24.com\/en\/wp-json\/wp\/v2\/product\/1779","targetHints":{"allow":["GET"]}}],"collection":[{"href":"https:\/\/audiobook-24.com\/en\/wp-json\/wp\/v2\/product"}],"about":[{"href":"https:\/\/audiobook-24.com\/en\/wp-json\/wp\/v2\/types\/product"}],"replies":[{"embeddable":true,"href":"https:\/\/audiobook-24.com\/en\/wp-json\/wp\/v2\/comments?post=1779"}],"wp:featuredmedia":[{"embeddable":true,"href":"https:\/\/audiobook-24.com\/en\/wp-json\/wp\/v2\/media\/1780"}],"wp:attachment":[{"href":"https:\/\/audiobook-24.com\/en\/wp-json\/wp\/v2\/media?parent=1779"}],"wp:term":[{"taxonomy":"product_brand","embeddable":true,"href":"https:\/\/audiobook-24.com\/en\/wp-json\/wp\/v2\/product_brand?post=1779"},{"taxonomy":"product_cat","embeddable":true,"href":"https:\/\/audiobook-24.com\/en\/wp-json\/wp\/v2\/product_cat?post=1779"},{"taxonomy":"product_tag","embeddable":true,"href":"https:\/\/audiobook-24.com\/en\/wp-json\/wp\/v2\/product_tag?post=1779"}],"curies":[{"name":"wp","href":"https:\/\/api.w.org\/{rel}","templated":true}]}}