{"id":1775,"date":"2025-11-30T02:16:39","date_gmt":"2025-11-30T02:16:39","guid":{"rendered":"https:\/\/audiobook-24.com\/?post_type=product&#038;p=1775"},"modified":"2025-11-30T02:16:39","modified_gmt":"2025-11-30T02:16:39","slug":"%f0%9f%93%b1-erotik-e-reader-top-floor-magazine-november-2020","status":"publish","type":"product","link":"https:\/\/audiobook-24.com\/en\/product\/%f0%9f%93%b1-erotik-e-reader-top-floor-magazine-november-2020\/","title":{"rendered":"\ud83d\udcf1 Erotik E-Reader \u2013 Top Floor Magazine \u2013 November 2020"},"content":{"rendered":"<h1 data-start=\"161\" data-end=\"224\">\ud83d\udcf1 <strong data-start=\"166\" data-end=\"222\">Erotik E-Reader \u2013 Top Floor Magazine \u2013 November 2020<\/strong><\/h1>\n<h3 data-start=\"225\" data-end=\"310\">Urbane Eleganz, klare Bildsprache \u2013 eine Ausgabe voller erwachsener Sinnlichkeit.<\/h3>\n<p data-start=\"312\" data-end=\"596\">Die <strong data-start=\"316\" data-end=\"354\">Top Floor Magazine \u2013 November 2020<\/strong> Edition pr\u00e4sentiert moderne Fotografie in ihrer stilvollsten Form. Professionell inszenierte Szenen, urbane Kulissen und selbstbewusste, erwachsene Models erzeugen ein harmonisches Zusammenspiel aus \u00c4sthetik, Charakter und moderner Erotik.<\/p>\n<p data-start=\"598\" data-end=\"850\">Die Ausgabe setzt auf elegante Outfits, starke Lichtf\u00fchrung und abwechslungsreiche Sets, die jeder Fotostrecke einen individuellen, hochwertigen Look verleihen. Erg\u00e4nzende Mini-Features und Lifestyle-Impulse sorgen zus\u00e4tzlich f\u00fcr Abwechslung und Tiefe.<\/p>\n<p data-start=\"852\" data-end=\"959\"><strong data-start=\"852\" data-end=\"959\">Ein digitales Magazin f\u00fcr alle, die hochwertige Fotokunst, stilvolle Erotik und modernen Chic sch\u00e4tzen.<\/strong><\/p>\n<hr data-start=\"961\" data-end=\"964\" \/>\n<h3 data-start=\"966\" data-end=\"1001\">\ud83d\udcd8 <strong data-start=\"973\" data-end=\"999\">Format: E-Reader (PDF)<\/strong><\/h3>\n<p data-start=\"1003\" data-end=\"1156\">\u2b07\ufe0f Sofortiger Download f\u00fcr Handy<br data-start=\"1035\" data-end=\"1038\" \/>\u2b07\ufe0f Sofortiger Download f\u00fcr PC<br data-start=\"1067\" data-end=\"1070\" \/>\u2b07\ufe0f Sofortiger Download f\u00fcr Tablet<br data-start=\"1103\" data-end=\"1106\" \/>\u2b07\ufe0f PDF-Download f\u00fcr alle E-Reader-f\u00e4higen Ger\u00e4te<\/p>\n<p data-start=\"1158\" data-end=\"1195\"><strong data-start=\"1158\" data-end=\"1195\">Einmal gekauft \u2013 f\u00fcr immer deins!<\/strong><\/p>","protected":false},"excerpt":{"rendered":"<p>\ud83d\udcf1 Erotik E-Reader \u2013 Top Floor Magazine \u2013 November 2020 Urbane Eleganz, klare Bildsprache \u2013 eine Ausgabe voller erwachsener Sinnlichkeit. Die Top Floor Magazine \u2013 November 2020 Edition pr\u00e4sentiert moderne Fotografie in ihrer stilvollsten Form. Professionell inszenierte Szenen, urbane Kulissen und selbstbewusste, erwachsene Models erzeugen ein harmonisches Zusammenspiel aus \u00c4sthetik, Charakter und moderner Erotik. Die [&hellip;]<\/p>\n","protected":false},"featured_media":1776,"comment_status":"open","ping_status":"closed","template":"","meta":[],"product_brand":[],"product_cat":[32],"product_tag":[],"class_list":{"0":"post-1775","1":"product","2":"type-product","3":"status-publish","4":"has-post-thumbnail","6":"product_cat-us-hustler-usw","8":"first","9":"instock","10":"sale","11":"virtual","12":"purchasable","13":"product-type-simple"},"jetpack_sharing_enabled":true,"_links":{"self":[{"href":"https:\/\/audiobook-24.com\/en\/wp-json\/wp\/v2\/product\/1775","targetHints":{"allow":["GET"]}}],"collection":[{"href":"https:\/\/audiobook-24.com\/en\/wp-json\/wp\/v2\/product"}],"about":[{"href":"https:\/\/audiobook-24.com\/en\/wp-json\/wp\/v2\/types\/product"}],"replies":[{"embeddable":true,"href":"https:\/\/audiobook-24.com\/en\/wp-json\/wp\/v2\/comments?post=1775"}],"wp:featuredmedia":[{"embeddable":true,"href":"https:\/\/audiobook-24.com\/en\/wp-json\/wp\/v2\/media\/1776"}],"wp:attachment":[{"href":"https:\/\/audiobook-24.com\/en\/wp-json\/wp\/v2\/media?parent=1775"}],"wp:term":[{"taxonomy":"product_brand","embeddable":true,"href":"https:\/\/audiobook-24.com\/en\/wp-json\/wp\/v2\/product_brand?post=1775"},{"taxonomy":"product_cat","embeddable":true,"href":"https:\/\/audiobook-24.com\/en\/wp-json\/wp\/v2\/product_cat?post=1775"},{"taxonomy":"product_tag","embeddable":true,"href":"https:\/\/audiobook-24.com\/en\/wp-json\/wp\/v2\/product_tag?post=1775"}],"curies":[{"name":"wp","href":"https:\/\/api.w.org\/{rel}","templated":true}]}}