{"id":1773,"date":"2025-11-29T21:28:24","date_gmt":"2025-11-29T21:28:24","guid":{"rendered":"https:\/\/audiobook-24.com\/?post_type=product&#038;p=1773"},"modified":"2025-11-29T21:28:24","modified_gmt":"2025-11-29T21:28:24","slug":"%f0%9f%93%b1-erotik-e-reader-top-floor-magazine-january-2021","status":"publish","type":"product","link":"https:\/\/audiobook-24.com\/en\/product\/%f0%9f%93%b1-erotik-e-reader-top-floor-magazine-january-2021\/","title":{"rendered":"\ud83d\udcf1 Erotik E-Reader \u2013 Top Floor Magazine \u2013 January 2021"},"content":{"rendered":"<h1 data-start=\"165\" data-end=\"227\">\ud83d\udcf1 <strong data-start=\"170\" data-end=\"225\">Erotik E-Reader \u2013 Top Floor Magazine \u2013 January 2021<\/strong><\/h1>\n<h3 data-start=\"228\" data-end=\"310\">Stilvolle Fotokunst, moderne Sinnlichkeit \u2013 ein Start ins Jahr voller Eleganz.<\/h3>\n<p data-start=\"312\" data-end=\"626\">Die <strong data-start=\"316\" data-end=\"353\">Top Floor Magazine \u2013 January 2021<\/strong> Edition verbindet hochwertige Fotografie mit urbaner \u00c4sthetik und zeitgem\u00e4sser, erwachsener Sinnlichkeit. Die professionell inszenierten Bildserien zeigen selbstbewusste Models in modernen, lichtstarken Szenen, die Charakter, Stil und Ausstrahlung auf den Punkt bringen.<\/p>\n<p data-start=\"628\" data-end=\"877\">Mit klaren Linien, edlen Looks und abwechslungsreichen Settings setzt diese Ausgabe auf eine visuelle Sprache, die sowohl \u00e4sthetisch als auch sinnlich wirkt. Erg\u00e4nzende Features, kurze Portr\u00e4ts und Lifestyle-Elemente runden das digitale Erlebnis ab.<\/p>\n<p data-start=\"879\" data-end=\"981\"><strong data-start=\"879\" data-end=\"981\">Ein Premium-Magazin f\u00fcr alle, die anspruchsvolle Fotokunst und elegante Erotik zu sch\u00e4tzen wissen.<\/strong><\/p>\n<hr data-start=\"983\" data-end=\"986\" \/>\n<h3 data-start=\"988\" data-end=\"1023\">\ud83d\udcd8 <strong data-start=\"995\" data-end=\"1021\">Format: E-Reader (PDF)<\/strong><\/h3>\n<p data-start=\"1025\" data-end=\"1178\">\u2b07\ufe0f Sofortiger Download f\u00fcr Handy<br data-start=\"1057\" data-end=\"1060\" \/>\u2b07\ufe0f Sofortiger Download f\u00fcr PC<br data-start=\"1089\" data-end=\"1092\" \/>\u2b07\ufe0f Sofortiger Download f\u00fcr Tablet<br data-start=\"1125\" data-end=\"1128\" \/>\u2b07\ufe0f PDF-Download f\u00fcr alle E-Reader-f\u00e4higen Ger\u00e4te<\/p>\n<p data-start=\"1180\" data-end=\"1217\"><strong data-start=\"1180\" data-end=\"1217\">Einmal gekauft \u2013 f\u00fcr immer deins!<\/strong><\/p>","protected":false},"excerpt":{"rendered":"<p>\ud83d\udcf1 Erotik E-Reader \u2013 Top Floor Magazine \u2013 January 2021 Stilvolle Fotokunst, moderne Sinnlichkeit \u2013 ein Start ins Jahr voller Eleganz. Die Top Floor Magazine \u2013 January 2021 Edition verbindet hochwertige Fotografie mit urbaner \u00c4sthetik und zeitgem\u00e4sser, erwachsener Sinnlichkeit. Die professionell inszenierten Bildserien zeigen selbstbewusste Models in modernen, lichtstarken Szenen, die Charakter, Stil und Ausstrahlung [&hellip;]<\/p>\n","protected":false},"featured_media":1774,"comment_status":"open","ping_status":"closed","template":"","meta":[],"product_brand":[],"product_cat":[32],"product_tag":[],"class_list":{"0":"post-1773","1":"product","2":"type-product","3":"status-publish","4":"has-post-thumbnail","6":"product_cat-us-hustler-usw","8":"first","9":"instock","10":"sale","11":"virtual","12":"purchasable","13":"product-type-simple"},"jetpack_sharing_enabled":true,"_links":{"self":[{"href":"https:\/\/audiobook-24.com\/en\/wp-json\/wp\/v2\/product\/1773","targetHints":{"allow":["GET"]}}],"collection":[{"href":"https:\/\/audiobook-24.com\/en\/wp-json\/wp\/v2\/product"}],"about":[{"href":"https:\/\/audiobook-24.com\/en\/wp-json\/wp\/v2\/types\/product"}],"replies":[{"embeddable":true,"href":"https:\/\/audiobook-24.com\/en\/wp-json\/wp\/v2\/comments?post=1773"}],"wp:featuredmedia":[{"embeddable":true,"href":"https:\/\/audiobook-24.com\/en\/wp-json\/wp\/v2\/media\/1774"}],"wp:attachment":[{"href":"https:\/\/audiobook-24.com\/en\/wp-json\/wp\/v2\/media?parent=1773"}],"wp:term":[{"taxonomy":"product_brand","embeddable":true,"href":"https:\/\/audiobook-24.com\/en\/wp-json\/wp\/v2\/product_brand?post=1773"},{"taxonomy":"product_cat","embeddable":true,"href":"https:\/\/audiobook-24.com\/en\/wp-json\/wp\/v2\/product_cat?post=1773"},{"taxonomy":"product_tag","embeddable":true,"href":"https:\/\/audiobook-24.com\/en\/wp-json\/wp\/v2\/product_tag?post=1773"}],"curies":[{"name":"wp","href":"https:\/\/api.w.org\/{rel}","templated":true}]}}