{"id":1771,"date":"2025-11-29T21:25:10","date_gmt":"2025-11-29T21:25:10","guid":{"rendered":"https:\/\/audiobook-24.com\/?post_type=product&#038;p=1771"},"modified":"2025-11-29T21:25:10","modified_gmt":"2025-11-29T21:25:10","slug":"%f0%9f%93%b1-erotik-e-reader-top-floor-magazine-december-2020","status":"publish","type":"product","link":"https:\/\/audiobook-24.com\/en\/product\/%f0%9f%93%b1-erotik-e-reader-top-floor-magazine-december-2020\/","title":{"rendered":"\ud83d\udcf1 Erotik E-Reader \u2013 Top Floor Magazine \u2013 December 2020"},"content":{"rendered":"<h1 data-start=\"157\" data-end=\"220\">\ud83d\udcf1 <strong data-start=\"162\" data-end=\"218\">Erotik E-Reader \u2013 Top Floor Magazine \u2013 December 2020<\/strong><\/h1>\n<h3 data-start=\"221\" data-end=\"303\">Moderne Erotik, urbane Eleganz \u2013 eine Ausgabe voller erwachsener Ausstrahlung.<\/h3>\n<p data-start=\"305\" data-end=\"581\">Die <strong data-start=\"309\" data-end=\"347\">Top Floor Magazine \u2013 December 2020<\/strong> Edition pr\u00e4sentiert hochwertige Fotostrecken erwachsener Models in stilvollen, urban inspirierten Szenen. Klare Linien, modernes Design und sorgf\u00e4ltig komponierte Bildwelten verleihen der Ausgabe eine markante, zeitgem\u00e4\u00dfe \u00c4sthetik.<\/p>\n<p data-start=\"583\" data-end=\"846\">Die Models zeigen sich selbstbewusst und professionell inszeniert \u2013 mit einem Fokus auf Pers\u00f6nlichkeit, Eleganz und erwachsener Sinnlichkeit. Erg\u00e4nzt wird das Magazin durch kleine Features, Lifestyle-Impulse und visuelle Details, die f\u00fcr zus\u00e4tzliche Tiefe sorgen.<\/p>\n<p data-start=\"848\" data-end=\"966\"><strong data-start=\"848\" data-end=\"966\">Ein digitales Magazin f\u00fcr alle, die hochwertige Fotografie, stilvolle Erotik und modernen Chic zu sch\u00e4tzen wissen.<\/strong><\/p>\n<hr data-start=\"968\" data-end=\"971\" \/>\n<h3 data-start=\"973\" data-end=\"1008\">\ud83d\udcd8 <strong data-start=\"980\" data-end=\"1006\">Format: E-Reader (PDF)<\/strong><\/h3>\n<p data-start=\"1010\" data-end=\"1163\">\u2b07\ufe0f Sofortiger Download f\u00fcr Handy<br data-start=\"1042\" data-end=\"1045\" \/>\u2b07\ufe0f Sofortiger Download f\u00fcr PC<br data-start=\"1074\" data-end=\"1077\" \/>\u2b07\ufe0f Sofortiger Download f\u00fcr Tablet<br data-start=\"1110\" data-end=\"1113\" \/>\u2b07\ufe0f PDF-Download f\u00fcr alle E-Reader-f\u00e4higen Ger\u00e4te<\/p>\n<p data-start=\"1165\" data-end=\"1202\"><strong data-start=\"1165\" data-end=\"1202\">Einmal gekauft \u2013 f\u00fcr immer deins!<\/strong><\/p>","protected":false},"excerpt":{"rendered":"<p>\ud83d\udcf1 Erotik E-Reader \u2013 Top Floor Magazine \u2013 December 2020 Moderne Erotik, urbane Eleganz \u2013 eine Ausgabe voller erwachsener Ausstrahlung. Die Top Floor Magazine \u2013 December 2020 Edition pr\u00e4sentiert hochwertige Fotostrecken erwachsener Models in stilvollen, urban inspirierten Szenen. Klare Linien, modernes Design und sorgf\u00e4ltig komponierte Bildwelten verleihen der Ausgabe eine markante, zeitgem\u00e4\u00dfe \u00c4sthetik. Die Models [&hellip;]<\/p>\n","protected":false},"featured_media":1772,"comment_status":"open","ping_status":"closed","template":"","meta":[],"product_brand":[],"product_cat":[32],"product_tag":[],"class_list":{"0":"post-1771","1":"product","2":"type-product","3":"status-publish","4":"has-post-thumbnail","6":"product_cat-us-hustler-usw","8":"first","9":"instock","10":"sale","11":"virtual","12":"purchasable","13":"product-type-simple"},"jetpack_sharing_enabled":true,"_links":{"self":[{"href":"https:\/\/audiobook-24.com\/en\/wp-json\/wp\/v2\/product\/1771","targetHints":{"allow":["GET"]}}],"collection":[{"href":"https:\/\/audiobook-24.com\/en\/wp-json\/wp\/v2\/product"}],"about":[{"href":"https:\/\/audiobook-24.com\/en\/wp-json\/wp\/v2\/types\/product"}],"replies":[{"embeddable":true,"href":"https:\/\/audiobook-24.com\/en\/wp-json\/wp\/v2\/comments?post=1771"}],"wp:featuredmedia":[{"embeddable":true,"href":"https:\/\/audiobook-24.com\/en\/wp-json\/wp\/v2\/media\/1772"}],"wp:attachment":[{"href":"https:\/\/audiobook-24.com\/en\/wp-json\/wp\/v2\/media?parent=1771"}],"wp:term":[{"taxonomy":"product_brand","embeddable":true,"href":"https:\/\/audiobook-24.com\/en\/wp-json\/wp\/v2\/product_brand?post=1771"},{"taxonomy":"product_cat","embeddable":true,"href":"https:\/\/audiobook-24.com\/en\/wp-json\/wp\/v2\/product_cat?post=1771"},{"taxonomy":"product_tag","embeddable":true,"href":"https:\/\/audiobook-24.com\/en\/wp-json\/wp\/v2\/product_tag?post=1771"}],"curies":[{"name":"wp","href":"https:\/\/api.w.org\/{rel}","templated":true}]}}