{"id":1769,"date":"2025-11-29T21:22:05","date_gmt":"2025-11-29T21:22:05","guid":{"rendered":"https:\/\/audiobook-24.com\/?post_type=product&#038;p=1769"},"modified":"2025-11-29T21:22:05","modified_gmt":"2025-11-29T21:22:05","slug":"%f0%9f%93%b1-erotik-e-reader-playboy-africa-december-2020","status":"publish","type":"product","link":"https:\/\/audiobook-24.com\/en\/product\/%f0%9f%93%b1-erotik-e-reader-playboy-africa-december-2020\/","title":{"rendered":"\ud83d\udcf1 Erotik E-Reader \u2013 Playboy Africa \u2013 December 2020"},"content":{"rendered":"<h1 data-start=\"154\" data-end=\"213\">\ud83d\udcf1 <strong data-start=\"159\" data-end=\"211\">Erotik E-Reader \u2013 Playboy Africa \u2013 December 2020<\/strong><\/h1>\n<h3 data-start=\"214\" data-end=\"305\">Stilvolle Sinnlichkeit, moderne \u00c4sthetik \u2013 eine Ausgabe voller internationaler Eleganz.<\/h3>\n<p data-start=\"307\" data-end=\"623\">Die <strong data-start=\"311\" data-end=\"345\">Playboy Africa \u2013 December 2020<\/strong> Edition pr\u00e4sentiert hochwertige Fotostrecken erwachsener, selbstbewusster Models, eingefangen in professionellen, \u00e4sthetischen Szenerien. Die Mischung aus moderner Bildsprache, intensiven Farben und klaren Kompositionen verleiht dieser Ausgabe eine besondere visuelle St\u00e4rke.<\/p>\n<p data-start=\"625\" data-end=\"818\">Neben den kunstvoll inszenierten Fotos erwarten dich exklusive Interviews, Lifestyle-Themen und kulturelle Einfl\u00fcsse, die dem Magazin einen einzigartigen, internationalen Charakter verleihen.<\/p>\n<p data-start=\"820\" data-end=\"919\"><strong data-start=\"820\" data-end=\"919\">Eine digitale Ausgabe, die Eleganz, Erotik und fotografische Kunst auf h\u00f6chstem Niveau vereint.<\/strong><\/p>\n<hr data-start=\"921\" data-end=\"924\" \/>\n<h3 data-start=\"926\" data-end=\"961\">\ud83d\udcd8 <strong data-start=\"933\" data-end=\"959\">Format: E-Reader (PDF)<\/strong><\/h3>\n<p data-start=\"963\" data-end=\"1116\">\u2b07\ufe0f Sofortiger Download f\u00fcr Handy<br data-start=\"995\" data-end=\"998\" \/>\u2b07\ufe0f Sofortiger Download f\u00fcr PC<br data-start=\"1027\" data-end=\"1030\" \/>\u2b07\ufe0f Sofortiger Download f\u00fcr Tablet<br data-start=\"1063\" data-end=\"1066\" \/>\u2b07\ufe0f PDF-Download f\u00fcr alle E-Reader-f\u00e4higen Ger\u00e4te<\/p>\n<p data-start=\"1118\" data-end=\"1155\"><strong data-start=\"1118\" data-end=\"1155\">Einmal gekauft \u2013 f\u00fcr immer deins!<\/strong><\/p>","protected":false},"excerpt":{"rendered":"<p>\ud83d\udcf1 Erotik E-Reader \u2013 Playboy Africa \u2013 December 2020 Stilvolle Sinnlichkeit, moderne \u00c4sthetik \u2013 eine Ausgabe voller internationaler Eleganz. Die Playboy Africa \u2013 December 2020 Edition pr\u00e4sentiert hochwertige Fotostrecken erwachsener, selbstbewusster Models, eingefangen in professionellen, \u00e4sthetischen Szenerien. Die Mischung aus moderner Bildsprache, intensiven Farben und klaren Kompositionen verleiht dieser Ausgabe eine besondere visuelle St\u00e4rke. Neben [&hellip;]<\/p>\n","protected":false},"featured_media":1770,"comment_status":"open","ping_status":"closed","template":"","meta":[],"product_brand":[],"product_cat":[32],"product_tag":[],"class_list":{"0":"post-1769","1":"product","2":"type-product","3":"status-publish","4":"has-post-thumbnail","6":"product_cat-us-hustler-usw","8":"first","9":"instock","10":"sale","11":"virtual","12":"purchasable","13":"product-type-simple"},"jetpack_sharing_enabled":true,"_links":{"self":[{"href":"https:\/\/audiobook-24.com\/en\/wp-json\/wp\/v2\/product\/1769","targetHints":{"allow":["GET"]}}],"collection":[{"href":"https:\/\/audiobook-24.com\/en\/wp-json\/wp\/v2\/product"}],"about":[{"href":"https:\/\/audiobook-24.com\/en\/wp-json\/wp\/v2\/types\/product"}],"replies":[{"embeddable":true,"href":"https:\/\/audiobook-24.com\/en\/wp-json\/wp\/v2\/comments?post=1769"}],"wp:featuredmedia":[{"embeddable":true,"href":"https:\/\/audiobook-24.com\/en\/wp-json\/wp\/v2\/media\/1770"}],"wp:attachment":[{"href":"https:\/\/audiobook-24.com\/en\/wp-json\/wp\/v2\/media?parent=1769"}],"wp:term":[{"taxonomy":"product_brand","embeddable":true,"href":"https:\/\/audiobook-24.com\/en\/wp-json\/wp\/v2\/product_brand?post=1769"},{"taxonomy":"product_cat","embeddable":true,"href":"https:\/\/audiobook-24.com\/en\/wp-json\/wp\/v2\/product_cat?post=1769"},{"taxonomy":"product_tag","embeddable":true,"href":"https:\/\/audiobook-24.com\/en\/wp-json\/wp\/v2\/product_tag?post=1769"}],"curies":[{"name":"wp","href":"https:\/\/api.w.org\/{rel}","templated":true}]}}