{"id":1767,"date":"2025-11-29T21:18:57","date_gmt":"2025-11-29T21:18:57","guid":{"rendered":"https:\/\/audiobook-24.com\/?post_type=product&#038;p=1767"},"modified":"2025-11-29T21:18:57","modified_gmt":"2025-11-29T21:18:57","slug":"%f0%9f%93%b1-erotik-e-reader-playboy-africa-january-2021","status":"publish","type":"product","link":"https:\/\/audiobook-24.com\/en\/product\/%f0%9f%93%b1-erotik-e-reader-playboy-africa-january-2021\/","title":{"rendered":"\ud83d\udcf1 Erotik E-Reader \u2013 Playboy Africa \u2013 January 2021"},"content":{"rendered":"<h1 data-start=\"190\" data-end=\"248\">\ud83d\udcf1 <strong data-start=\"195\" data-end=\"246\">Erotik E-Reader \u2013 Playboy Africa \u2013 January 2021<\/strong><\/h1>\n<h3 data-start=\"249\" data-end=\"334\">Exotische Eleganz, starke Fotografie \u2013 eine Ausgabe voller moderner Sinnlichkeit.<\/h3>\n<p data-start=\"336\" data-end=\"636\">Die <strong data-start=\"340\" data-end=\"373\">Playboy Africa \u2013 January 2021<\/strong> Edition verbindet hochwertige Fotostrecken mit einem besonderen kulturellen Flair und einer frischen, modernen \u00c4sthetik. Erwachsene, selbstbewusste Models pr\u00e4sentieren sich in professionell inszenierten Szenen, die auf Stil, Ausdruck und Pers\u00f6nlichkeit setzen.<\/p>\n<p data-start=\"638\" data-end=\"846\">Neben den visuellen Highlights bietet die Ausgabe Interviews, Lifestyle-Themen und exklusive Features, die das charakteristische Playboy-Erlebnis abrunden \u2013 elegant, \u00e4sthetisch und mit internationalem Charme.<\/p>\n<p data-start=\"848\" data-end=\"966\"><strong data-start=\"848\" data-end=\"966\">Ein digitales Highlight f\u00fcr alle, die hochwertige Erotik, kulturelle Vielfalt und erstklassige Fotokunst sch\u00e4tzen.<\/strong><\/p>\n<hr data-start=\"968\" data-end=\"971\" \/>\n<h3 data-start=\"973\" data-end=\"1008\">\ud83d\udcd8 <strong data-start=\"980\" data-end=\"1006\">Format: E-Reader (PDF)<\/strong><\/h3>\n<p data-start=\"1010\" data-end=\"1163\">\u2b07\ufe0f Sofortiger Download f\u00fcr Handy<br data-start=\"1042\" data-end=\"1045\" \/>\u2b07\ufe0f Sofortiger Download f\u00fcr PC<br data-start=\"1074\" data-end=\"1077\" \/>\u2b07\ufe0f Sofortiger Download f\u00fcr Tablet<br data-start=\"1110\" data-end=\"1113\" \/>\u2b07\ufe0f PDF-Download f\u00fcr alle E-Reader-f\u00e4higen Ger\u00e4te<\/p>\n<p data-start=\"1165\" data-end=\"1202\"><strong data-start=\"1165\" data-end=\"1202\">Einmal gekauft \u2013 f\u00fcr immer deins!<\/strong><\/p>","protected":false},"excerpt":{"rendered":"<p>\ud83d\udcf1 Erotik E-Reader \u2013 Playboy Africa \u2013 January 2021 Exotische Eleganz, starke Fotografie \u2013 eine Ausgabe voller moderner Sinnlichkeit. Die Playboy Africa \u2013 January 2021 Edition verbindet hochwertige Fotostrecken mit einem besonderen kulturellen Flair und einer frischen, modernen \u00c4sthetik. Erwachsene, selbstbewusste Models pr\u00e4sentieren sich in professionell inszenierten Szenen, die auf Stil, Ausdruck und Pers\u00f6nlichkeit setzen. [&hellip;]<\/p>\n","protected":false},"featured_media":1768,"comment_status":"open","ping_status":"closed","template":"","meta":[],"product_brand":[],"product_cat":[32],"product_tag":[],"class_list":{"0":"post-1767","1":"product","2":"type-product","3":"status-publish","4":"has-post-thumbnail","6":"product_cat-us-hustler-usw","8":"first","9":"instock","10":"sale","11":"virtual","12":"purchasable","13":"product-type-simple"},"jetpack_sharing_enabled":true,"_links":{"self":[{"href":"https:\/\/audiobook-24.com\/en\/wp-json\/wp\/v2\/product\/1767","targetHints":{"allow":["GET"]}}],"collection":[{"href":"https:\/\/audiobook-24.com\/en\/wp-json\/wp\/v2\/product"}],"about":[{"href":"https:\/\/audiobook-24.com\/en\/wp-json\/wp\/v2\/types\/product"}],"replies":[{"embeddable":true,"href":"https:\/\/audiobook-24.com\/en\/wp-json\/wp\/v2\/comments?post=1767"}],"wp:featuredmedia":[{"embeddable":true,"href":"https:\/\/audiobook-24.com\/en\/wp-json\/wp\/v2\/media\/1768"}],"wp:attachment":[{"href":"https:\/\/audiobook-24.com\/en\/wp-json\/wp\/v2\/media?parent=1767"}],"wp:term":[{"taxonomy":"product_brand","embeddable":true,"href":"https:\/\/audiobook-24.com\/en\/wp-json\/wp\/v2\/product_brand?post=1767"},{"taxonomy":"product_cat","embeddable":true,"href":"https:\/\/audiobook-24.com\/en\/wp-json\/wp\/v2\/product_cat?post=1767"},{"taxonomy":"product_tag","embeddable":true,"href":"https:\/\/audiobook-24.com\/en\/wp-json\/wp\/v2\/product_tag?post=1767"}],"curies":[{"name":"wp","href":"https:\/\/api.w.org\/{rel}","templated":true}]}}