{"id":1765,"date":"2025-11-29T21:14:34","date_gmt":"2025-11-29T21:14:34","guid":{"rendered":"https:\/\/audiobook-24.com\/?post_type=product&#038;p=1765"},"modified":"2025-11-29T21:14:34","modified_gmt":"2025-11-29T21:14:34","slug":"%f0%9f%93%b1-erotik-e-reader-player-agent-january-july-2021","status":"publish","type":"product","link":"https:\/\/audiobook-24.com\/en\/product\/%f0%9f%93%b1-erotik-e-reader-player-agent-january-july-2021\/","title":{"rendered":"\ud83d\udcf1 Erotik E-Reader \u2013 Player Agent \u2013 January\u2013July 2021"},"content":{"rendered":"<h1 data-start=\"150\" data-end=\"211\">\ud83d\udcf1 <strong data-start=\"155\" data-end=\"209\">Erotik E-Reader \u2013 Player Agent \u2013 January\u2013July 2021<\/strong><\/h1>\n<h3 data-start=\"212\" data-end=\"299\">Hochwertige Fotokunst, starke Looks \u2013 eine Edition voller erwachsener Sinnlichkeit.<\/h3>\n<p data-start=\"301\" data-end=\"608\">Die <strong data-start=\"305\" data-end=\"344\">Player Agent \u2013 January to July 2021<\/strong> Edition pr\u00e4sentiert eine Auswahl erwachsener Models in stilvollen, professionell inszenierten Fotoserien. Moderne Outfits, klare Linien und elegante Posen verleihen jeder Bildstrecke eine besondere Ausstrahlung, die Sinnlichkeit und Klasse harmonisch verbindet.<\/p>\n<p data-start=\"610\" data-end=\"872\">Mit abwechslungsreichen Settings, detailverliebten Kompositionen und einer selbstbewussten Bildsprache hebt diese Sammlung die visuelle St\u00e4rke des Magazins hervor. Erg\u00e4nzende Kurzfeatures und kleine Hintergrundnotizen sorgen f\u00fcr zus\u00e4tzliche Atmosph\u00e4re und Tiefe.<\/p>\n<p data-start=\"874\" data-end=\"994\"><strong data-start=\"874\" data-end=\"994\">Ein digitales Premium-Special f\u00fcr alle, die \u00e4sthetische Erotik, hochwertige Fotografie und moderne Eleganz sch\u00e4tzen.<\/strong><\/p>\n<hr data-start=\"996\" data-end=\"999\" \/>\n<h3 data-start=\"1001\" data-end=\"1036\">\ud83d\udcd8 <strong data-start=\"1008\" data-end=\"1034\">Format: E-Reader (PDF)<\/strong><\/h3>\n<p data-start=\"1038\" data-end=\"1191\">\u2b07\ufe0f Sofortiger Download f\u00fcr Handy<br data-start=\"1070\" data-end=\"1073\" \/>\u2b07\ufe0f Sofortiger Download f\u00fcr PC<br data-start=\"1102\" data-end=\"1105\" \/>\u2b07\ufe0f Sofortiger Download f\u00fcr Tablet<br data-start=\"1138\" data-end=\"1141\" \/>\u2b07\ufe0f PDF-Download f\u00fcr alle E-Reader-f\u00e4higen Ger\u00e4te<\/p>\n<p data-start=\"1193\" data-end=\"1230\"><strong data-start=\"1193\" data-end=\"1230\">Einmal gekauft \u2013 f\u00fcr immer deins!<\/strong><\/p>","protected":false},"excerpt":{"rendered":"<p>\ud83d\udcf1 Erotik E-Reader \u2013 Player Agent \u2013 January\u2013July 2021 Hochwertige Fotokunst, starke Looks \u2013 eine Edition voller erwachsener Sinnlichkeit. Die Player Agent \u2013 January to July 2021 Edition pr\u00e4sentiert eine Auswahl erwachsener Models in stilvollen, professionell inszenierten Fotoserien. Moderne Outfits, klare Linien und elegante Posen verleihen jeder Bildstrecke eine besondere Ausstrahlung, die Sinnlichkeit und Klasse [&hellip;]<\/p>\n","protected":false},"featured_media":1766,"comment_status":"open","ping_status":"closed","template":"","meta":[],"product_brand":[],"product_cat":[32],"product_tag":[],"class_list":{"0":"post-1765","1":"product","2":"type-product","3":"status-publish","4":"has-post-thumbnail","6":"product_cat-us-hustler-usw","8":"first","9":"instock","10":"sale","11":"virtual","12":"purchasable","13":"product-type-simple"},"jetpack_sharing_enabled":true,"_links":{"self":[{"href":"https:\/\/audiobook-24.com\/en\/wp-json\/wp\/v2\/product\/1765","targetHints":{"allow":["GET"]}}],"collection":[{"href":"https:\/\/audiobook-24.com\/en\/wp-json\/wp\/v2\/product"}],"about":[{"href":"https:\/\/audiobook-24.com\/en\/wp-json\/wp\/v2\/types\/product"}],"replies":[{"embeddable":true,"href":"https:\/\/audiobook-24.com\/en\/wp-json\/wp\/v2\/comments?post=1765"}],"wp:featuredmedia":[{"embeddable":true,"href":"https:\/\/audiobook-24.com\/en\/wp-json\/wp\/v2\/media\/1766"}],"wp:attachment":[{"href":"https:\/\/audiobook-24.com\/en\/wp-json\/wp\/v2\/media?parent=1765"}],"wp:term":[{"taxonomy":"product_brand","embeddable":true,"href":"https:\/\/audiobook-24.com\/en\/wp-json\/wp\/v2\/product_brand?post=1765"},{"taxonomy":"product_cat","embeddable":true,"href":"https:\/\/audiobook-24.com\/en\/wp-json\/wp\/v2\/product_cat?post=1765"},{"taxonomy":"product_tag","embeddable":true,"href":"https:\/\/audiobook-24.com\/en\/wp-json\/wp\/v2\/product_tag?post=1765"}],"curies":[{"name":"wp","href":"https:\/\/api.w.org\/{rel}","templated":true}]}}