{"id":1763,"date":"2025-11-29T21:12:22","date_gmt":"2025-11-29T21:12:22","guid":{"rendered":"https:\/\/audiobook-24.com\/?post_type=product&#038;p=1763"},"modified":"2025-11-29T21:12:22","modified_gmt":"2025-11-29T21:12:22","slug":"%f0%9f%93%b1-erotik-e-reader-player-agent-june-december-2020","status":"publish","type":"product","link":"https:\/\/audiobook-24.com\/en\/product\/%f0%9f%93%b1-erotik-e-reader-player-agent-june-december-2020\/","title":{"rendered":"\ud83d\udcf1 Erotik E-Reader \u2013 Player Agent \u2013 June\u2013December 2020"},"content":{"rendered":"<h1 data-start=\"165\" data-end=\"227\">\ud83d\udcf1 <strong data-start=\"170\" data-end=\"225\">Erotik E-Reader \u2013 Player Agent \u2013 June\u2013December 2020<\/strong><\/h1>\n<h3 data-start=\"228\" data-end=\"314\">Stilvolle Erotik, starke Fotokunst \u2013 eine Edition voller erwachsener Ausstrahlung.<\/h3>\n<p data-start=\"316\" data-end=\"561\">Die <strong data-start=\"320\" data-end=\"360\">Player Agent \u2013 June to December 2020<\/strong> Edition pr\u00e4sentiert eine hochwertige Auswahl erwachsener Models in modern fotografierten Szenen. Jede Bildserie verbindet professionelle Inszenierung, klare \u00c4sthetik und selbstbewusste Sinnlichkeit.<\/p>\n<p data-start=\"563\" data-end=\"809\">Die Ausgabe setzt auf elegante Outfits, dynamische Posen und abwechslungsreiche Settings, die den typischen Charakter dieses Magazinformats ausmachen. Erg\u00e4nzende Kurzfeatures und kleine Behind-the-Scenes-Einblicke runden das digitale Erlebnis ab.<\/p>\n<p data-start=\"811\" data-end=\"918\"><strong data-start=\"811\" data-end=\"918\">Eine visuell starke Collection f\u00fcr alle, die niveauvolle Erotik und professionelle Fotografie sch\u00e4tzen.<\/strong><\/p>\n<hr data-start=\"920\" data-end=\"923\" \/>\n<h3 data-start=\"925\" data-end=\"960\">\ud83d\udcd8 <strong data-start=\"932\" data-end=\"958\">Format: E-Reader (PDF)<\/strong><\/h3>\n<p data-start=\"962\" data-end=\"1115\">\u2b07\ufe0f Sofortiger Download f\u00fcr Handy<br data-start=\"994\" data-end=\"997\" \/>\u2b07\ufe0f Sofortiger Download f\u00fcr PC<br data-start=\"1026\" data-end=\"1029\" \/>\u2b07\ufe0f Sofortiger Download f\u00fcr Tablet<br data-start=\"1062\" data-end=\"1065\" \/>\u2b07\ufe0f PDF-Download f\u00fcr alle E-Reader-f\u00e4higen Ger\u00e4te<\/p>\n<p data-start=\"1117\" data-end=\"1154\"><strong data-start=\"1117\" data-end=\"1154\">Einmal gekauft \u2013 f\u00fcr immer deins!<\/strong><\/p>","protected":false},"excerpt":{"rendered":"<p>\ud83d\udcf1 Erotik E-Reader \u2013 Player Agent \u2013 June\u2013December 2020 Stilvolle Erotik, starke Fotokunst \u2013 eine Edition voller erwachsener Ausstrahlung. Die Player Agent \u2013 June to December 2020 Edition pr\u00e4sentiert eine hochwertige Auswahl erwachsener Models in modern fotografierten Szenen. Jede Bildserie verbindet professionelle Inszenierung, klare \u00c4sthetik und selbstbewusste Sinnlichkeit. Die Ausgabe setzt auf elegante Outfits, dynamische [&hellip;]<\/p>\n","protected":false},"featured_media":1764,"comment_status":"open","ping_status":"closed","template":"","meta":[],"product_brand":[],"product_cat":[32],"product_tag":[],"class_list":{"0":"post-1763","1":"product","2":"type-product","3":"status-publish","4":"has-post-thumbnail","6":"product_cat-us-hustler-usw","8":"first","9":"instock","10":"sale","11":"virtual","12":"purchasable","13":"product-type-simple"},"jetpack_sharing_enabled":true,"_links":{"self":[{"href":"https:\/\/audiobook-24.com\/en\/wp-json\/wp\/v2\/product\/1763","targetHints":{"allow":["GET"]}}],"collection":[{"href":"https:\/\/audiobook-24.com\/en\/wp-json\/wp\/v2\/product"}],"about":[{"href":"https:\/\/audiobook-24.com\/en\/wp-json\/wp\/v2\/types\/product"}],"replies":[{"embeddable":true,"href":"https:\/\/audiobook-24.com\/en\/wp-json\/wp\/v2\/comments?post=1763"}],"wp:featuredmedia":[{"embeddable":true,"href":"https:\/\/audiobook-24.com\/en\/wp-json\/wp\/v2\/media\/1764"}],"wp:attachment":[{"href":"https:\/\/audiobook-24.com\/en\/wp-json\/wp\/v2\/media?parent=1763"}],"wp:term":[{"taxonomy":"product_brand","embeddable":true,"href":"https:\/\/audiobook-24.com\/en\/wp-json\/wp\/v2\/product_brand?post=1763"},{"taxonomy":"product_cat","embeddable":true,"href":"https:\/\/audiobook-24.com\/en\/wp-json\/wp\/v2\/product_cat?post=1763"},{"taxonomy":"product_tag","embeddable":true,"href":"https:\/\/audiobook-24.com\/en\/wp-json\/wp\/v2\/product_tag?post=1763"}],"curies":[{"name":"wp","href":"https:\/\/api.w.org\/{rel}","templated":true}]}}