{"id":1755,"date":"2025-11-29T20:55:17","date_gmt":"2025-11-29T20:55:17","guid":{"rendered":"https:\/\/audiobook-24.com\/?post_type=product&#038;p=1755"},"modified":"2025-11-29T20:55:18","modified_gmt":"2025-11-29T20:55:18","slug":"%f0%9f%93%b1-erotik-e-reader-playmate-360-november-2020-may-2021","status":"publish","type":"product","link":"https:\/\/audiobook-24.com\/en\/product\/%f0%9f%93%b1-erotik-e-reader-playmate-360-november-2020-may-2021\/","title":{"rendered":"\ud83d\udcf1 Erotik E-Reader \u2013 Playmate 360 \u2013 November 2020\u2013May 2021"},"content":{"rendered":"<h1 data-start=\"204\" data-end=\"270\">\ud83d\udcf1 <strong data-start=\"209\" data-end=\"268\">Erotik E-Reader \u2013 Playmate 360 \u2013 November 2020\u2013May 2021<\/strong><\/h1>\n<h3 data-start=\"271\" data-end=\"352\">Zeitlose Sch\u00f6nheit, moderne \u00c4sthetik \u2013 eine digitale Sammlung voller Eleganz.<\/h3>\n<p data-start=\"354\" data-end=\"638\">Die <strong data-start=\"358\" data-end=\"411\">Playmate 360 Edition \u2013 November 2020 bis May 2021<\/strong> pr\u00e4sentiert eine besondere Auswahl erwachsener, selbstbewusster Playmates in hochwertig inszenierten Fotostrecken. Jede Serie kombiniert Stil, Sinnlichkeit und professionelle Bildgestaltung, wie man sie vom Playboy erwartet.<\/p>\n<p data-start=\"640\" data-end=\"860\">Neben den visuellen Highlights bietet diese digitale Sammlung Einblicke in Pers\u00f6nlichkeit und Lifestyle der Models \u2013 mit kurzen Features, Hintergrundinformationen und Momentaufnahmen, die jede Ausgabe einzigartig machen.<\/p>\n<p data-start=\"862\" data-end=\"957\"><strong data-start=\"862\" data-end=\"957\">Eine exklusive Edition f\u00fcr alle, die \u00e4sthetische Erotik und hochwertige Fotokunst sch\u00e4tzen.<\/strong><\/p>\n<hr data-start=\"959\" data-end=\"962\" \/>\n<h3 data-start=\"964\" data-end=\"999\">\ud83d\udcd8 <strong data-start=\"971\" data-end=\"997\">Format: E-Reader (PDF)<\/strong><\/h3>\n<p data-start=\"1001\" data-end=\"1154\">\u2b07\ufe0f Sofortiger Download f\u00fcr Handy<br data-start=\"1033\" data-end=\"1036\" \/>\u2b07\ufe0f Sofortiger Download f\u00fcr PC<br data-start=\"1065\" data-end=\"1068\" \/>\u2b07\ufe0f Sofortiger Download f\u00fcr Tablet<br data-start=\"1101\" data-end=\"1104\" \/>\u2b07\ufe0f PDF-Download f\u00fcr alle E-Reader-f\u00e4higen Ger\u00e4te<\/p>\n<p data-start=\"1156\" data-end=\"1193\"><strong data-start=\"1156\" data-end=\"1193\">Einmal gekauft \u2013 f\u00fcr immer deins!<\/strong><\/p>","protected":false},"excerpt":{"rendered":"<p>\ud83d\udcf1 Erotik E-Reader \u2013 Playmate 360 \u2013 November 2020\u2013May 2021 Zeitlose Sch\u00f6nheit, moderne \u00c4sthetik \u2013 eine digitale Sammlung voller Eleganz. Die Playmate 360 Edition \u2013 November 2020 bis May 2021 pr\u00e4sentiert eine besondere Auswahl erwachsener, selbstbewusster Playmates in hochwertig inszenierten Fotostrecken. Jede Serie kombiniert Stil, Sinnlichkeit und professionelle Bildgestaltung, wie man sie vom Playboy erwartet. [&hellip;]<\/p>\n","protected":false},"featured_media":1756,"comment_status":"open","ping_status":"closed","template":"","meta":[],"product_brand":[],"product_cat":[32],"product_tag":[],"class_list":{"0":"post-1755","1":"product","2":"type-product","3":"status-publish","4":"has-post-thumbnail","6":"product_cat-us-hustler-usw","8":"first","9":"instock","10":"sale","11":"virtual","12":"purchasable","13":"product-type-simple"},"jetpack_sharing_enabled":true,"_links":{"self":[{"href":"https:\/\/audiobook-24.com\/en\/wp-json\/wp\/v2\/product\/1755","targetHints":{"allow":["GET"]}}],"collection":[{"href":"https:\/\/audiobook-24.com\/en\/wp-json\/wp\/v2\/product"}],"about":[{"href":"https:\/\/audiobook-24.com\/en\/wp-json\/wp\/v2\/types\/product"}],"replies":[{"embeddable":true,"href":"https:\/\/audiobook-24.com\/en\/wp-json\/wp\/v2\/comments?post=1755"}],"wp:featuredmedia":[{"embeddable":true,"href":"https:\/\/audiobook-24.com\/en\/wp-json\/wp\/v2\/media\/1756"}],"wp:attachment":[{"href":"https:\/\/audiobook-24.com\/en\/wp-json\/wp\/v2\/media?parent=1755"}],"wp:term":[{"taxonomy":"product_brand","embeddable":true,"href":"https:\/\/audiobook-24.com\/en\/wp-json\/wp\/v2\/product_brand?post=1755"},{"taxonomy":"product_cat","embeddable":true,"href":"https:\/\/audiobook-24.com\/en\/wp-json\/wp\/v2\/product_cat?post=1755"},{"taxonomy":"product_tag","embeddable":true,"href":"https:\/\/audiobook-24.com\/en\/wp-json\/wp\/v2\/product_tag?post=1755"}],"curies":[{"name":"wp","href":"https:\/\/api.w.org\/{rel}","templated":true}]}}