{"id":1753,"date":"2025-11-29T20:51:58","date_gmt":"2025-11-29T20:51:58","guid":{"rendered":"https:\/\/audiobook-24.com\/?post_type=product&#038;p=1753"},"modified":"2025-11-29T20:51:58","modified_gmt":"2025-11-29T20:51:58","slug":"%f0%9f%93%b1-erotik-e-reader-playmate-360-september-2019-bis-maerz-2020","status":"publish","type":"product","link":"https:\/\/audiobook-24.com\/en\/product\/%f0%9f%93%b1-erotik-e-reader-playmate-360-september-2019-bis-maerz-2020\/","title":{"rendered":"\ud83d\udcf1 Erotik E-Reader \u2013 Playmate 360 \u2013 September 2019 bis M\u00e4rz 2020"},"content":{"rendered":"<h1 data-start=\"203\" data-end=\"275\">\ud83d\udcf1 <strong data-start=\"208\" data-end=\"273\">Erotik E-Reader \u2013 Playmate 360 \u2013 September 2019 bis M\u00e4rz 2020<\/strong><\/h1>\n<h3 data-start=\"276\" data-end=\"355\">Exklusive Playmate-Portraits \u2013 modern, sinnlich und voll zeitloser Eleganz.<\/h3>\n<p data-start=\"357\" data-end=\"656\">Die <strong data-start=\"361\" data-end=\"385\">Playmate 360 Edition<\/strong> von September 2019 bis M\u00e4rz 2020 pr\u00e4sentiert eine Sammlung ausgew\u00e4hlter Playmates in hochwertigen, stilvollen Fotoserien. Jede Ausgabe zeigt erwachsene, selbstbewusste Models, professionell inszeniert und mit dem typischen Playboy-Anspruch an \u00c4sthetik, Licht und Stil.<\/p>\n<p data-start=\"658\" data-end=\"852\">Neben den beeindruckenden Fotostrecken erwarten dich spannende Hintergrundinformationen, kurze Interviews, pers\u00f6nliche Einblicke und Lifestyle-Elemente, die das Gesamtbild harmonisch abrunden.<\/p>\n<p data-start=\"854\" data-end=\"1008\">Diese digitale Edition verbindet klassische Playboy-Eleganz mit modernen Bildwelten \u2013 sinnlich, \u00e4sthetisch und mit Fokus auf Sch\u00f6nheit und Pers\u00f6nlichkeit.<\/p>\n<p data-start=\"1010\" data-end=\"1109\"><strong data-start=\"1010\" data-end=\"1109\">Ein Premium-Special f\u00fcr alle, die hochwertige Fotokunst und zeitlose Erotik zu sch\u00e4tzen wissen.<\/strong><\/p>\n<hr data-start=\"1111\" data-end=\"1114\" \/>\n<h3 data-start=\"1116\" data-end=\"1151\">\ud83d\udcd8 <strong data-start=\"1123\" data-end=\"1149\">Format: E-Reader (PDF)<\/strong><\/h3>\n<p data-start=\"1153\" data-end=\"1306\">\u2b07\ufe0f Sofortiger Download f\u00fcr Handy<br data-start=\"1185\" data-end=\"1188\" \/>\u2b07\ufe0f Sofortiger Download f\u00fcr PC<br data-start=\"1217\" data-end=\"1220\" \/>\u2b07\ufe0f Sofortiger Download f\u00fcr Tablet<br data-start=\"1253\" data-end=\"1256\" \/>\u2b07\ufe0f PDF-Download f\u00fcr alle E-Reader-f\u00e4higen Ger\u00e4te<\/p>\n<p data-start=\"1308\" data-end=\"1345\"><strong data-start=\"1308\" data-end=\"1345\">Einmal gekauft \u2013 f\u00fcr immer deins!<\/strong><\/p>","protected":false},"excerpt":{"rendered":"<p>\ud83d\udcf1 Erotik E-Reader \u2013 Playmate 360 \u2013 September 2019 bis M\u00e4rz 2020 Exklusive Playmate-Portraits \u2013 modern, sinnlich und voll zeitloser Eleganz. Die Playmate 360 Edition von September 2019 bis M\u00e4rz 2020 pr\u00e4sentiert eine Sammlung ausgew\u00e4hlter Playmates in hochwertigen, stilvollen Fotoserien. Jede Ausgabe zeigt erwachsene, selbstbewusste Models, professionell inszeniert und mit dem typischen Playboy-Anspruch an \u00c4sthetik, [&hellip;]<\/p>\n","protected":false},"featured_media":1754,"comment_status":"open","ping_status":"closed","template":"","meta":[],"product_brand":[],"product_cat":[32],"product_tag":[],"class_list":{"0":"post-1753","1":"product","2":"type-product","3":"status-publish","4":"has-post-thumbnail","6":"product_cat-us-hustler-usw","8":"first","9":"instock","10":"sale","11":"virtual","12":"purchasable","13":"product-type-simple"},"jetpack_sharing_enabled":true,"_links":{"self":[{"href":"https:\/\/audiobook-24.com\/en\/wp-json\/wp\/v2\/product\/1753","targetHints":{"allow":["GET"]}}],"collection":[{"href":"https:\/\/audiobook-24.com\/en\/wp-json\/wp\/v2\/product"}],"about":[{"href":"https:\/\/audiobook-24.com\/en\/wp-json\/wp\/v2\/types\/product"}],"replies":[{"embeddable":true,"href":"https:\/\/audiobook-24.com\/en\/wp-json\/wp\/v2\/comments?post=1753"}],"wp:featuredmedia":[{"embeddable":true,"href":"https:\/\/audiobook-24.com\/en\/wp-json\/wp\/v2\/media\/1754"}],"wp:attachment":[{"href":"https:\/\/audiobook-24.com\/en\/wp-json\/wp\/v2\/media?parent=1753"}],"wp:term":[{"taxonomy":"product_brand","embeddable":true,"href":"https:\/\/audiobook-24.com\/en\/wp-json\/wp\/v2\/product_brand?post=1753"},{"taxonomy":"product_cat","embeddable":true,"href":"https:\/\/audiobook-24.com\/en\/wp-json\/wp\/v2\/product_cat?post=1753"},{"taxonomy":"product_tag","embeddable":true,"href":"https:\/\/audiobook-24.com\/en\/wp-json\/wp\/v2\/product_tag?post=1753"}],"curies":[{"name":"wp","href":"https:\/\/api.w.org\/{rel}","templated":true}]}}