{"id":1747,"date":"2025-11-29T20:36:27","date_gmt":"2025-11-29T20:36:27","guid":{"rendered":"https:\/\/audiobook-24.com\/?post_type=product&#038;p=1747"},"modified":"2025-11-29T20:36:27","modified_gmt":"2025-11-29T20:36:27","slug":"%f0%9f%93%b1-erotik-e-reader-playboy-germany-special-digital-edition-girls-ahoi","status":"publish","type":"product","link":"https:\/\/audiobook-24.com\/en\/product\/%f0%9f%93%b1-erotik-e-reader-playboy-germany-special-digital-edition-girls-ahoi\/","title":{"rendered":"\ud83d\udcf1 Erotik E-Reader \u2013 Playboy Germany Special Digital Edition \u2013 Girls Ahoi"},"content":{"rendered":"<hr data-start=\"194\" data-end=\"197\" \/>\n<h1 data-start=\"199\" data-end=\"280\">\ud83d\udcf1 <strong data-start=\"204\" data-end=\"278\">Erotik E-Reader \u2013 Playboy Germany Special Digital Edition \u2013 Girls Ahoi<\/strong><\/h1>\n<h3 data-start=\"281\" data-end=\"382\">Sinnliche Seeluft, verf\u00fchrerische Stimmung \u2013 und ein Special, das f\u00fcr echte Sommerfantasie steht.<\/h3>\n<p data-start=\"384\" data-end=\"657\">Die <strong data-start=\"388\" data-end=\"444\">Playboy Germany Special Digital Edition \u2013 Girls Ahoi<\/strong> pr\u00e4sentiert eine erotische Reise in maritime Welten. Atemberaubende Fotostrecken an Str\u00e4nden, auf Decks und in sonnengefluteter K\u00fcstenkulisse verleihen dieser Ausgabe ein besonders frisches, sommerliches Flair.<\/p>\n<p data-start=\"659\" data-end=\"864\">Sinnlichkeit trifft auf Freiheit, Leichtigkeit und das Spiel mit Wasser, Licht und K\u00f6rpern. Dazu kommen exklusive Einblicke, stilvolle Interviews und Lifestyle-Elemente, die das Special perfekt abrunden.<\/p>\n<p data-start=\"866\" data-end=\"992\"><strong data-start=\"866\" data-end=\"992\">Ein digitales Highlight voller \u00c4sthetik, Eleganz und maritimer Erotik \u2013 ideal f\u00fcr alle, die sommerliche Verf\u00fchrung lieben.<\/strong><\/p>\n<hr data-start=\"994\" data-end=\"997\" \/>\n<h3 data-start=\"999\" data-end=\"1034\">\ud83d\udcd8 <strong data-start=\"1006\" data-end=\"1032\">Format: E-Reader (PDF)<\/strong><\/h3>\n<p data-start=\"1036\" data-end=\"1189\">\u2b07\ufe0f Sofortiger Download f\u00fcr Handy<br data-start=\"1068\" data-end=\"1071\" \/>\u2b07\ufe0f Sofortiger Download f\u00fcr PC<br data-start=\"1100\" data-end=\"1103\" \/>\u2b07\ufe0f Sofortiger Download f\u00fcr Tablet<br data-start=\"1136\" data-end=\"1139\" \/>\u2b07\ufe0f PDF-Download f\u00fcr alle E-Reader-f\u00e4higen Ger\u00e4te<\/p>\n<p data-start=\"1191\" data-end=\"1228\"><strong data-start=\"1191\" data-end=\"1228\">Einmal gekauft \u2013 f\u00fcr immer deins!<\/strong><\/p>","protected":false},"excerpt":{"rendered":"<p>\ud83d\udcf1 Erotik E-Reader \u2013 Playboy Germany Special Digital Edition \u2013 Girls Ahoi Sinnliche Seeluft, verf\u00fchrerische Stimmung \u2013 und ein Special, das f\u00fcr echte Sommerfantasie steht. Die Playboy Germany Special Digital Edition \u2013 Girls Ahoi pr\u00e4sentiert eine erotische Reise in maritime Welten. Atemberaubende Fotostrecken an Str\u00e4nden, auf Decks und in sonnengefluteter K\u00fcstenkulisse verleihen dieser Ausgabe ein [&hellip;]<\/p>\n","protected":false},"featured_media":1748,"comment_status":"open","ping_status":"closed","template":"","meta":[],"product_brand":[],"product_cat":[27],"product_tag":[],"class_list":{"0":"post-1747","1":"product","2":"type-product","3":"status-publish","4":"has-post-thumbnail","6":"product_cat-playboy-penthouse","8":"first","9":"instock","10":"sale","11":"virtual","12":"purchasable","13":"product-type-simple"},"jetpack_sharing_enabled":true,"_links":{"self":[{"href":"https:\/\/audiobook-24.com\/en\/wp-json\/wp\/v2\/product\/1747","targetHints":{"allow":["GET"]}}],"collection":[{"href":"https:\/\/audiobook-24.com\/en\/wp-json\/wp\/v2\/product"}],"about":[{"href":"https:\/\/audiobook-24.com\/en\/wp-json\/wp\/v2\/types\/product"}],"replies":[{"embeddable":true,"href":"https:\/\/audiobook-24.com\/en\/wp-json\/wp\/v2\/comments?post=1747"}],"wp:featuredmedia":[{"embeddable":true,"href":"https:\/\/audiobook-24.com\/en\/wp-json\/wp\/v2\/media\/1748"}],"wp:attachment":[{"href":"https:\/\/audiobook-24.com\/en\/wp-json\/wp\/v2\/media?parent=1747"}],"wp:term":[{"taxonomy":"product_brand","embeddable":true,"href":"https:\/\/audiobook-24.com\/en\/wp-json\/wp\/v2\/product_brand?post=1747"},{"taxonomy":"product_cat","embeddable":true,"href":"https:\/\/audiobook-24.com\/en\/wp-json\/wp\/v2\/product_cat?post=1747"},{"taxonomy":"product_tag","embeddable":true,"href":"https:\/\/audiobook-24.com\/en\/wp-json\/wp\/v2\/product_tag?post=1747"}],"curies":[{"name":"wp","href":"https:\/\/api.w.org\/{rel}","templated":true}]}}