{"id":1744,"date":"2025-11-29T20:33:32","date_gmt":"2025-11-29T20:33:32","guid":{"rendered":"https:\/\/audiobook-24.com\/?post_type=product&#038;p=1744"},"modified":"2025-11-29T20:33:32","modified_gmt":"2025-11-29T20:33:32","slug":"%f0%9f%93%b1-erotik-e-reader-playboy-no-12-2025","status":"publish","type":"product","link":"https:\/\/audiobook-24.com\/en\/product\/%f0%9f%93%b1-erotik-e-reader-playboy-no-12-2025\/","title":{"rendered":"\ud83d\udcf1 Erotik E-Reader \u2013 Playboy No 12 \/ 2025"},"content":{"rendered":"<h1 data-start=\"197\" data-end=\"246\">\ud83d\udcf1 <strong data-start=\"202\" data-end=\"244\">Erotik E-Reader \u2013 Playboy No 12 \/ 2025<\/strong><\/h1>\n<h3 data-start=\"247\" data-end=\"341\">Eleganz, Sinnlichkeit und exklusive Einblicke \u2013 ein Magazin, das mehr zeigt als Sch\u00f6nheit.<\/h3>\n<p data-start=\"343\" data-end=\"583\">Die Ausgabe <strong data-start=\"355\" data-end=\"379\">Playboy No 12 \/ 2025<\/strong> liefert eine Kombination aus stilvoller Erotik, hochwertigen Fotostrecken und spannenden Interviews. Sinnliche Inszenierungen treffen hier auf moderne \u00c4sthetik \u2013 verf\u00fchrerisch, elegant und selbstbewusst.<\/p>\n<p data-start=\"585\" data-end=\"740\">Neben exklusiven Bildern erwarten dich Hintergrundstories, Lifestyle-Themen, Kultur, Trends und Gespr\u00e4che mit Pers\u00f6nlichkeiten, die etwas zu sagen haben.<\/p>\n<p data-start=\"742\" data-end=\"922\">Eine Ausgabe, die Erotik mit Klasse verbindet und sowohl optisch als auch inhaltlich \u00fcberzeugt.<br data-start=\"837\" data-end=\"840\" \/><strong data-start=\"840\" data-end=\"922\">F\u00fcr alle, die Sch\u00f6nheit, Stil und hochwertige Unterhaltung zu sch\u00e4tzen wissen.<\/strong><\/p>\n<hr data-start=\"924\" data-end=\"927\" \/>\n<h3 data-start=\"929\" data-end=\"964\">\ud83d\udcd8 <strong data-start=\"936\" data-end=\"962\">Format: E-Reader (PDF)<\/strong><\/h3>\n<p data-start=\"966\" data-end=\"1119\">\u2b07\ufe0f Sofortiger Download f\u00fcr Handy<br data-start=\"998\" data-end=\"1001\" \/>\u2b07\ufe0f Sofortiger Download f\u00fcr PC<br data-start=\"1030\" data-end=\"1033\" \/>\u2b07\ufe0f Sofortiger Download f\u00fcr Tablet<br data-start=\"1066\" data-end=\"1069\" \/>\u2b07\ufe0f PDF-Download f\u00fcr alle E-Reader-f\u00e4higen Ger\u00e4te<\/p>\n<p data-start=\"1121\" data-end=\"1158\"><strong data-start=\"1121\" data-end=\"1158\">Einmal gekauft \u2013 f\u00fcr immer deins!<\/strong><\/p>","protected":false},"excerpt":{"rendered":"<p>\ud83d\udcf1 Erotik E-Reader \u2013 Playboy No 12 \/ 2025 Eleganz, Sinnlichkeit und exklusive Einblicke \u2013 ein Magazin, das mehr zeigt als Sch\u00f6nheit. Die Ausgabe Playboy No 12 \/ 2025 liefert eine Kombination aus stilvoller Erotik, hochwertigen Fotostrecken und spannenden Interviews. Sinnliche Inszenierungen treffen hier auf moderne \u00c4sthetik \u2013 verf\u00fchrerisch, elegant und selbstbewusst. Neben exklusiven Bildern [&hellip;]<\/p>\n","protected":false},"featured_media":1746,"comment_status":"open","ping_status":"closed","template":"","meta":[],"product_brand":[],"product_cat":[27],"product_tag":[],"class_list":{"0":"post-1744","1":"product","2":"type-product","3":"status-publish","4":"has-post-thumbnail","6":"product_cat-playboy-penthouse","8":"first","9":"instock","10":"sale","11":"virtual","12":"purchasable","13":"product-type-simple"},"jetpack_sharing_enabled":true,"_links":{"self":[{"href":"https:\/\/audiobook-24.com\/en\/wp-json\/wp\/v2\/product\/1744","targetHints":{"allow":["GET"]}}],"collection":[{"href":"https:\/\/audiobook-24.com\/en\/wp-json\/wp\/v2\/product"}],"about":[{"href":"https:\/\/audiobook-24.com\/en\/wp-json\/wp\/v2\/types\/product"}],"replies":[{"embeddable":true,"href":"https:\/\/audiobook-24.com\/en\/wp-json\/wp\/v2\/comments?post=1744"}],"wp:featuredmedia":[{"embeddable":true,"href":"https:\/\/audiobook-24.com\/en\/wp-json\/wp\/v2\/media\/1746"}],"wp:attachment":[{"href":"https:\/\/audiobook-24.com\/en\/wp-json\/wp\/v2\/media?parent=1744"}],"wp:term":[{"taxonomy":"product_brand","embeddable":true,"href":"https:\/\/audiobook-24.com\/en\/wp-json\/wp\/v2\/product_brand?post=1744"},{"taxonomy":"product_cat","embeddable":true,"href":"https:\/\/audiobook-24.com\/en\/wp-json\/wp\/v2\/product_cat?post=1744"},{"taxonomy":"product_tag","embeddable":true,"href":"https:\/\/audiobook-24.com\/en\/wp-json\/wp\/v2\/product_tag?post=1744"}],"curies":[{"name":"wp","href":"https:\/\/api.w.org\/{rel}","templated":true}]}}