{"id":1741,"date":"2025-11-29T17:13:37","date_gmt":"2025-11-29T17:13:37","guid":{"rendered":"https:\/\/audiobook-24.com\/?post_type=product&#038;p=1741"},"modified":"2025-11-29T17:13:38","modified_gmt":"2025-11-29T17:13:38","slug":"%f0%9f%8e%a7-hoerspiel-die-drei-fragezeichen-kids-geistermuehle","status":"publish","type":"product","link":"https:\/\/audiobook-24.com\/en\/product\/%f0%9f%8e%a7-hoerspiel-die-drei-fragezeichen-kids-geistermuehle\/","title":{"rendered":"\ud83c\udfa7 H\u00f6rspiel \u2013 Die drei Fragezeichen Kids \u2013 Geisterm\u00fchle"},"content":{"rendered":"<h1 data-start=\"145\" data-end=\"208\">\ud83c\udfa7 <strong data-start=\"150\" data-end=\"206\">H\u00f6rspiel \u2013 Die drei Fragezeichen Kids \u2013 Geisterm\u00fchle<\/strong><\/h1>\n<h3 data-start=\"209\" data-end=\"287\">Eine alte M\u00fchle, mysteri\u00f6se Ger\u00e4usche \u2013 und ein R\u00e4tsel, das Mut erfordert!<\/h3>\n<p data-start=\"289\" data-end=\"526\">In Rocky Beach erz\u00e4hlt man sich merkw\u00fcrdige Geschichten \u00fcber die alte <strong data-start=\"359\" data-end=\"375\">Geisterm\u00fchle<\/strong>. Seltsames Klappern, flackernde Lichter und unheimliche Schatten sollen sich dort zeigen \u2013 und niemand traut sich mehr in die N\u00e4he des alten Geb\u00e4udes.<\/p>\n<p data-start=\"528\" data-end=\"819\">F\u00fcr <strong data-start=\"532\" data-end=\"557\">Justus, Peter und Bob<\/strong> ist sofort klar: Das m\u00fcssen sie genauer untersuchen!<br data-start=\"610\" data-end=\"613\" \/>Doch als die drei Detektive die M\u00fchle betreten, entdecken sie mehr als nur Staub und Spinnweben. Geheimnisvolle Spuren, versteckte Hinweise und unerwartete \u00dcberraschungen f\u00fchren sie auf die richtige F\u00e4hrte.<\/p>\n<p data-start=\"821\" data-end=\"944\">Schon bald finden sie heraus:<br data-start=\"850\" data-end=\"853\" \/><strong data-start=\"853\" data-end=\"944\">Jedes Ger\u00e4usch hat eine Ursache \u2013 und nicht alle \u201eGeister\u201c sind wirklich \u00fcbernat\u00fcrlich.<\/strong><\/p>\n<p data-start=\"946\" data-end=\"1017\">Ein spannendes und leicht gruseliges Abenteuer f\u00fcr kleine Detektivfans!<\/p>\n<hr data-start=\"1019\" data-end=\"1022\" \/>\n<h3 data-start=\"1024\" data-end=\"1046\">\ud83d\udd0a <strong data-start=\"1031\" data-end=\"1046\">Format: MP3<\/strong><\/h3>\n<p data-start=\"1048\" data-end=\"1184\">\u2b07\ufe0f Sofortiger Download f\u00fcr Handy<br data-start=\"1080\" data-end=\"1083\" \/>\u2b07\ufe0f Sofortiger Download f\u00fcr PC<br data-start=\"1112\" data-end=\"1115\" \/>\u2b07\ufe0f Sofortiger Download f\u00fcr Tablet<br data-start=\"1148\" data-end=\"1151\" \/>\u2b07\ufe0f MP3-Download f\u00fcr jedes Ger\u00e4t<\/p>\n<p data-start=\"1186\" data-end=\"1223\"><strong data-start=\"1186\" data-end=\"1223\">Einmal gekauft \u2013 f\u00fcr immer deins!<\/strong><\/p>","protected":false},"excerpt":{"rendered":"<p>\ud83c\udfa7 H\u00f6rspiel \u2013 Die drei Fragezeichen Kids \u2013 Geisterm\u00fchle Eine alte M\u00fchle, mysteri\u00f6se Ger\u00e4usche \u2013 und ein R\u00e4tsel, das Mut erfordert! In Rocky Beach erz\u00e4hlt man sich merkw\u00fcrdige Geschichten \u00fcber die alte Geisterm\u00fchle. Seltsames Klappern, flackernde Lichter und unheimliche Schatten sollen sich dort zeigen \u2013 und niemand traut sich mehr in die N\u00e4he des alten [&hellip;]<\/p>\n","protected":false},"featured_media":1742,"comment_status":"open","ping_status":"closed","template":"","meta":[],"product_brand":[],"product_cat":[36],"product_tag":[],"class_list":{"0":"post-1741","1":"product","2":"type-product","3":"status-publish","4":"has-post-thumbnail","6":"product_cat-hoerspiel-die-3","8":"first","9":"instock","10":"sale","11":"virtual","12":"purchasable","13":"product-type-simple"},"jetpack_sharing_enabled":true,"_links":{"self":[{"href":"https:\/\/audiobook-24.com\/en\/wp-json\/wp\/v2\/product\/1741","targetHints":{"allow":["GET"]}}],"collection":[{"href":"https:\/\/audiobook-24.com\/en\/wp-json\/wp\/v2\/product"}],"about":[{"href":"https:\/\/audiobook-24.com\/en\/wp-json\/wp\/v2\/types\/product"}],"replies":[{"embeddable":true,"href":"https:\/\/audiobook-24.com\/en\/wp-json\/wp\/v2\/comments?post=1741"}],"wp:featuredmedia":[{"embeddable":true,"href":"https:\/\/audiobook-24.com\/en\/wp-json\/wp\/v2\/media\/1742"}],"wp:attachment":[{"href":"https:\/\/audiobook-24.com\/en\/wp-json\/wp\/v2\/media?parent=1741"}],"wp:term":[{"taxonomy":"product_brand","embeddable":true,"href":"https:\/\/audiobook-24.com\/en\/wp-json\/wp\/v2\/product_brand?post=1741"},{"taxonomy":"product_cat","embeddable":true,"href":"https:\/\/audiobook-24.com\/en\/wp-json\/wp\/v2\/product_cat?post=1741"},{"taxonomy":"product_tag","embeddable":true,"href":"https:\/\/audiobook-24.com\/en\/wp-json\/wp\/v2\/product_tag?post=1741"}],"curies":[{"name":"wp","href":"https:\/\/api.w.org\/{rel}","templated":true}]}}