{"id":1737,"date":"2025-11-29T17:08:30","date_gmt":"2025-11-29T17:08:30","guid":{"rendered":"https:\/\/audiobook-24.com\/?post_type=product&#038;p=1737"},"modified":"2025-11-29T17:08:30","modified_gmt":"2025-11-29T17:08:30","slug":"%f0%9f%8e%a7-hoerspiel-die-drei-fragezeichen-kids-folge-6-gefahr-im-gruselgarten","status":"publish","type":"product","link":"https:\/\/audiobook-24.com\/en\/product\/%f0%9f%8e%a7-hoerspiel-die-drei-fragezeichen-kids-folge-6-gefahr-im-gruselgarten\/","title":{"rendered":"\ud83c\udfa7 H\u00f6rspiel \u2013 Die drei Fragezeichen Kids \u2013 Folge 6 \u2013 Gefahr im Gruselgarten"},"content":{"rendered":"<h1 data-start=\"177\" data-end=\"260\">\ud83c\udfa7 <strong data-start=\"182\" data-end=\"258\">H\u00f6rspiel \u2013 Die drei Fragezeichen Kids \u2013 Folge 6 \u2013 Gefahr im Gruselgarten<\/strong><\/h1>\n<h3 data-start=\"261\" data-end=\"327\">Ein Garten voller Geheimnisse \u2013 und drei Detektive mittendrin!<\/h3>\n<p data-start=\"329\" data-end=\"521\">Im sonst so friedlichen Rocky Beach tauchen Ger\u00fcchte \u00fcber einen <strong data-start=\"393\" data-end=\"421\">mysteri\u00f6sen Gruselgarten<\/strong> auf. Seltsame Ger\u00e4usche, unheimliche Gestalten und merkw\u00fcrdige Spuren sorgen f\u00fcr echte Aufregung.<\/p>\n<p data-start=\"523\" data-end=\"736\">F\u00fcr <strong data-start=\"527\" data-end=\"552\">Justus, Peter und Bob<\/strong> steht sofort fest: Das m\u00fcssen sie untersuchen! Doch zwischen verwachsenen Wegen, knarrenden Toren und r\u00e4tselhaften Hinweisen lauern mehr \u00dcberraschungen, als die drei erwartet haben.<\/p>\n<p data-start=\"738\" data-end=\"869\">Schon bald entdecken sie, dass hinter dem Spuk etwas ganz anderes steckt \u2013 und jemand versucht, ein gro\u00dfes Geheimnis zu vertuschen.<\/p>\n<p data-start=\"871\" data-end=\"956\"><strong data-start=\"871\" data-end=\"956\">Ein spannendes, lustiges und leicht gruseliges Abenteuer f\u00fcr kleine Detektivfans!<\/strong><\/p>\n<hr data-start=\"958\" data-end=\"961\" \/>\n<h3 data-start=\"963\" data-end=\"985\">\ud83d\udd0a <strong data-start=\"970\" data-end=\"985\">Format: MP3<\/strong><\/h3>\n<p data-start=\"987\" data-end=\"1123\">\u2b07\ufe0f Sofortiger Download f\u00fcr Handy<br data-start=\"1019\" data-end=\"1022\" \/>\u2b07\ufe0f Sofortiger Download f\u00fcr PC<br data-start=\"1051\" data-end=\"1054\" \/>\u2b07\ufe0f Sofortiger Download f\u00fcr Tablet<br data-start=\"1087\" data-end=\"1090\" \/>\u2b07\ufe0f MP3-Download f\u00fcr jedes Ger\u00e4t<\/p>\n<p data-start=\"1125\" data-end=\"1162\"><strong data-start=\"1125\" data-end=\"1162\">Einmal gekauft \u2013 f\u00fcr immer deins!<\/strong><\/p>","protected":false},"excerpt":{"rendered":"<p>\ud83c\udfa7 H\u00f6rspiel \u2013 Die drei Fragezeichen Kids \u2013 Folge 6 \u2013 Gefahr im Gruselgarten Ein Garten voller Geheimnisse \u2013 und drei Detektive mittendrin! Im sonst so friedlichen Rocky Beach tauchen Ger\u00fcchte \u00fcber einen mysteri\u00f6sen Gruselgarten auf. Seltsame Ger\u00e4usche, unheimliche Gestalten und merkw\u00fcrdige Spuren sorgen f\u00fcr echte Aufregung. F\u00fcr Justus, Peter und Bob steht sofort fest: [&hellip;]<\/p>\n","protected":false},"featured_media":1738,"comment_status":"open","ping_status":"closed","template":"","meta":[],"product_brand":[],"product_cat":[36],"product_tag":[],"class_list":{"0":"post-1737","1":"product","2":"type-product","3":"status-publish","4":"has-post-thumbnail","6":"product_cat-hoerspiel-die-3","8":"first","9":"instock","10":"sale","11":"virtual","12":"purchasable","13":"product-type-simple"},"jetpack_sharing_enabled":true,"_links":{"self":[{"href":"https:\/\/audiobook-24.com\/en\/wp-json\/wp\/v2\/product\/1737","targetHints":{"allow":["GET"]}}],"collection":[{"href":"https:\/\/audiobook-24.com\/en\/wp-json\/wp\/v2\/product"}],"about":[{"href":"https:\/\/audiobook-24.com\/en\/wp-json\/wp\/v2\/types\/product"}],"replies":[{"embeddable":true,"href":"https:\/\/audiobook-24.com\/en\/wp-json\/wp\/v2\/comments?post=1737"}],"wp:featuredmedia":[{"embeddable":true,"href":"https:\/\/audiobook-24.com\/en\/wp-json\/wp\/v2\/media\/1738"}],"wp:attachment":[{"href":"https:\/\/audiobook-24.com\/en\/wp-json\/wp\/v2\/media?parent=1737"}],"wp:term":[{"taxonomy":"product_brand","embeddable":true,"href":"https:\/\/audiobook-24.com\/en\/wp-json\/wp\/v2\/product_brand?post=1737"},{"taxonomy":"product_cat","embeddable":true,"href":"https:\/\/audiobook-24.com\/en\/wp-json\/wp\/v2\/product_cat?post=1737"},{"taxonomy":"product_tag","embeddable":true,"href":"https:\/\/audiobook-24.com\/en\/wp-json\/wp\/v2\/product_tag?post=1737"}],"curies":[{"name":"wp","href":"https:\/\/api.w.org\/{rel}","templated":true}]}}