{"id":1735,"date":"2025-11-29T17:05:54","date_gmt":"2025-11-29T17:05:54","guid":{"rendered":"https:\/\/audiobook-24.com\/?post_type=product&#038;p=1735"},"modified":"2025-11-29T17:05:54","modified_gmt":"2025-11-29T17:05:54","slug":"%f0%9f%8e%a7-hoerspiel-die-drei-fragezeichen-folge-223-und-der-knochenmann","status":"publish","type":"product","link":"https:\/\/audiobook-24.com\/en\/product\/%f0%9f%8e%a7-hoerspiel-die-drei-fragezeichen-folge-223-und-der-knochenmann\/","title":{"rendered":"\ud83c\udfa7 H\u00f6rspiel \u2013 Die drei Fragezeichen \u2013 Folge 223 \u2013 \u2026 und der Knochenmann"},"content":{"rendered":"<h1 data-start=\"185\" data-end=\"264\">\ud83c\udfa7 <strong data-start=\"190\" data-end=\"262\">H\u00f6rspiel \u2013 Die drei Fragezeichen \u2013 Folge 223 \u2013 \u2026 und der Knochenmann<\/strong><\/h1>\n<h3 data-start=\"265\" data-end=\"332\">Aus den Schatten der Nacht erhebt sich ein unheimliches R\u00e4tsel.<\/h3>\n<p data-start=\"334\" data-end=\"537\">Unheimliche Sichtungen versetzen Rocky Beach in Angst und Schrecken: Ein geheimnisvoller <strong data-start=\"423\" data-end=\"440\">\u201eKnochenmann\u201c<\/strong> soll in der Dunkelheit umgehen \u2013 eine Gestalt, die mehr Ger\u00fcchte als Gewissheiten hinterl\u00e4sst.<\/p>\n<p data-start=\"539\" data-end=\"715\"><strong data-start=\"539\" data-end=\"564\">Justus, Peter und Bob<\/strong> nehmen die Spur des mysteri\u00f6sen Wesens auf und sto\u00dfen auf r\u00e4tselhafte Spuren, verschlossene T\u00fcren und seltsame Warnungen, die niemand erkl\u00e4ren will.<\/p>\n<p data-start=\"717\" data-end=\"897\">Schon bald wird klar:<br data-start=\"738\" data-end=\"741\" \/><strong data-start=\"741\" data-end=\"839\">Hinter dem Knochenmann steckt ein Geheimnis, das tiefer reicht als jeder n\u00e4chtliche Schrecken.<\/strong><br data-start=\"839\" data-end=\"842\" \/>Und jemand ist bereit, alles zu tun, um es zu bewahren.<\/p>\n<p data-start=\"899\" data-end=\"988\">Ein fesselndes H\u00f6rspiel voller G\u00e4nsehaut, cleverer Hinweise und klassischer ???-Spannung.<\/p>\n<hr data-start=\"990\" data-end=\"993\" \/>\n<h3 data-start=\"995\" data-end=\"1017\">\ud83d\udd0a <strong data-start=\"1002\" data-end=\"1017\">Format: MP3<\/strong><\/h3>\n<p data-start=\"1019\" data-end=\"1155\">\u2b07\ufe0f Sofortiger Download f\u00fcr Handy<br data-start=\"1051\" data-end=\"1054\" \/>\u2b07\ufe0f Sofortiger Download f\u00fcr PC<br data-start=\"1083\" data-end=\"1086\" \/>\u2b07\ufe0f Sofortiger Download f\u00fcr Tablet<br data-start=\"1119\" data-end=\"1122\" \/>\u2b07\ufe0f MP3-Download f\u00fcr jedes Ger\u00e4t<\/p>\n<p data-start=\"1157\" data-end=\"1194\"><strong data-start=\"1157\" data-end=\"1194\">Einmal gekauft \u2013 f\u00fcr immer deins!<\/strong><\/p>","protected":false},"excerpt":{"rendered":"<p>\ud83c\udfa7 H\u00f6rspiel \u2013 Die drei Fragezeichen \u2013 Folge 223 \u2013 \u2026 und der Knochenmann Aus den Schatten der Nacht erhebt sich ein unheimliches R\u00e4tsel. Unheimliche Sichtungen versetzen Rocky Beach in Angst und Schrecken: Ein geheimnisvoller \u201eKnochenmann\u201c soll in der Dunkelheit umgehen \u2013 eine Gestalt, die mehr Ger\u00fcchte als Gewissheiten hinterl\u00e4sst. Justus, Peter und Bob nehmen [&hellip;]<\/p>\n","protected":false},"featured_media":1736,"comment_status":"open","ping_status":"closed","template":"","meta":[],"product_brand":[],"product_cat":[36],"product_tag":[],"class_list":{"0":"post-1735","1":"product","2":"type-product","3":"status-publish","4":"has-post-thumbnail","6":"product_cat-hoerspiel-die-3","8":"first","9":"instock","10":"sale","11":"virtual","12":"purchasable","13":"product-type-simple"},"jetpack_sharing_enabled":true,"_links":{"self":[{"href":"https:\/\/audiobook-24.com\/en\/wp-json\/wp\/v2\/product\/1735","targetHints":{"allow":["GET"]}}],"collection":[{"href":"https:\/\/audiobook-24.com\/en\/wp-json\/wp\/v2\/product"}],"about":[{"href":"https:\/\/audiobook-24.com\/en\/wp-json\/wp\/v2\/types\/product"}],"replies":[{"embeddable":true,"href":"https:\/\/audiobook-24.com\/en\/wp-json\/wp\/v2\/comments?post=1735"}],"wp:featuredmedia":[{"embeddable":true,"href":"https:\/\/audiobook-24.com\/en\/wp-json\/wp\/v2\/media\/1736"}],"wp:attachment":[{"href":"https:\/\/audiobook-24.com\/en\/wp-json\/wp\/v2\/media?parent=1735"}],"wp:term":[{"taxonomy":"product_brand","embeddable":true,"href":"https:\/\/audiobook-24.com\/en\/wp-json\/wp\/v2\/product_brand?post=1735"},{"taxonomy":"product_cat","embeddable":true,"href":"https:\/\/audiobook-24.com\/en\/wp-json\/wp\/v2\/product_cat?post=1735"},{"taxonomy":"product_tag","embeddable":true,"href":"https:\/\/audiobook-24.com\/en\/wp-json\/wp\/v2\/product_tag?post=1735"}],"curies":[{"name":"wp","href":"https:\/\/api.w.org\/{rel}","templated":true}]}}