{"id":1729,"date":"2025-11-29T16:55:58","date_gmt":"2025-11-29T16:55:58","guid":{"rendered":"https:\/\/audiobook-24.com\/?post_type=product&#038;p=1729"},"modified":"2025-11-29T16:55:58","modified_gmt":"2025-11-29T16:55:58","slug":"%f0%9f%8e%a7-hoerspiel-die-drei-fragezeichen-und-das-grab-der-maya","status":"publish","type":"product","link":"https:\/\/audiobook-24.com\/en\/product\/%f0%9f%8e%a7-hoerspiel-die-drei-fragezeichen-und-das-grab-der-maya\/","title":{"rendered":"\ud83c\udfa7 H\u00f6rspiel \u2013 Die drei Fragezeichen \u2013 und das Grab der Maya"},"content":{"rendered":"<h1 data-start=\"179\" data-end=\"246\">\ud83c\udfa7 <strong data-start=\"184\" data-end=\"244\">H\u00f6rspiel \u2013 Die drei Fragezeichen \u2013 und das Grab der Maya<\/strong><\/h1>\n<h3 data-start=\"247\" data-end=\"310\">Wenn alte Legenden erwachen, wird jeder Schritt zur Gefahr.<\/h3>\n<p data-start=\"312\" data-end=\"478\">Ein geheimnisvoller Fund versetzt Rocky Beach in Aufregung: Ein Hinweis auf ein verschollenes <strong data-start=\"406\" data-end=\"419\">Maya-Grab<\/strong>, umrankt von Legenden, Fl\u00fcchen und uralten Geheimnissen.<\/p>\n<p data-start=\"480\" data-end=\"780\"><strong data-start=\"480\" data-end=\"505\">Justus, Peter und Bob<\/strong> werden schnell in ein Abenteuer hineingezogen, das sie weit \u00fcber die Grenzen ihres gewohnten Detektiv-Alltags hinausf\u00fchrt. Seltsame Symbole, mysteri\u00f6se Warnungen und r\u00e4tselhafte Ereignisse deuten darauf hin, dass jemand das Geheimnis des Grabes um jeden Preis bewahren will.<\/p>\n<p data-start=\"782\" data-end=\"977\">Die drei Detektive m\u00fcssen all ihren Mut, ihren Verstand und ihr detektivisches Geschick einsetzen, um die Wahrheit ans Licht zu bringen \u2013 bevor sich die Schatten der Vergangenheit erneut erheben.<\/p>\n<p data-start=\"979\" data-end=\"1077\"><strong data-start=\"979\" data-end=\"1077\">Ein spannendes H\u00f6rspiel voller R\u00e4tsel, Abenteuer und der besonderen Atmosph\u00e4re alter Kulturen.<\/strong><\/p>\n<hr data-start=\"1079\" data-end=\"1082\" \/>\n<h3 data-start=\"1084\" data-end=\"1106\">\ud83d\udd0a <strong data-start=\"1091\" data-end=\"1106\">Format: MP3<\/strong><\/h3>\n<p data-start=\"1108\" data-end=\"1244\">\u2b07\ufe0f Sofortiger Download f\u00fcr Handy<br data-start=\"1140\" data-end=\"1143\" \/>\u2b07\ufe0f Sofortiger Download f\u00fcr PC<br data-start=\"1172\" data-end=\"1175\" \/>\u2b07\ufe0f Sofortiger Download f\u00fcr Tablet<br data-start=\"1208\" data-end=\"1211\" \/>\u2b07\ufe0f MP3-Download f\u00fcr jedes Ger\u00e4t<\/p>\n<p data-start=\"1246\" data-end=\"1283\"><strong data-start=\"1246\" data-end=\"1283\">Einmal gekauft \u2013 f\u00fcr immer deins!<\/strong><\/p>","protected":false},"excerpt":{"rendered":"<p>\ud83c\udfa7 H\u00f6rspiel \u2013 Die drei Fragezeichen \u2013 und das Grab der Maya Wenn alte Legenden erwachen, wird jeder Schritt zur Gefahr. Ein geheimnisvoller Fund versetzt Rocky Beach in Aufregung: Ein Hinweis auf ein verschollenes Maya-Grab, umrankt von Legenden, Fl\u00fcchen und uralten Geheimnissen. Justus, Peter und Bob werden schnell in ein Abenteuer hineingezogen, das sie weit [&hellip;]<\/p>\n","protected":false},"featured_media":1730,"comment_status":"open","ping_status":"closed","template":"","meta":[],"product_brand":[],"product_cat":[36],"product_tag":[],"class_list":{"0":"post-1729","1":"product","2":"type-product","3":"status-publish","4":"has-post-thumbnail","6":"product_cat-hoerspiel-die-3","8":"first","9":"instock","10":"sale","11":"virtual","12":"purchasable","13":"product-type-simple"},"jetpack_sharing_enabled":true,"_links":{"self":[{"href":"https:\/\/audiobook-24.com\/en\/wp-json\/wp\/v2\/product\/1729","targetHints":{"allow":["GET"]}}],"collection":[{"href":"https:\/\/audiobook-24.com\/en\/wp-json\/wp\/v2\/product"}],"about":[{"href":"https:\/\/audiobook-24.com\/en\/wp-json\/wp\/v2\/types\/product"}],"replies":[{"embeddable":true,"href":"https:\/\/audiobook-24.com\/en\/wp-json\/wp\/v2\/comments?post=1729"}],"wp:featuredmedia":[{"embeddable":true,"href":"https:\/\/audiobook-24.com\/en\/wp-json\/wp\/v2\/media\/1730"}],"wp:attachment":[{"href":"https:\/\/audiobook-24.com\/en\/wp-json\/wp\/v2\/media?parent=1729"}],"wp:term":[{"taxonomy":"product_brand","embeddable":true,"href":"https:\/\/audiobook-24.com\/en\/wp-json\/wp\/v2\/product_brand?post=1729"},{"taxonomy":"product_cat","embeddable":true,"href":"https:\/\/audiobook-24.com\/en\/wp-json\/wp\/v2\/product_cat?post=1729"},{"taxonomy":"product_tag","embeddable":true,"href":"https:\/\/audiobook-24.com\/en\/wp-json\/wp\/v2\/product_tag?post=1729"}],"curies":[{"name":"wp","href":"https:\/\/api.w.org\/{rel}","templated":true}]}}