{"id":1725,"date":"2025-11-29T16:51:24","date_gmt":"2025-11-29T16:51:24","guid":{"rendered":"https:\/\/audiobook-24.com\/?post_type=product&#038;p=1725"},"modified":"2025-11-29T16:51:25","modified_gmt":"2025-11-29T16:51:25","slug":"%f0%9f%8e%a7-hoerspiel-die-drei-fragezeichen-adventskalender-o-du-finstere","status":"publish","type":"product","link":"https:\/\/audiobook-24.com\/en\/product\/%f0%9f%8e%a7-hoerspiel-die-drei-fragezeichen-adventskalender-o-du-finstere\/","title":{"rendered":"\ud83c\udfa7 H\u00f6rspiel \u2013 Die Drei Fragezeichen \u2013 Adventskalender \u2013 O du finstere"},"content":{"rendered":"<h1 data-start=\"192\" data-end=\"269\">\ud83c\udfa7 <strong data-start=\"197\" data-end=\"267\">H\u00f6rspiel \u2013 Die Drei Fragezeichen \u2013 Adventskalender \u2013 O du finstere<\/strong><\/h1>\n<h3 data-start=\"270\" data-end=\"340\">Wenn die N\u00e4chte l\u00e4nger werden, lauern die Geheimnisse im Schatten.<\/h3>\n<p data-start=\"342\" data-end=\"609\">In Rocky Beach kehrt weihnachtliche Ruhe ein \u2013 doch f\u00fcr <strong data-start=\"398\" data-end=\"423\">Justus, Peter und Bob<\/strong> beginnt die unheimlichste Zeit des Jahres. Ein r\u00e4tselhafter Fund, seltsame Zeichen und merkw\u00fcrdige Vorf\u00e4lle f\u00fchren das Detektivtrio in einen Fall, der d\u00fcsterer ist als jede Winternacht.<\/p>\n<p data-start=\"611\" data-end=\"814\">Hinter jedem neuen Hinweis verbirgt sich ein weiteres Geheimnis. Was als Adventsabenteuer beginnt, entwickelt sich zu einer gef\u00e4hrlichen Spurensuche voller Spannung, \u00dcberraschungen und G\u00e4nsehautmomenten.<\/p>\n<p data-start=\"816\" data-end=\"941\"><strong data-start=\"816\" data-end=\"941\">Ein atmosph\u00e4risches H\u00f6rspiel, das Adventszauber mit klassischer ???-Mystery verbindet. Perfekt f\u00fcr die dunkle Jahreszeit!<\/strong><\/p>\n<hr data-start=\"943\" data-end=\"946\" \/>\n<h3 data-start=\"948\" data-end=\"970\">\ud83d\udd0a <strong data-start=\"955\" data-end=\"970\">Format: MP3<\/strong><\/h3>\n<p data-start=\"972\" data-end=\"1108\">\u2b07\ufe0f Sofortiger Download f\u00fcr Handy<br data-start=\"1004\" data-end=\"1007\" \/>\u2b07\ufe0f Sofortiger Download f\u00fcr PC<br data-start=\"1036\" data-end=\"1039\" \/>\u2b07\ufe0f Sofortiger Download f\u00fcr Tablet<br data-start=\"1072\" data-end=\"1075\" \/>\u2b07\ufe0f MP3-Download f\u00fcr jedes Ger\u00e4t<\/p>\n<p data-start=\"1110\" data-end=\"1147\"><strong data-start=\"1110\" data-end=\"1147\">Einmal gekauft \u2013 f\u00fcr immer deins!<\/strong><\/p>","protected":false},"excerpt":{"rendered":"<p>\ud83c\udfa7 H\u00f6rspiel \u2013 Die Drei Fragezeichen \u2013 Adventskalender \u2013 O du finstere Wenn die N\u00e4chte l\u00e4nger werden, lauern die Geheimnisse im Schatten. In Rocky Beach kehrt weihnachtliche Ruhe ein \u2013 doch f\u00fcr Justus, Peter und Bob beginnt die unheimlichste Zeit des Jahres. Ein r\u00e4tselhafter Fund, seltsame Zeichen und merkw\u00fcrdige Vorf\u00e4lle f\u00fchren das Detektivtrio in einen [&hellip;]<\/p>\n","protected":false},"featured_media":0,"comment_status":"open","ping_status":"closed","template":"","meta":[],"product_brand":[],"product_cat":[36],"product_tag":[],"class_list":{"0":"post-1725","1":"product","2":"type-product","3":"status-publish","5":"product_cat-hoerspiel-die-3","7":"first","8":"instock","9":"sale","10":"virtual","11":"purchasable","12":"product-type-simple"},"jetpack_sharing_enabled":true,"_links":{"self":[{"href":"https:\/\/audiobook-24.com\/en\/wp-json\/wp\/v2\/product\/1725","targetHints":{"allow":["GET"]}}],"collection":[{"href":"https:\/\/audiobook-24.com\/en\/wp-json\/wp\/v2\/product"}],"about":[{"href":"https:\/\/audiobook-24.com\/en\/wp-json\/wp\/v2\/types\/product"}],"replies":[{"embeddable":true,"href":"https:\/\/audiobook-24.com\/en\/wp-json\/wp\/v2\/comments?post=1725"}],"wp:attachment":[{"href":"https:\/\/audiobook-24.com\/en\/wp-json\/wp\/v2\/media?parent=1725"}],"wp:term":[{"taxonomy":"product_brand","embeddable":true,"href":"https:\/\/audiobook-24.com\/en\/wp-json\/wp\/v2\/product_brand?post=1725"},{"taxonomy":"product_cat","embeddable":true,"href":"https:\/\/audiobook-24.com\/en\/wp-json\/wp\/v2\/product_cat?post=1725"},{"taxonomy":"product_tag","embeddable":true,"href":"https:\/\/audiobook-24.com\/en\/wp-json\/wp\/v2\/product_tag?post=1725"}],"curies":[{"name":"wp","href":"https:\/\/api.w.org\/{rel}","templated":true}]}}