{"id":1710,"date":"2025-11-29T16:15:06","date_gmt":"2025-11-29T16:15:06","guid":{"rendered":"https:\/\/audiobook-24.com\/?post_type=product&#038;p=1710"},"modified":"2025-11-29T16:46:54","modified_gmt":"2025-11-29T16:46:54","slug":"%f0%9f%8e%a7-hoerspiel-die-drei-das-original-hoerspiel-zum-kinofilm","status":"publish","type":"product","link":"https:\/\/audiobook-24.com\/en\/product\/%f0%9f%8e%a7-hoerspiel-die-drei-das-original-hoerspiel-zum-kinofilm\/","title":{"rendered":"\ud83c\udfa7 H\u00f6rspiel \u2013 Die Drei \u2013 Das Original H\u00f6rspiel zum Kinofilm"},"content":{"rendered":"<h1 data-start=\"145\" data-end=\"212\">\ud83c\udfa7 <strong data-start=\"150\" data-end=\"210\">H\u00f6rspiel \u2013 Die Drei \u2013 Das Original H\u00f6rspiel zum Kinofilm<\/strong><\/h1>\n<h3 data-start=\"213\" data-end=\"297\">Ein Abenteuer, das auf der gro\u00dfen Leinwand begann \u2013 und als H\u00f6rspiel weiterlebt.<\/h3>\n<p data-start=\"299\" data-end=\"592\">Das erfolgreiche Kinoabenteuer erwacht in diesem packenden Original-H\u00f6rspiel erneut zum Leben. Mitrei\u00dfende Szenen, eindrucksvolle Sounds und starke Stimmen lassen dich direkt in die Welt der Drei eintauchen \u2013 voller Mut, Freundschaft und Geheimnisse, die nur darauf warten, entdeckt zu werden.<\/p>\n<p data-start=\"594\" data-end=\"801\">Erlebe die spannendsten Momente des Films noch einmal \u2013 intensiv, atmosph\u00e4risch und so nah, als w\u00e4rst du selbst Teil der Geschichte.<br data-start=\"726\" data-end=\"729\" \/><strong data-start=\"729\" data-end=\"801\">Ein H\u00f6rspiel, das Herz und Spannung vereint \u2013 f\u00fcr Fans jeden Alters.<\/strong><\/p>\n<hr data-start=\"803\" data-end=\"806\" \/>\n<h3 data-start=\"808\" data-end=\"830\">\ud83d\udd0a <strong data-start=\"815\" data-end=\"830\">Format: MP3<\/strong><\/h3>\n<p data-start=\"832\" data-end=\"968\">\u2b07\ufe0f Sofortiger Download f\u00fcr Handy<br data-start=\"864\" data-end=\"867\" \/>\u2b07\ufe0f Sofortiger Download f\u00fcr PC<br data-start=\"896\" data-end=\"899\" \/>\u2b07\ufe0f Sofortiger Download f\u00fcr Tablet<br data-start=\"932\" data-end=\"935\" \/>\u2b07\ufe0f MP3-Download f\u00fcr jedes Ger\u00e4t<\/p>\n<p data-start=\"970\" data-end=\"1007\"><strong data-start=\"970\" data-end=\"1007\">Einmal gekauft \u2013 f\u00fcr immer deins!<\/strong><\/p>","protected":false},"excerpt":{"rendered":"<p>\ud83c\udfa7 H\u00f6rspiel \u2013 Die Drei \u2013 Das Original H\u00f6rspiel zum Kinofilm Ein Abenteuer, das auf der gro\u00dfen Leinwand begann \u2013 und als H\u00f6rspiel weiterlebt. Das erfolgreiche Kinoabenteuer erwacht in diesem packenden Original-H\u00f6rspiel erneut zum Leben. Mitrei\u00dfende Szenen, eindrucksvolle Sounds und starke Stimmen lassen dich direkt in die Welt der Drei eintauchen \u2013 voller Mut, Freundschaft [&hellip;]<\/p>\n","protected":false},"featured_media":1724,"comment_status":"open","ping_status":"closed","template":"","meta":[],"product_brand":[],"product_cat":[36],"product_tag":[],"class_list":{"0":"post-1710","1":"product","2":"type-product","3":"status-publish","4":"has-post-thumbnail","6":"product_cat-hoerspiel-die-3","8":"first","9":"instock","10":"sale","11":"virtual","12":"purchasable","13":"product-type-simple"},"jetpack_sharing_enabled":true,"_links":{"self":[{"href":"https:\/\/audiobook-24.com\/en\/wp-json\/wp\/v2\/product\/1710","targetHints":{"allow":["GET"]}}],"collection":[{"href":"https:\/\/audiobook-24.com\/en\/wp-json\/wp\/v2\/product"}],"about":[{"href":"https:\/\/audiobook-24.com\/en\/wp-json\/wp\/v2\/types\/product"}],"replies":[{"embeddable":true,"href":"https:\/\/audiobook-24.com\/en\/wp-json\/wp\/v2\/comments?post=1710"}],"wp:featuredmedia":[{"embeddable":true,"href":"https:\/\/audiobook-24.com\/en\/wp-json\/wp\/v2\/media\/1724"}],"wp:attachment":[{"href":"https:\/\/audiobook-24.com\/en\/wp-json\/wp\/v2\/media?parent=1710"}],"wp:term":[{"taxonomy":"product_brand","embeddable":true,"href":"https:\/\/audiobook-24.com\/en\/wp-json\/wp\/v2\/product_brand?post=1710"},{"taxonomy":"product_cat","embeddable":true,"href":"https:\/\/audiobook-24.com\/en\/wp-json\/wp\/v2\/product_cat?post=1710"},{"taxonomy":"product_tag","embeddable":true,"href":"https:\/\/audiobook-24.com\/en\/wp-json\/wp\/v2\/product_tag?post=1710"}],"curies":[{"name":"wp","href":"https:\/\/api.w.org\/{rel}","templated":true}]}}