{"id":1549,"date":"2025-11-27T08:49:02","date_gmt":"2025-11-27T08:49:02","guid":{"rendered":"https:\/\/audiobook-24.com\/?post_type=product&#038;p=1549"},"modified":"2025-11-27T08:49:02","modified_gmt":"2025-11-27T08:49:02","slug":"%f0%9f%8e%a7-hoerspiel-tkkg-bombe-an-bord-%f0%9f%8e%a7","status":"publish","type":"product","link":"https:\/\/audiobook-24.com\/en\/product\/%f0%9f%8e%a7-hoerspiel-tkkg-bombe-an-bord-%f0%9f%8e%a7\/","title":{"rendered":"\ud83c\udfa7 H\u00f6rspiel: TKKG \u2013 Bombe an Bord \ud83c\udfa7"},"content":{"rendered":"<p data-start=\"107\" data-end=\"149\">\ud83c\udfa7 H\u00f6rspiel: <strong data-start=\"120\" data-end=\"144\">TKKG \u2013 Bombe an Bord<\/strong> \ud83c\udfa7<\/p>\n<p data-start=\"151\" data-end=\"460\">\ud83d\udca3\ud83d\udea2 Ein Fall voller Spannung und Gefahr auf hoher See.<br data-start=\"206\" data-end=\"209\" \/>Tim, Karl, Kl\u00f6\u00dfchen und Gaby stehen vor einer brisanten Mission: An Bord eines Schiffes wurde eine Bombe entdeckt, die jeden Moment explodieren k\u00f6nnte. Jeder Schritt muss genau geplant werden, jede falsche Bewegung k\u00f6nnte katastrophale Folgen haben.<\/p>\n<p data-start=\"462\" data-end=\"806\">Tim versucht, das Schiff zu sichern, Karl entschl\u00fcsselt die Hinweise zum Sprengsatz, Gaby entdeckt ein entscheidendes Detail in den Unterlagen \u2013 und Kl\u00f6\u00dfchen muss all seinen Mut aufbringen, als er direkt in die N\u00e4he der t\u00f6dlichen Gefahr ger\u00e4t. Ein Wettlauf gegen die Zeit beginnt, der Nervenkitzel und Spannung auf h\u00f6chstem Niveau verspricht.<\/p>\n<p data-start=\"808\" data-end=\"896\">Ein H\u00f6rspiel voller Action, Nervenkitzel und cleverer Ermittlungen \u2013 TKKG in Bestform!<\/p>\n<p data-start=\"898\" data-end=\"1090\">\ud83c\udfa7 Format: MP3<br data-start=\"912\" data-end=\"915\" \/>\ud83d\udcb3 Nach Bezahlung:<br data-start=\"933\" data-end=\"936\" \/>\ud83d\udcf1 Sofortiger Download f\u00fcrs Handy<br data-start=\"969\" data-end=\"972\" \/>\ud83d\udcbb Sofortiger Download f\u00fcr PC<br data-start=\"1001\" data-end=\"1004\" \/>\ud83d\udda5\ufe0f Sofortiger Download f\u00fcrs Tablet<br data-start=\"1039\" data-end=\"1042\" \/>\ud83c\udfa7 Sofortiger Download als MP3 f\u00fcr jedes Ger\u00e4t<\/p>\n<p data-start=\"1092\" data-end=\"1133\">\ud83d\udca5 Einmal gekauft \u2013 f\u00fcr immer deins! \ud83d\udca5<\/p>","protected":false},"excerpt":{"rendered":"<p>\ud83c\udfa7 H\u00f6rspiel: TKKG \u2013 Bombe an Bord \ud83c\udfa7 \ud83d\udca3\ud83d\udea2 Ein Fall voller Spannung und Gefahr auf hoher See.Tim, Karl, Kl\u00f6\u00dfchen und Gaby stehen vor einer brisanten Mission: An Bord eines Schiffes wurde eine Bombe entdeckt, die jeden Moment explodieren k\u00f6nnte. Jeder Schritt muss genau geplant werden, jede falsche Bewegung k\u00f6nnte katastrophale Folgen haben. Tim versucht, [&hellip;]<\/p>\n","protected":false},"featured_media":1550,"comment_status":"open","ping_status":"closed","template":"","meta":[],"product_brand":[],"product_cat":[35],"product_tag":[],"class_list":{"0":"post-1549","1":"product","2":"type-product","3":"status-publish","4":"has-post-thumbnail","6":"product_cat-hoerspiel-tkkg","8":"first","9":"instock","10":"sale","11":"virtual","12":"purchasable","13":"product-type-simple"},"jetpack_sharing_enabled":true,"_links":{"self":[{"href":"https:\/\/audiobook-24.com\/en\/wp-json\/wp\/v2\/product\/1549","targetHints":{"allow":["GET"]}}],"collection":[{"href":"https:\/\/audiobook-24.com\/en\/wp-json\/wp\/v2\/product"}],"about":[{"href":"https:\/\/audiobook-24.com\/en\/wp-json\/wp\/v2\/types\/product"}],"replies":[{"embeddable":true,"href":"https:\/\/audiobook-24.com\/en\/wp-json\/wp\/v2\/comments?post=1549"}],"wp:featuredmedia":[{"embeddable":true,"href":"https:\/\/audiobook-24.com\/en\/wp-json\/wp\/v2\/media\/1550"}],"wp:attachment":[{"href":"https:\/\/audiobook-24.com\/en\/wp-json\/wp\/v2\/media?parent=1549"}],"wp:term":[{"taxonomy":"product_brand","embeddable":true,"href":"https:\/\/audiobook-24.com\/en\/wp-json\/wp\/v2\/product_brand?post=1549"},{"taxonomy":"product_cat","embeddable":true,"href":"https:\/\/audiobook-24.com\/en\/wp-json\/wp\/v2\/product_cat?post=1549"},{"taxonomy":"product_tag","embeddable":true,"href":"https:\/\/audiobook-24.com\/en\/wp-json\/wp\/v2\/product_tag?post=1549"}],"curies":[{"name":"wp","href":"https:\/\/api.w.org\/{rel}","templated":true}]}}