{"id":1544,"date":"2025-11-27T08:39:12","date_gmt":"2025-11-27T08:39:12","guid":{"rendered":"https:\/\/audiobook-24.com\/?post_type=product&#038;p=1544"},"modified":"2025-11-27T08:39:12","modified_gmt":"2025-11-27T08:39:12","slug":"%f0%9f%8e%a7-hoerspiel-tkkg-verfolgungsjagd-vor-mitternacht-%f0%9f%8e%a7","status":"publish","type":"product","link":"https:\/\/audiobook-24.com\/en\/product\/%f0%9f%8e%a7-hoerspiel-tkkg-verfolgungsjagd-vor-mitternacht-%f0%9f%8e%a7\/","title":{"rendered":"\ud83c\udfa7 H\u00f6rspiel: TKKG \u2013 Verfolgungsjagd vor Mitternacht \ud83c\udfa7"},"content":{"rendered":"<p data-start=\"125\" data-end=\"185\">\ud83c\udfa7 H\u00f6rspiel: <strong data-start=\"138\" data-end=\"180\">TKKG \u2013 Verfolgungsjagd vor Mitternacht<\/strong> \ud83c\udfa7<\/p>\n<p data-start=\"187\" data-end=\"547\">\ud83c\udf19\ud83d\udea8 Adrenalin pur, wenn die Uhr gegen TKKG tickt.<br data-start=\"237\" data-end=\"240\" \/>Es ist kurz vor Mitternacht, als Tim, Karl, Kl\u00f6\u00dfchen und Gaby Zeugen einer gef\u00e4hrlichen Verfolgungsjagd werden. Ein fl\u00fcchtiger T\u00e4ter hetzt durch die dunklen Stra\u00dfen der Stadt, und unsere Helden m\u00fcssen blitzschnell reagieren. Jeder Schritt birgt Gefahr, jedes Hindernis k\u00f6nnte das Ende des Ganzen bedeuten.<\/p>\n<p data-start=\"549\" data-end=\"790\">Tim sprintet voraus, Karl analysiert die Spuren, Gaby entdeckt ein entscheidendes Detail, und Kl\u00f6\u00dfchen steht pl\u00f6tzlich dem fliehenden Verbrecher direkt gegen\u00fcber \u2013 eine Nacht voller Nervenkitzel, Spannung und cleverer Ermittlungen beginnt.<\/p>\n<p data-start=\"792\" data-end=\"863\">Ein H\u00f6rspiel, das Herzschlag und Spannung vereint \u2013 TKKG in Bestform!<\/p>\n<p data-start=\"865\" data-end=\"1057\">\ud83c\udfa7 Format: MP3<br data-start=\"879\" data-end=\"882\" \/>\ud83d\udcb3 Nach Bezahlung:<br data-start=\"900\" data-end=\"903\" \/>\ud83d\udcf1 Sofortiger Download f\u00fcrs Handy<br data-start=\"936\" data-end=\"939\" \/>\ud83d\udcbb Sofortiger Download f\u00fcr PC<br data-start=\"968\" data-end=\"971\" \/>\ud83d\udda5\ufe0f Sofortiger Download f\u00fcrs Tablet<br data-start=\"1006\" data-end=\"1009\" \/>\ud83c\udfa7 Sofortiger Download als MP3 f\u00fcr jedes Ger\u00e4t<\/p>\n<p data-start=\"1059\" data-end=\"1100\">\ud83d\udca5 Einmal gekauft \u2013 f\u00fcr immer deins! \ud83d\udca5<\/p>","protected":false},"excerpt":{"rendered":"<p>\ud83c\udfa7 H\u00f6rspiel: TKKG \u2013 Verfolgungsjagd vor Mitternacht \ud83c\udfa7 \ud83c\udf19\ud83d\udea8 Adrenalin pur, wenn die Uhr gegen TKKG tickt.Es ist kurz vor Mitternacht, als Tim, Karl, Kl\u00f6\u00dfchen und Gaby Zeugen einer gef\u00e4hrlichen Verfolgungsjagd werden. Ein fl\u00fcchtiger T\u00e4ter hetzt durch die dunklen Stra\u00dfen der Stadt, und unsere Helden m\u00fcssen blitzschnell reagieren. Jeder Schritt birgt Gefahr, jedes Hindernis k\u00f6nnte [&hellip;]<\/p>\n","protected":false},"featured_media":1545,"comment_status":"open","ping_status":"closed","template":"","meta":[],"product_brand":[],"product_cat":[35],"product_tag":[],"class_list":{"0":"post-1544","1":"product","2":"type-product","3":"status-publish","4":"has-post-thumbnail","6":"product_cat-hoerspiel-tkkg","8":"first","9":"instock","10":"sale","11":"virtual","12":"purchasable","13":"product-type-simple"},"jetpack_sharing_enabled":true,"_links":{"self":[{"href":"https:\/\/audiobook-24.com\/en\/wp-json\/wp\/v2\/product\/1544","targetHints":{"allow":["GET"]}}],"collection":[{"href":"https:\/\/audiobook-24.com\/en\/wp-json\/wp\/v2\/product"}],"about":[{"href":"https:\/\/audiobook-24.com\/en\/wp-json\/wp\/v2\/types\/product"}],"replies":[{"embeddable":true,"href":"https:\/\/audiobook-24.com\/en\/wp-json\/wp\/v2\/comments?post=1544"}],"wp:featuredmedia":[{"embeddable":true,"href":"https:\/\/audiobook-24.com\/en\/wp-json\/wp\/v2\/media\/1545"}],"wp:attachment":[{"href":"https:\/\/audiobook-24.com\/en\/wp-json\/wp\/v2\/media?parent=1544"}],"wp:term":[{"taxonomy":"product_brand","embeddable":true,"href":"https:\/\/audiobook-24.com\/en\/wp-json\/wp\/v2\/product_brand?post=1544"},{"taxonomy":"product_cat","embeddable":true,"href":"https:\/\/audiobook-24.com\/en\/wp-json\/wp\/v2\/product_cat?post=1544"},{"taxonomy":"product_tag","embeddable":true,"href":"https:\/\/audiobook-24.com\/en\/wp-json\/wp\/v2\/product_tag?post=1544"}],"curies":[{"name":"wp","href":"https:\/\/api.w.org\/{rel}","templated":true}]}}