{"id":154,"date":"2025-11-14T17:31:53","date_gmt":"2025-11-14T17:31:53","guid":{"rendered":"https:\/\/audiobook-24.com\/?post_type=product&#038;p=154"},"modified":"2025-11-14T17:31:53","modified_gmt":"2025-11-14T17:31:53","slug":"hoerbuch-todesstunt-auf-usedom","status":"publish","type":"product","link":"https:\/\/audiobook-24.com\/en\/product\/hoerbuch-todesstunt-auf-usedom\/","title":{"rendered":"H\u00f6rbuch: Todesstunt auf Usedom"},"content":{"rendered":"<p class=\"\"><strong>\u201eTodesstunt auf Usedom\u201c<\/strong>\u00a0ist ein fesselndes H\u00f6rbuch, das die Zuh\u00f6rer in die geheimnisvolle und spannende Welt von Kriminalf\u00e4llen auf der beliebten Insel Usedom entf\u00fchrt.<\/p>\n<p>Inhalt<\/p>\n<p class=\"\">In diesem Thriller erwarten Sie:<\/p>\n<ul class=\"\">\n<li class=\"\"><strong>Ein kniffliger Mordfall mit unerwarteten Wendungen<\/strong><\/li>\n<li class=\"\"><strong>Intensive Charakterentwicklungen und Beziehungen<\/strong><\/li>\n<li class=\"\"><strong>Ein lebendiges Setting, das die Atmosph\u00e4re der Insel einf\u00e4ngt<\/strong><\/li>\n<\/ul>\n<p>L\u00e4nge<\/p>\n<ul class=\"\">\n<li class=\"\"><strong>Spielzeit:<\/strong>\u00a0ca. 8 Stunden<\/li>\n<\/ul>\n<p>Format<\/p>\n<p class=\"\">Das H\u00f6rbuch ist im\u00a0<strong>MP3-Format<\/strong>\u00a0erh\u00e4ltlich und l\u00e4sst sich auf verschiedenen Ger\u00e4ten problemlos abspielen.<\/p>\n<hr \/>\n<p class=\"\"><strong>\ud83c\udfa7 H\u00f6rbuch: Todesstunt auf Usedom &#8211; Sofort Download<\/strong><\/p>\n<p class=\"\">\ud83d\udcbb\u00a0<strong>PC<\/strong>\u00a0\ud83d\udcf1\u00a0<strong>Handy<\/strong>\u00a0\ud83d\udcf2\u00a0<strong>Tablet<\/strong>\u00a0\ud83c\udfb5\u00a0<strong>MP3 Player<\/strong><\/p>\n<p class=\"\"><strong>Laden Sie das H\u00f6rbuch herunter und tauchen Sie ein in ein spannendes Abenteuer auf Usedom!<\/strong><\/p>","protected":false},"excerpt":{"rendered":"<p>\u201eTodesstunt auf Usedom\u201c\u00a0ist ein fesselndes H\u00f6rbuch, das die Zuh\u00f6rer in die geheimnisvolle und spannende Welt von Kriminalf\u00e4llen auf der beliebten Insel Usedom entf\u00fchrt. Inhalt In diesem Thriller erwarten Sie: Ein kniffliger Mordfall mit unerwarteten Wendungen Intensive Charakterentwicklungen und Beziehungen Ein lebendiges Setting, das die Atmosph\u00e4re der Insel einf\u00e4ngt L\u00e4nge Spielzeit:\u00a0ca. 8 Stunden Format Das H\u00f6rbuch [&hellip;]<\/p>\n","protected":false},"featured_media":155,"comment_status":"open","ping_status":"closed","template":"","meta":[],"product_brand":[],"product_cat":[19],"product_tag":[],"class_list":{"0":"post-154","1":"product","2":"type-product","3":"status-publish","4":"has-post-thumbnail","6":"product_cat-hoerbuecher","8":"first","9":"instock","10":"sale","11":"virtual","12":"purchasable","13":"product-type-simple"},"jetpack_sharing_enabled":true,"_links":{"self":[{"href":"https:\/\/audiobook-24.com\/en\/wp-json\/wp\/v2\/product\/154","targetHints":{"allow":["GET"]}}],"collection":[{"href":"https:\/\/audiobook-24.com\/en\/wp-json\/wp\/v2\/product"}],"about":[{"href":"https:\/\/audiobook-24.com\/en\/wp-json\/wp\/v2\/types\/product"}],"replies":[{"embeddable":true,"href":"https:\/\/audiobook-24.com\/en\/wp-json\/wp\/v2\/comments?post=154"}],"wp:featuredmedia":[{"embeddable":true,"href":"https:\/\/audiobook-24.com\/en\/wp-json\/wp\/v2\/media\/155"}],"wp:attachment":[{"href":"https:\/\/audiobook-24.com\/en\/wp-json\/wp\/v2\/media?parent=154"}],"wp:term":[{"taxonomy":"product_brand","embeddable":true,"href":"https:\/\/audiobook-24.com\/en\/wp-json\/wp\/v2\/product_brand?post=154"},{"taxonomy":"product_cat","embeddable":true,"href":"https:\/\/audiobook-24.com\/en\/wp-json\/wp\/v2\/product_cat?post=154"},{"taxonomy":"product_tag","embeddable":true,"href":"https:\/\/audiobook-24.com\/en\/wp-json\/wp\/v2\/product_tag?post=154"}],"curies":[{"name":"wp","href":"https:\/\/api.w.org\/{rel}","templated":true}]}}