{"id":1534,"date":"2025-11-27T08:18:49","date_gmt":"2025-11-27T08:18:49","guid":{"rendered":"https:\/\/audiobook-24.com\/?post_type=product&#038;p=1534"},"modified":"2025-11-27T08:18:49","modified_gmt":"2025-11-27T08:18:49","slug":"%f0%9f%8e%a7-hoerspiel-tkkg-unternehmen-gruene-hoelle-%f0%9f%8e%a7","status":"publish","type":"product","link":"https:\/\/audiobook-24.com\/en\/product\/%f0%9f%8e%a7-hoerspiel-tkkg-unternehmen-gruene-hoelle-%f0%9f%8e%a7\/","title":{"rendered":"\ud83c\udfa7 H\u00f6rspiel: TKKG \u2013 Unternehmen Gr\u00fcne H\u00f6lle \ud83c\udfa7"},"content":{"rendered":"<p data-start=\"83\" data-end=\"135\">\ud83c\udfa7 H\u00f6rspiel: <strong data-start=\"96\" data-end=\"130\">TKKG \u2013 Unternehmen Gr\u00fcne H\u00f6lle<\/strong> \ud83c\udfa7<\/p>\n<p data-start=\"137\" data-end=\"841\">\ud83c\udf3f\ud83d\udd25 <strong data-start=\"142\" data-end=\"204\">Ein Dschungel aus Gefahr \u2013 mitten vor der eigenen Haust\u00fcr.<\/strong><br data-start=\"204\" data-end=\"207\" \/>Ein geheimnisvolles Forschungsprojekt, ein abgeschottetes Gel\u00e4nde und Menschen, die pl\u00f6tzlich spurlos verschwinden: TKKG werden auf einen Fall angesetzt, der sie in eine \u201egr\u00fcne H\u00f6lle\u201c f\u00fchrt, die mehr mit Laborlicht als mit Urwald zu tun hat.<br data-start=\"448\" data-end=\"451\" \/>Was als harmlose Beobachtung beginnt, verwandelt sich in ein rasantes Abenteuer, als die vier Freunde einer skrupellosen Bande in die Quere kommen, die mit verbotenen Stoffen experimentiert.<br data-start=\"641\" data-end=\"644\" \/>W\u00e4hrend Tim sich durch das Dickicht k\u00e4mpft, entdeckt Karl ein streng geheimes Dossier, Gaby belauscht ein brisantes Gespr\u00e4ch \u2013 und Kl\u00f6\u00dfchen findet sich pl\u00f6tzlich im Mittelpunkt der Gefahr wieder.<\/p>\n<p data-start=\"843\" data-end=\"912\">Ein H\u00f6rspiel voller Spannung, Nervenkitzel und einer Dosis G\u00e4nsehaut!<\/p>\n<p data-start=\"914\" data-end=\"1106\">\ud83c\udfa7 Format: MP3<br data-start=\"928\" data-end=\"931\" \/>\ud83d\udcb3 Nach Bezahlung:<br data-start=\"949\" data-end=\"952\" \/>\ud83d\udcf1 Sofortiger Download f\u00fcrs Handy<br data-start=\"985\" data-end=\"988\" \/>\ud83d\udcbb Sofortiger Download f\u00fcr PC<br data-start=\"1017\" data-end=\"1020\" \/>\ud83d\udda5\ufe0f Sofortiger Download f\u00fcrs Tablet<br data-start=\"1055\" data-end=\"1058\" \/>\ud83c\udfa7 Sofortiger Download als MP3 f\u00fcr alle Ger\u00e4te<\/p>\n<p data-start=\"1108\" data-end=\"1149\">\ud83d\udca5 Einmal gekauft \u2013 f\u00fcr immer deins! \ud83d\udca5<\/p>","protected":false},"excerpt":{"rendered":"<p>\ud83c\udfa7 H\u00f6rspiel: TKKG \u2013 Unternehmen Gr\u00fcne H\u00f6lle \ud83c\udfa7 \ud83c\udf3f\ud83d\udd25 Ein Dschungel aus Gefahr \u2013 mitten vor der eigenen Haust\u00fcr.Ein geheimnisvolles Forschungsprojekt, ein abgeschottetes Gel\u00e4nde und Menschen, die pl\u00f6tzlich spurlos verschwinden: TKKG werden auf einen Fall angesetzt, der sie in eine \u201egr\u00fcne H\u00f6lle\u201c f\u00fchrt, die mehr mit Laborlicht als mit Urwald zu tun hat.Was als harmlose [&hellip;]<\/p>\n","protected":false},"featured_media":1535,"comment_status":"open","ping_status":"closed","template":"","meta":[],"product_brand":[],"product_cat":[35],"product_tag":[],"class_list":{"0":"post-1534","1":"product","2":"type-product","3":"status-publish","4":"has-post-thumbnail","6":"product_cat-hoerspiel-tkkg","8":"first","9":"instock","10":"sale","11":"virtual","12":"purchasable","13":"product-type-simple"},"jetpack_sharing_enabled":true,"_links":{"self":[{"href":"https:\/\/audiobook-24.com\/en\/wp-json\/wp\/v2\/product\/1534","targetHints":{"allow":["GET"]}}],"collection":[{"href":"https:\/\/audiobook-24.com\/en\/wp-json\/wp\/v2\/product"}],"about":[{"href":"https:\/\/audiobook-24.com\/en\/wp-json\/wp\/v2\/types\/product"}],"replies":[{"embeddable":true,"href":"https:\/\/audiobook-24.com\/en\/wp-json\/wp\/v2\/comments?post=1534"}],"wp:featuredmedia":[{"embeddable":true,"href":"https:\/\/audiobook-24.com\/en\/wp-json\/wp\/v2\/media\/1535"}],"wp:attachment":[{"href":"https:\/\/audiobook-24.com\/en\/wp-json\/wp\/v2\/media?parent=1534"}],"wp:term":[{"taxonomy":"product_brand","embeddable":true,"href":"https:\/\/audiobook-24.com\/en\/wp-json\/wp\/v2\/product_brand?post=1534"},{"taxonomy":"product_cat","embeddable":true,"href":"https:\/\/audiobook-24.com\/en\/wp-json\/wp\/v2\/product_cat?post=1534"},{"taxonomy":"product_tag","embeddable":true,"href":"https:\/\/audiobook-24.com\/en\/wp-json\/wp\/v2\/product_tag?post=1534"}],"curies":[{"name":"wp","href":"https:\/\/api.w.org\/{rel}","templated":true}]}}