{"id":1530,"date":"2025-11-26T23:20:21","date_gmt":"2025-11-26T23:20:21","guid":{"rendered":"https:\/\/audiobook-24.com\/?post_type=product&#038;p=1530"},"modified":"2025-11-26T23:20:21","modified_gmt":"2025-11-26T23:20:21","slug":"%f0%9f%8e%a7-hoerspiel-tkkg-gefangen-in-der-schreckenskammer-%f0%9f%8e%a7","status":"publish","type":"product","link":"https:\/\/audiobook-24.com\/en\/product\/%f0%9f%8e%a7-hoerspiel-tkkg-gefangen-in-der-schreckenskammer-%f0%9f%8e%a7\/","title":{"rendered":"\ud83c\udfa7 H\u00f6rspiel: TKKG \u2013 Gefangen in der Schreckenskammer \ud83c\udfa7"},"content":{"rendered":"<p data-start=\"91\" data-end=\"152\">\ud83c\udfa7 H\u00f6rspiel: <strong data-start=\"104\" data-end=\"147\">TKKG \u2013 Gefangen in der Schreckenskammer<\/strong> \ud83c\udfa7<\/p>\n<p data-start=\"154\" data-end=\"446\">\ud83d\udd12\ud83d\ude31 Ein spannendes Abenteuer f\u00fcr TKKG!<br data-start=\"193\" data-end=\"196\" \/>Tim, Karl, Kl\u00f6\u00dfchen und Gaby geraten in eine gef\u00e4hrliche Schreckenskammer, aus der es scheinbar kein Entkommen gibt. Mit Mut, Cleverness und Teamarbeit m\u00fcssen sie R\u00e4tsel l\u00f6sen, Fallen \u00fcberwinden und die Hinterm\u00e4nner entlarven, bevor es zu sp\u00e4t ist.<\/p>\n<p data-start=\"448\" data-end=\"538\">Ein H\u00f6rspiel voller Nervenkitzel, Spannung und cleverer Ermittlungen \u2013 TKKG in Bestform!<\/p>\n<p data-start=\"540\" data-end=\"739\">\ud83c\udfa7 Format: MP3<br data-start=\"554\" data-end=\"557\" \/>\ud83d\udcb3 Nach Bezahlung:<br data-start=\"575\" data-end=\"578\" \/>\ud83d\udcf1 Sofortiger Download f\u00fcrs Handy<br data-start=\"611\" data-end=\"614\" \/>\ud83d\udcbb Sofortiger Download f\u00fcr PC<br data-start=\"643\" data-end=\"646\" \/>\ud83d\udda5\ufe0f Sofortiger Download f\u00fcrs Tablet<br data-start=\"681\" data-end=\"684\" \/>\ud83c\udfa7 Sofortiger Download als MP3 f\u00fcr jedes Abspielger\u00e4t<\/p>\n<p data-start=\"741\" data-end=\"782\">\ud83d\udca5 Einmal gekauft \u2013 f\u00fcr immer deins! \ud83d\udca5<\/p>","protected":false},"excerpt":{"rendered":"<p>\ud83c\udfa7 H\u00f6rspiel: TKKG \u2013 Gefangen in der Schreckenskammer \ud83c\udfa7 \ud83d\udd12\ud83d\ude31 Ein spannendes Abenteuer f\u00fcr TKKG!Tim, Karl, Kl\u00f6\u00dfchen und Gaby geraten in eine gef\u00e4hrliche Schreckenskammer, aus der es scheinbar kein Entkommen gibt. Mit Mut, Cleverness und Teamarbeit m\u00fcssen sie R\u00e4tsel l\u00f6sen, Fallen \u00fcberwinden und die Hinterm\u00e4nner entlarven, bevor es zu sp\u00e4t ist. Ein H\u00f6rspiel voller Nervenkitzel, [&hellip;]<\/p>\n","protected":false},"featured_media":1531,"comment_status":"open","ping_status":"closed","template":"","meta":[],"product_brand":[],"product_cat":[35],"product_tag":[],"class_list":{"0":"post-1530","1":"product","2":"type-product","3":"status-publish","4":"has-post-thumbnail","6":"product_cat-hoerspiel-tkkg","8":"first","9":"instock","10":"sale","11":"virtual","12":"purchasable","13":"product-type-simple"},"jetpack_sharing_enabled":true,"_links":{"self":[{"href":"https:\/\/audiobook-24.com\/en\/wp-json\/wp\/v2\/product\/1530","targetHints":{"allow":["GET"]}}],"collection":[{"href":"https:\/\/audiobook-24.com\/en\/wp-json\/wp\/v2\/product"}],"about":[{"href":"https:\/\/audiobook-24.com\/en\/wp-json\/wp\/v2\/types\/product"}],"replies":[{"embeddable":true,"href":"https:\/\/audiobook-24.com\/en\/wp-json\/wp\/v2\/comments?post=1530"}],"wp:featuredmedia":[{"embeddable":true,"href":"https:\/\/audiobook-24.com\/en\/wp-json\/wp\/v2\/media\/1531"}],"wp:attachment":[{"href":"https:\/\/audiobook-24.com\/en\/wp-json\/wp\/v2\/media?parent=1530"}],"wp:term":[{"taxonomy":"product_brand","embeddable":true,"href":"https:\/\/audiobook-24.com\/en\/wp-json\/wp\/v2\/product_brand?post=1530"},{"taxonomy":"product_cat","embeddable":true,"href":"https:\/\/audiobook-24.com\/en\/wp-json\/wp\/v2\/product_cat?post=1530"},{"taxonomy":"product_tag","embeddable":true,"href":"https:\/\/audiobook-24.com\/en\/wp-json\/wp\/v2\/product_tag?post=1530"}],"curies":[{"name":"wp","href":"https:\/\/api.w.org\/{rel}","templated":true}]}}