{"id":1528,"date":"2025-11-26T23:18:42","date_gmt":"2025-11-26T23:18:42","guid":{"rendered":"https:\/\/audiobook-24.com\/?post_type=product&#038;p=1528"},"modified":"2025-11-26T23:18:42","modified_gmt":"2025-11-26T23:18:42","slug":"%f0%9f%8e%a7-hoerspiel-tkkg-anschlag-auf-den-silberpfeil-%f0%9f%8e%a7","status":"publish","type":"product","link":"https:\/\/audiobook-24.com\/en\/product\/%f0%9f%8e%a7-hoerspiel-tkkg-anschlag-auf-den-silberpfeil-%f0%9f%8e%a7\/","title":{"rendered":"\ud83c\udfa7 H\u00f6rspiel: TKKG \u2013 Anschlag auf den Silberpfeil \ud83c\udfa7"},"content":{"rendered":"<p data-start=\"87\" data-end=\"144\">\ud83c\udfa7 H\u00f6rspiel: <strong data-start=\"100\" data-end=\"139\">TKKG \u2013 Anschlag auf den Silberpfeil<\/strong> \ud83c\udfa7<\/p>\n<p data-start=\"146\" data-end=\"414\">\ud83d\ude84\ud83d\udca3 Ein spannendes Abenteuer f\u00fcr TKKG!<br data-start=\"185\" data-end=\"188\" \/>Tim, Karl, Kl\u00f6\u00dfchen und Gaby geraten in einen gef\u00e4hrlichen Fall: Jemand plant einen Anschlag auf den Silberpfeil. Mit Mut, Cleverness und Teamarbeit versuchen sie, die T\u00e4ter zu stoppen und das drohende Ungl\u00fcck zu verhindern.<\/p>\n<p data-start=\"416\" data-end=\"506\">Ein H\u00f6rspiel voller Nervenkitzel, Spannung und cleverer Ermittlungen \u2013 TKKG in Bestform!<\/p>\n<p data-start=\"508\" data-end=\"707\">\ud83c\udfa7 Format: MP3<br data-start=\"522\" data-end=\"525\" \/>\ud83d\udcb3 Nach Bezahlung:<br data-start=\"543\" data-end=\"546\" \/>\ud83d\udcf1 Sofortiger Download f\u00fcrs Handy<br data-start=\"579\" data-end=\"582\" \/>\ud83d\udcbb Sofortiger Download f\u00fcr PC<br data-start=\"611\" data-end=\"614\" \/>\ud83d\udda5\ufe0f Sofortiger Download f\u00fcrs Tablet<br data-start=\"649\" data-end=\"652\" \/>\ud83c\udfa7 Sofortiger Download als MP3 f\u00fcr jedes Abspielger\u00e4t<\/p>\n<p data-start=\"709\" data-end=\"750\">\ud83d\udca5 Einmal gekauft \u2013 f\u00fcr immer deins! \ud83d\udca5<\/p>","protected":false},"excerpt":{"rendered":"<p>\ud83c\udfa7 H\u00f6rspiel: TKKG \u2013 Anschlag auf den Silberpfeil \ud83c\udfa7 \ud83d\ude84\ud83d\udca3 Ein spannendes Abenteuer f\u00fcr TKKG!Tim, Karl, Kl\u00f6\u00dfchen und Gaby geraten in einen gef\u00e4hrlichen Fall: Jemand plant einen Anschlag auf den Silberpfeil. Mit Mut, Cleverness und Teamarbeit versuchen sie, die T\u00e4ter zu stoppen und das drohende Ungl\u00fcck zu verhindern. Ein H\u00f6rspiel voller Nervenkitzel, Spannung und cleverer [&hellip;]<\/p>\n","protected":false},"featured_media":1529,"comment_status":"open","ping_status":"closed","template":"","meta":[],"product_brand":[],"product_cat":[35],"product_tag":[],"class_list":{"0":"post-1528","1":"product","2":"type-product","3":"status-publish","4":"has-post-thumbnail","6":"product_cat-hoerspiel-tkkg","8":"first","9":"instock","10":"sale","11":"virtual","12":"purchasable","13":"product-type-simple"},"jetpack_sharing_enabled":true,"_links":{"self":[{"href":"https:\/\/audiobook-24.com\/en\/wp-json\/wp\/v2\/product\/1528","targetHints":{"allow":["GET"]}}],"collection":[{"href":"https:\/\/audiobook-24.com\/en\/wp-json\/wp\/v2\/product"}],"about":[{"href":"https:\/\/audiobook-24.com\/en\/wp-json\/wp\/v2\/types\/product"}],"replies":[{"embeddable":true,"href":"https:\/\/audiobook-24.com\/en\/wp-json\/wp\/v2\/comments?post=1528"}],"wp:featuredmedia":[{"embeddable":true,"href":"https:\/\/audiobook-24.com\/en\/wp-json\/wp\/v2\/media\/1529"}],"wp:attachment":[{"href":"https:\/\/audiobook-24.com\/en\/wp-json\/wp\/v2\/media?parent=1528"}],"wp:term":[{"taxonomy":"product_brand","embeddable":true,"href":"https:\/\/audiobook-24.com\/en\/wp-json\/wp\/v2\/product_brand?post=1528"},{"taxonomy":"product_cat","embeddable":true,"href":"https:\/\/audiobook-24.com\/en\/wp-json\/wp\/v2\/product_cat?post=1528"},{"taxonomy":"product_tag","embeddable":true,"href":"https:\/\/audiobook-24.com\/en\/wp-json\/wp\/v2\/product_tag?post=1528"}],"curies":[{"name":"wp","href":"https:\/\/api.w.org\/{rel}","templated":true}]}}