{"id":1526,"date":"2025-11-26T23:16:59","date_gmt":"2025-11-26T23:16:59","guid":{"rendered":"https:\/\/audiobook-24.com\/?post_type=product&#038;p=1526"},"modified":"2025-11-26T23:17:00","modified_gmt":"2025-11-26T23:17:00","slug":"%f0%9f%8e%a7-hoerspiel-tkkg-heisses-gold-im-silbersee-%f0%9f%8e%a7","status":"publish","type":"product","link":"https:\/\/audiobook-24.com\/en\/product\/%f0%9f%8e%a7-hoerspiel-tkkg-heisses-gold-im-silbersee-%f0%9f%8e%a7\/","title":{"rendered":"\ud83c\udfa7 H\u00f6rspiel: TKKG \u2013 Hei\u00dfes Gold im Silbersee \ud83c\udfa7"},"content":{"rendered":"<p data-start=\"83\" data-end=\"136\">\ud83c\udfa7 H\u00f6rspiel: <strong data-start=\"96\" data-end=\"131\">TKKG \u2013 Hei\u00dfes Gold im Silbersee<\/strong> \ud83c\udfa7<\/p>\n<p data-start=\"138\" data-end=\"480\">\ud83c\udfde\ufe0f\ud83d\udcb0 Ein spannendes Abenteuer f\u00fcr TKKG!<br data-start=\"178\" data-end=\"181\" \/>Tim, Karl, Kl\u00f6\u00dfchen und Gaby sto\u00dfen auf ein hei\u00dfes Geheimnis: Goldsch\u00e4tze im Silbersee! Gef\u00e4hrliche Rivalen, knifflige R\u00e4tsel und riskante Verfolgungen stellen die Freunde vor gro\u00dfe Herausforderungen. Nur mit Mut, Cleverness und Teamarbeit k\u00f6nnen sie das Gold sichern und die \u00dcbelt\u00e4ter \u00fcberf\u00fchren.<\/p>\n<p data-start=\"482\" data-end=\"572\">Ein H\u00f6rspiel voller Spannung, Nervenkitzel und cleverer Ermittlungen \u2013 TKKG in Bestform!<\/p>\n<p data-start=\"574\" data-end=\"773\">\ud83c\udfa7 Format: MP3<br data-start=\"588\" data-end=\"591\" \/>\ud83d\udcb3 Nach Bezahlung:<br data-start=\"609\" data-end=\"612\" \/>\ud83d\udcf1 Sofortiger Download f\u00fcrs Handy<br data-start=\"645\" data-end=\"648\" \/>\ud83d\udcbb Sofortiger Download f\u00fcr PC<br data-start=\"677\" data-end=\"680\" \/>\ud83d\udda5\ufe0f Sofortiger Download f\u00fcrs Tablet<br data-start=\"715\" data-end=\"718\" \/>\ud83c\udfa7 Sofortiger Download als MP3 f\u00fcr jedes Abspielger\u00e4t<\/p>\n<p data-start=\"775\" data-end=\"816\">\ud83d\udca5 Einmal gekauft \u2013 f\u00fcr immer deins! \ud83d\udca5<\/p>","protected":false},"excerpt":{"rendered":"<p>\ud83c\udfa7 H\u00f6rspiel: TKKG \u2013 Hei\u00dfes Gold im Silbersee \ud83c\udfa7 \ud83c\udfde\ufe0f\ud83d\udcb0 Ein spannendes Abenteuer f\u00fcr TKKG!Tim, Karl, Kl\u00f6\u00dfchen und Gaby sto\u00dfen auf ein hei\u00dfes Geheimnis: Goldsch\u00e4tze im Silbersee! Gef\u00e4hrliche Rivalen, knifflige R\u00e4tsel und riskante Verfolgungen stellen die Freunde vor gro\u00dfe Herausforderungen. Nur mit Mut, Cleverness und Teamarbeit k\u00f6nnen sie das Gold sichern und die \u00dcbelt\u00e4ter \u00fcberf\u00fchren. [&hellip;]<\/p>\n","protected":false},"featured_media":1527,"comment_status":"open","ping_status":"closed","template":"","meta":[],"product_brand":[],"product_cat":[35],"product_tag":[],"class_list":{"0":"post-1526","1":"product","2":"type-product","3":"status-publish","4":"has-post-thumbnail","6":"product_cat-hoerspiel-tkkg","8":"first","9":"instock","10":"sale","11":"virtual","12":"purchasable","13":"product-type-simple"},"jetpack_sharing_enabled":true,"_links":{"self":[{"href":"https:\/\/audiobook-24.com\/en\/wp-json\/wp\/v2\/product\/1526","targetHints":{"allow":["GET"]}}],"collection":[{"href":"https:\/\/audiobook-24.com\/en\/wp-json\/wp\/v2\/product"}],"about":[{"href":"https:\/\/audiobook-24.com\/en\/wp-json\/wp\/v2\/types\/product"}],"replies":[{"embeddable":true,"href":"https:\/\/audiobook-24.com\/en\/wp-json\/wp\/v2\/comments?post=1526"}],"wp:featuredmedia":[{"embeddable":true,"href":"https:\/\/audiobook-24.com\/en\/wp-json\/wp\/v2\/media\/1527"}],"wp:attachment":[{"href":"https:\/\/audiobook-24.com\/en\/wp-json\/wp\/v2\/media?parent=1526"}],"wp:term":[{"taxonomy":"product_brand","embeddable":true,"href":"https:\/\/audiobook-24.com\/en\/wp-json\/wp\/v2\/product_brand?post=1526"},{"taxonomy":"product_cat","embeddable":true,"href":"https:\/\/audiobook-24.com\/en\/wp-json\/wp\/v2\/product_cat?post=1526"},{"taxonomy":"product_tag","embeddable":true,"href":"https:\/\/audiobook-24.com\/en\/wp-json\/wp\/v2\/product_tag?post=1526"}],"curies":[{"name":"wp","href":"https:\/\/api.w.org\/{rel}","templated":true}]}}