{"id":152,"date":"2025-11-14T17:30:20","date_gmt":"2025-11-14T17:30:20","guid":{"rendered":"https:\/\/audiobook-24.com\/?post_type=product&#038;p=152"},"modified":"2025-11-14T17:30:20","modified_gmt":"2025-11-14T17:30:20","slug":"hoerbuch-elizabeth-p-der-mumienschrein","status":"publish","type":"product","link":"https:\/\/audiobook-24.com\/en\/product\/hoerbuch-elizabeth-p-der-mumienschrein\/","title":{"rendered":"H\u00f6rbuch: Elizabeth P \u2013 Der Mumienschrein"},"content":{"rendered":"<h3 class=\"\">H\u00f6rbuch: Elizabeth P \u2013 Der Mumienschrein<\/h3>\n<p class=\"\"><strong>\u201eDer Mumienschrein\u201c<\/strong>\u00a0von Elizabeth P ist ein fesselndes H\u00f6rbuch, das Sie auf eine aufregende Reise in die Geheimnisse der alten Zivilisationen mitnimmt.<\/p>\n<p>Inhalt<\/p>\n<p class=\"\">In diesem H\u00f6rbuch erwarten Sie:<\/p>\n<ul class=\"\">\n<li class=\"\"><strong>Spannende Entdeckungsreise in \u00c4gypten<\/strong><\/li>\n<li class=\"\"><strong>R\u00e4tsel und Geheimnisse rund um eine alte Mumie<\/strong><\/li>\n<li class=\"\"><strong>Packende Entwicklungen voller Spannung und Abenteuer<\/strong><\/li>\n<\/ul>\n<p>L\u00e4nge<\/p>\n<ul class=\"\">\n<li class=\"\"><strong>Spielzeit:<\/strong>\u00a0ca. 10 Stunden<\/li>\n<\/ul>\n<p>Format<\/p>\n<p class=\"\">Das H\u00f6rbuch ist im\u00a0<strong>MP3-Format<\/strong>\u00a0erh\u00e4ltlich und l\u00e4sst sich bequem auf verschiedenen Ger\u00e4ten abspielen.<\/p>\n<hr \/>\n<p class=\"\"><strong>\ud83c\udfa7 H\u00f6rbuch: Elizabeth P \u2013 Der Mumienschrein &#8211; Sofort Download<\/strong><\/p>\n<p class=\"\">\ud83d\udcbb\u00a0<strong>PC<\/strong>\u00a0\ud83d\udcf1\u00a0<strong>Handy<\/strong>\u00a0\ud83d\udcf2\u00a0<strong>Tablet<\/strong>\u00a0\ud83c\udfb5\u00a0<strong>MP3 Player<\/strong><\/p>\n<p class=\"\"><strong>Laden Sie das H\u00f6rbuch herunter und erleben Sie die faszinierende Welt von \u201eDer Mumienschrein\u201c!<\/strong><\/p>","protected":false},"excerpt":{"rendered":"<p>H\u00f6rbuch: Elizabeth P \u2013 Der Mumienschrein \u201eDer Mumienschrein\u201c\u00a0von Elizabeth P ist ein fesselndes H\u00f6rbuch, das Sie auf eine aufregende Reise in die Geheimnisse der alten Zivilisationen mitnimmt. Inhalt In diesem H\u00f6rbuch erwarten Sie: Spannende Entdeckungsreise in \u00c4gypten R\u00e4tsel und Geheimnisse rund um eine alte Mumie Packende Entwicklungen voller Spannung und Abenteuer L\u00e4nge Spielzeit:\u00a0ca. 10 Stunden [&hellip;]<\/p>\n","protected":false},"featured_media":153,"comment_status":"open","ping_status":"closed","template":"","meta":[],"product_brand":[],"product_cat":[19],"product_tag":[],"class_list":{"0":"post-152","1":"product","2":"type-product","3":"status-publish","4":"has-post-thumbnail","6":"product_cat-hoerbuecher","8":"first","9":"instock","10":"sale","11":"virtual","12":"purchasable","13":"product-type-simple"},"jetpack_sharing_enabled":true,"_links":{"self":[{"href":"https:\/\/audiobook-24.com\/en\/wp-json\/wp\/v2\/product\/152","targetHints":{"allow":["GET"]}}],"collection":[{"href":"https:\/\/audiobook-24.com\/en\/wp-json\/wp\/v2\/product"}],"about":[{"href":"https:\/\/audiobook-24.com\/en\/wp-json\/wp\/v2\/types\/product"}],"replies":[{"embeddable":true,"href":"https:\/\/audiobook-24.com\/en\/wp-json\/wp\/v2\/comments?post=152"}],"wp:featuredmedia":[{"embeddable":true,"href":"https:\/\/audiobook-24.com\/en\/wp-json\/wp\/v2\/media\/153"}],"wp:attachment":[{"href":"https:\/\/audiobook-24.com\/en\/wp-json\/wp\/v2\/media?parent=152"}],"wp:term":[{"taxonomy":"product_brand","embeddable":true,"href":"https:\/\/audiobook-24.com\/en\/wp-json\/wp\/v2\/product_brand?post=152"},{"taxonomy":"product_cat","embeddable":true,"href":"https:\/\/audiobook-24.com\/en\/wp-json\/wp\/v2\/product_cat?post=152"},{"taxonomy":"product_tag","embeddable":true,"href":"https:\/\/audiobook-24.com\/en\/wp-json\/wp\/v2\/product_tag?post=152"}],"curies":[{"name":"wp","href":"https:\/\/api.w.org\/{rel}","templated":true}]}}