{"id":1516,"date":"2025-11-26T23:05:01","date_gmt":"2025-11-26T23:05:01","guid":{"rendered":"https:\/\/audiobook-24.com\/?post_type=product&#038;p=1516"},"modified":"2025-11-26T23:05:01","modified_gmt":"2025-11-26T23:05:01","slug":"%f0%9f%8e%a7-hoerspiel-tkkg-der-letzte-schuss-%f0%9f%8e%a7","status":"publish","type":"product","link":"https:\/\/audiobook-24.com\/en\/product\/%f0%9f%8e%a7-hoerspiel-tkkg-der-letzte-schuss-%f0%9f%8e%a7\/","title":{"rendered":"\ud83c\udfa7 H\u00f6rspiel: TKKG \u2013 Der letzte Schuss \ud83c\udfa7"},"content":{"rendered":"<p data-start=\"76\" data-end=\"122\">\ud83c\udfa7 H\u00f6rspiel: <strong data-start=\"89\" data-end=\"117\">TKKG \u2013 Der letzte Schuss<\/strong> \ud83c\udfa7<\/p>\n<p data-start=\"124\" data-end=\"396\">\ud83d\udd2b\ud83d\udd75\ufe0f\u200d\u2642\ufe0f Ein spannendes Abenteuer f\u00fcr TKKG!<br data-start=\"167\" data-end=\"170\" \/>Tim, Karl, Kl\u00f6\u00dfchen und Gaby geraten in einen gef\u00e4hrlichen Fall, bei dem ein letzter Schuss \u00fcber alles entscheiden k\u00f6nnte. Mit Mut, Cleverness und Teamarbeit versuchen sie, die T\u00e4ter zu stoppen und Schlimmeres zu verhindern.<\/p>\n<p data-start=\"398\" data-end=\"488\">Ein H\u00f6rspiel voller Nervenkitzel, Spannung und cleverer Ermittlungen \u2013 TKKG in Bestform!<\/p>\n<p data-start=\"490\" data-end=\"689\">\ud83c\udfa7 Format: MP3<br data-start=\"504\" data-end=\"507\" \/>\ud83d\udcb3 Nach Bezahlung:<br data-start=\"525\" data-end=\"528\" \/>\ud83d\udcf1 Sofortiger Download f\u00fcrs Handy<br data-start=\"561\" data-end=\"564\" \/>\ud83d\udcbb Sofortiger Download f\u00fcr PC<br data-start=\"593\" data-end=\"596\" \/>\ud83d\udda5\ufe0f Sofortiger Download f\u00fcrs Tablet<br data-start=\"631\" data-end=\"634\" \/>\ud83c\udfa7 Sofortiger Download als MP3 f\u00fcr jedes Abspielger\u00e4t<\/p>\n<p data-start=\"691\" data-end=\"732\">\ud83d\udca5 Einmal gekauft \u2013 f\u00fcr immer deins! \ud83d\udca5<\/p>","protected":false},"excerpt":{"rendered":"<p>\ud83c\udfa7 H\u00f6rspiel: TKKG \u2013 Der letzte Schuss \ud83c\udfa7 \ud83d\udd2b\ud83d\udd75\ufe0f\u200d\u2642\ufe0f Ein spannendes Abenteuer f\u00fcr TKKG!Tim, Karl, Kl\u00f6\u00dfchen und Gaby geraten in einen gef\u00e4hrlichen Fall, bei dem ein letzter Schuss \u00fcber alles entscheiden k\u00f6nnte. Mit Mut, Cleverness und Teamarbeit versuchen sie, die T\u00e4ter zu stoppen und Schlimmeres zu verhindern. Ein H\u00f6rspiel voller Nervenkitzel, Spannung und cleverer Ermittlungen [&hellip;]<\/p>\n","protected":false},"featured_media":1517,"comment_status":"open","ping_status":"closed","template":"","meta":[],"product_brand":[],"product_cat":[35],"product_tag":[],"class_list":{"0":"post-1516","1":"product","2":"type-product","3":"status-publish","4":"has-post-thumbnail","6":"product_cat-hoerspiel-tkkg","8":"first","9":"instock","10":"sale","11":"virtual","12":"purchasable","13":"product-type-simple"},"jetpack_sharing_enabled":true,"_links":{"self":[{"href":"https:\/\/audiobook-24.com\/en\/wp-json\/wp\/v2\/product\/1516","targetHints":{"allow":["GET"]}}],"collection":[{"href":"https:\/\/audiobook-24.com\/en\/wp-json\/wp\/v2\/product"}],"about":[{"href":"https:\/\/audiobook-24.com\/en\/wp-json\/wp\/v2\/types\/product"}],"replies":[{"embeddable":true,"href":"https:\/\/audiobook-24.com\/en\/wp-json\/wp\/v2\/comments?post=1516"}],"wp:featuredmedia":[{"embeddable":true,"href":"https:\/\/audiobook-24.com\/en\/wp-json\/wp\/v2\/media\/1517"}],"wp:attachment":[{"href":"https:\/\/audiobook-24.com\/en\/wp-json\/wp\/v2\/media?parent=1516"}],"wp:term":[{"taxonomy":"product_brand","embeddable":true,"href":"https:\/\/audiobook-24.com\/en\/wp-json\/wp\/v2\/product_brand?post=1516"},{"taxonomy":"product_cat","embeddable":true,"href":"https:\/\/audiobook-24.com\/en\/wp-json\/wp\/v2\/product_cat?post=1516"},{"taxonomy":"product_tag","embeddable":true,"href":"https:\/\/audiobook-24.com\/en\/wp-json\/wp\/v2\/product_tag?post=1516"}],"curies":[{"name":"wp","href":"https:\/\/api.w.org\/{rel}","templated":true}]}}