{"id":1514,"date":"2025-11-26T23:03:13","date_gmt":"2025-11-26T23:03:13","guid":{"rendered":"https:\/\/audiobook-24.com\/?post_type=product&#038;p=1514"},"modified":"2025-11-26T23:03:14","modified_gmt":"2025-11-26T23:03:14","slug":"%f0%9f%8e%a7-hoerspiel-tkkg-das-geschenk-des-boesen-%f0%9f%8e%a7","status":"publish","type":"product","link":"https:\/\/audiobook-24.com\/en\/product\/%f0%9f%8e%a7-hoerspiel-tkkg-das-geschenk-des-boesen-%f0%9f%8e%a7\/","title":{"rendered":"\ud83c\udfa7 H\u00f6rspiel: TKKG \u2013 Das Geschenk des B\u00f6sen \ud83c\udfa7"},"content":{"rendered":"<p data-start=\"81\" data-end=\"132\">\ud83c\udfa7 H\u00f6rspiel: <strong data-start=\"94\" data-end=\"127\">TKKG \u2013 Das Geschenk des B\u00f6sen<\/strong> \ud83c\udfa7<\/p>\n<p data-start=\"134\" data-end=\"407\">\ud83c\udf81\ud83d\udd75\ufe0f\u200d\u2642\ufe0f Ein spannendes Abenteuer f\u00fcr TKKG!<br data-start=\"177\" data-end=\"180\" \/>Tim, Karl, Kl\u00f6\u00dfchen und Gaby erhalten ein mysteri\u00f6ses Geschenk, das mehr Gefahr birgt, als es zun\u00e4chst scheint. Mit Mut, Cleverness und Teamarbeit decken sie die dunklen Machenschaften auf und verhindern ein drohendes Unheil.<\/p>\n<p data-start=\"409\" data-end=\"499\">Ein H\u00f6rspiel voller Spannung, Nervenkitzel und cleverer Ermittlungen \u2013 TKKG in Bestform!<\/p>\n<p data-start=\"501\" data-end=\"700\">\ud83c\udfa7 Format: MP3<br data-start=\"515\" data-end=\"518\" \/>\ud83d\udcb3 Nach Bezahlung:<br data-start=\"536\" data-end=\"539\" \/>\ud83d\udcf1 Sofortiger Download f\u00fcrs Handy<br data-start=\"572\" data-end=\"575\" \/>\ud83d\udcbb Sofortiger Download f\u00fcr PC<br data-start=\"604\" data-end=\"607\" \/>\ud83d\udda5\ufe0f Sofortiger Download f\u00fcrs Tablet<br data-start=\"642\" data-end=\"645\" \/>\ud83c\udfa7 Sofortiger Download als MP3 f\u00fcr jedes Abspielger\u00e4t<\/p>\n<p data-start=\"702\" data-end=\"743\">\ud83d\udca5 Einmal gekauft \u2013 f\u00fcr immer deins! \ud83d\udca5<\/p>","protected":false},"excerpt":{"rendered":"<p>\ud83c\udfa7 H\u00f6rspiel: TKKG \u2013 Das Geschenk des B\u00f6sen \ud83c\udfa7 \ud83c\udf81\ud83d\udd75\ufe0f\u200d\u2642\ufe0f Ein spannendes Abenteuer f\u00fcr TKKG!Tim, Karl, Kl\u00f6\u00dfchen und Gaby erhalten ein mysteri\u00f6ses Geschenk, das mehr Gefahr birgt, als es zun\u00e4chst scheint. Mit Mut, Cleverness und Teamarbeit decken sie die dunklen Machenschaften auf und verhindern ein drohendes Unheil. Ein H\u00f6rspiel voller Spannung, Nervenkitzel und cleverer Ermittlungen [&hellip;]<\/p>\n","protected":false},"featured_media":1515,"comment_status":"open","ping_status":"closed","template":"","meta":[],"product_brand":[],"product_cat":[35],"product_tag":[],"class_list":{"0":"post-1514","1":"product","2":"type-product","3":"status-publish","4":"has-post-thumbnail","6":"product_cat-hoerspiel-tkkg","8":"first","9":"instock","10":"sale","11":"virtual","12":"purchasable","13":"product-type-simple"},"jetpack_sharing_enabled":true,"_links":{"self":[{"href":"https:\/\/audiobook-24.com\/en\/wp-json\/wp\/v2\/product\/1514","targetHints":{"allow":["GET"]}}],"collection":[{"href":"https:\/\/audiobook-24.com\/en\/wp-json\/wp\/v2\/product"}],"about":[{"href":"https:\/\/audiobook-24.com\/en\/wp-json\/wp\/v2\/types\/product"}],"replies":[{"embeddable":true,"href":"https:\/\/audiobook-24.com\/en\/wp-json\/wp\/v2\/comments?post=1514"}],"wp:featuredmedia":[{"embeddable":true,"href":"https:\/\/audiobook-24.com\/en\/wp-json\/wp\/v2\/media\/1515"}],"wp:attachment":[{"href":"https:\/\/audiobook-24.com\/en\/wp-json\/wp\/v2\/media?parent=1514"}],"wp:term":[{"taxonomy":"product_brand","embeddable":true,"href":"https:\/\/audiobook-24.com\/en\/wp-json\/wp\/v2\/product_brand?post=1514"},{"taxonomy":"product_cat","embeddable":true,"href":"https:\/\/audiobook-24.com\/en\/wp-json\/wp\/v2\/product_cat?post=1514"},{"taxonomy":"product_tag","embeddable":true,"href":"https:\/\/audiobook-24.com\/en\/wp-json\/wp\/v2\/product_tag?post=1514"}],"curies":[{"name":"wp","href":"https:\/\/api.w.org\/{rel}","templated":true}]}}