{"id":1512,"date":"2025-11-26T23:01:34","date_gmt":"2025-11-26T23:01:34","guid":{"rendered":"https:\/\/audiobook-24.com\/?post_type=product&#038;p=1512"},"modified":"2025-11-26T23:01:34","modified_gmt":"2025-11-26T23:01:34","slug":"%f0%9f%8e%a7-hoerspiel-tkkg-die-nacht-des-ueberfalls-%f0%9f%8e%a7","status":"publish","type":"product","link":"https:\/\/audiobook-24.com\/en\/product\/%f0%9f%8e%a7-hoerspiel-tkkg-die-nacht-des-ueberfalls-%f0%9f%8e%a7\/","title":{"rendered":"\ud83c\udfa7 H\u00f6rspiel: TKKG \u2013 Die Nacht des \u00dcberfalls \ud83c\udfa7"},"content":{"rendered":"<p data-start=\"82\" data-end=\"134\">\ud83c\udfa7 H\u00f6rspiel: <strong data-start=\"95\" data-end=\"129\">TKKG \u2013 Die Nacht des \u00dcberfalls<\/strong> \ud83c\udfa7<\/p>\n<p data-start=\"136\" data-end=\"370\">\ud83c\udf19\ud83d\udca3 Ein spannendes Abenteuer f\u00fcr TKKG!<br data-start=\"175\" data-end=\"178\" \/>Tim, Karl, Kl\u00f6\u00dfchen und Gaby geraten mitten in einen gef\u00e4hrlichen \u00dcberfall in der Nacht. Mit Mut, Cleverness und Teamarbeit versuchen sie, die T\u00e4ter zu stoppen und Schlimmeres zu verhindern.<\/p>\n<p data-start=\"372\" data-end=\"462\">Ein H\u00f6rspiel voller Nervenkitzel, Spannung und cleverer Ermittlungen \u2013 TKKG in Bestform!<\/p>\n<p data-start=\"464\" data-end=\"663\">\ud83c\udfa7 Format: MP3<br data-start=\"478\" data-end=\"481\" \/>\ud83d\udcb3 Nach Bezahlung:<br data-start=\"499\" data-end=\"502\" \/>\ud83d\udcf1 Sofortiger Download f\u00fcrs Handy<br data-start=\"535\" data-end=\"538\" \/>\ud83d\udcbb Sofortiger Download f\u00fcr PC<br data-start=\"567\" data-end=\"570\" \/>\ud83d\udda5\ufe0f Sofortiger Download f\u00fcrs Tablet<br data-start=\"605\" data-end=\"608\" \/>\ud83c\udfa7 Sofortiger Download als MP3 f\u00fcr jedes Abspielger\u00e4t<\/p>\n<p data-start=\"665\" data-end=\"706\">\ud83d\udca5 Einmal gekauft \u2013 f\u00fcr immer deins! \ud83d\udca5<\/p>","protected":false},"excerpt":{"rendered":"<p>\ud83c\udfa7 H\u00f6rspiel: TKKG \u2013 Die Nacht des \u00dcberfalls \ud83c\udfa7 \ud83c\udf19\ud83d\udca3 Ein spannendes Abenteuer f\u00fcr TKKG!Tim, Karl, Kl\u00f6\u00dfchen und Gaby geraten mitten in einen gef\u00e4hrlichen \u00dcberfall in der Nacht. Mit Mut, Cleverness und Teamarbeit versuchen sie, die T\u00e4ter zu stoppen und Schlimmeres zu verhindern. Ein H\u00f6rspiel voller Nervenkitzel, Spannung und cleverer Ermittlungen \u2013 TKKG in Bestform! [&hellip;]<\/p>\n","protected":false},"featured_media":1513,"comment_status":"open","ping_status":"closed","template":"","meta":[],"product_brand":[],"product_cat":[35],"product_tag":[],"class_list":{"0":"post-1512","1":"product","2":"type-product","3":"status-publish","4":"has-post-thumbnail","6":"product_cat-hoerspiel-tkkg","8":"first","9":"instock","10":"sale","11":"virtual","12":"purchasable","13":"product-type-simple"},"jetpack_sharing_enabled":true,"_links":{"self":[{"href":"https:\/\/audiobook-24.com\/en\/wp-json\/wp\/v2\/product\/1512","targetHints":{"allow":["GET"]}}],"collection":[{"href":"https:\/\/audiobook-24.com\/en\/wp-json\/wp\/v2\/product"}],"about":[{"href":"https:\/\/audiobook-24.com\/en\/wp-json\/wp\/v2\/types\/product"}],"replies":[{"embeddable":true,"href":"https:\/\/audiobook-24.com\/en\/wp-json\/wp\/v2\/comments?post=1512"}],"wp:featuredmedia":[{"embeddable":true,"href":"https:\/\/audiobook-24.com\/en\/wp-json\/wp\/v2\/media\/1513"}],"wp:attachment":[{"href":"https:\/\/audiobook-24.com\/en\/wp-json\/wp\/v2\/media?parent=1512"}],"wp:term":[{"taxonomy":"product_brand","embeddable":true,"href":"https:\/\/audiobook-24.com\/en\/wp-json\/wp\/v2\/product_brand?post=1512"},{"taxonomy":"product_cat","embeddable":true,"href":"https:\/\/audiobook-24.com\/en\/wp-json\/wp\/v2\/product_cat?post=1512"},{"taxonomy":"product_tag","embeddable":true,"href":"https:\/\/audiobook-24.com\/en\/wp-json\/wp\/v2\/product_tag?post=1512"}],"curies":[{"name":"wp","href":"https:\/\/api.w.org\/{rel}","templated":true}]}}