{"id":1506,"date":"2025-11-26T22:54:41","date_gmt":"2025-11-26T22:54:41","guid":{"rendered":"https:\/\/audiobook-24.com\/?post_type=product&#038;p=1506"},"modified":"2025-11-26T22:54:42","modified_gmt":"2025-11-26T22:54:42","slug":"%f0%9f%8e%a7-hoerspiel-tkkg-wilddiebe-im-teufelsmoor-%f0%9f%8e%a7","status":"publish","type":"product","link":"https:\/\/audiobook-24.com\/en\/product\/%f0%9f%8e%a7-hoerspiel-tkkg-wilddiebe-im-teufelsmoor-%f0%9f%8e%a7\/","title":{"rendered":"\ud83c\udfa7 H\u00f6rspiel: TKKG \u2013 Wilddiebe im Teufelsmoor \ud83c\udfa7"},"content":{"rendered":"<p data-start=\"83\" data-end=\"136\">\ud83c\udfa7 H\u00f6rspiel: <strong data-start=\"96\" data-end=\"131\">TKKG \u2013 Wilddiebe im Teufelsmoor<\/strong> \ud83c\udfa7<\/p>\n<p data-start=\"138\" data-end=\"511\">\ud83c\udf2b\ufe0f\ud83d\udd75\ufe0f\u200d\u2642\ufe0f Ein nebliges Abenteuer f\u00fcr TKKG!<br data-start=\"180\" data-end=\"183\" \/>Im d\u00fcsteren Teufelsmoor treiben Wilddiebe ihr Unwesen \u2013 und schrecken vor nichts zur\u00fcck. Tim, Karl, Kl\u00f6\u00dfchen und Gaby folgen den Spuren durch sumpfige Pfade, geheimnisvolle Lichtungen und gef\u00e4hrliche Fallen. Je tiefer sie ins Moor vordringen, desto klarer wird: Hinter den Wilddieben steckt mehr als nur einfache Kriminalit\u00e4t.<\/p>\n<p data-start=\"513\" data-end=\"607\">Ein H\u00f6rspiel voller Spannung, Naturgeheimnisse und cleverer Ermittlungen \u2013 TKKG in Bestform!<\/p>\n<p data-start=\"609\" data-end=\"808\">\ud83c\udfa7 Format: MP3<br data-start=\"623\" data-end=\"626\" \/>\ud83d\udcb3 Nach Bezahlung:<br data-start=\"644\" data-end=\"647\" \/>\ud83d\udcf1 Sofortiger Download f\u00fcrs Handy<br data-start=\"680\" data-end=\"683\" \/>\ud83d\udcbb Sofortiger Download f\u00fcr PC<br data-start=\"712\" data-end=\"715\" \/>\ud83d\udda5\ufe0f Sofortiger Download f\u00fcrs Tablet<br data-start=\"750\" data-end=\"753\" \/>\ud83c\udfa7 Sofortiger Download als MP3 f\u00fcr jedes Abspielger\u00e4t<\/p>\n<p data-start=\"810\" data-end=\"851\">\ud83d\udca5 Einmal gekauft \u2013 f\u00fcr immer deins! \ud83d\udca5<\/p>","protected":false},"excerpt":{"rendered":"<p>\ud83c\udfa7 H\u00f6rspiel: TKKG \u2013 Wilddiebe im Teufelsmoor \ud83c\udfa7 \ud83c\udf2b\ufe0f\ud83d\udd75\ufe0f\u200d\u2642\ufe0f Ein nebliges Abenteuer f\u00fcr TKKG!Im d\u00fcsteren Teufelsmoor treiben Wilddiebe ihr Unwesen \u2013 und schrecken vor nichts zur\u00fcck. Tim, Karl, Kl\u00f6\u00dfchen und Gaby folgen den Spuren durch sumpfige Pfade, geheimnisvolle Lichtungen und gef\u00e4hrliche Fallen. Je tiefer sie ins Moor vordringen, desto klarer wird: Hinter den Wilddieben steckt [&hellip;]<\/p>\n","protected":false},"featured_media":1507,"comment_status":"open","ping_status":"closed","template":"","meta":[],"product_brand":[],"product_cat":[35],"product_tag":[],"class_list":{"0":"post-1506","1":"product","2":"type-product","3":"status-publish","4":"has-post-thumbnail","6":"product_cat-hoerspiel-tkkg","8":"first","9":"instock","10":"sale","11":"virtual","12":"purchasable","13":"product-type-simple"},"jetpack_sharing_enabled":true,"_links":{"self":[{"href":"https:\/\/audiobook-24.com\/en\/wp-json\/wp\/v2\/product\/1506","targetHints":{"allow":["GET"]}}],"collection":[{"href":"https:\/\/audiobook-24.com\/en\/wp-json\/wp\/v2\/product"}],"about":[{"href":"https:\/\/audiobook-24.com\/en\/wp-json\/wp\/v2\/types\/product"}],"replies":[{"embeddable":true,"href":"https:\/\/audiobook-24.com\/en\/wp-json\/wp\/v2\/comments?post=1506"}],"wp:featuredmedia":[{"embeddable":true,"href":"https:\/\/audiobook-24.com\/en\/wp-json\/wp\/v2\/media\/1507"}],"wp:attachment":[{"href":"https:\/\/audiobook-24.com\/en\/wp-json\/wp\/v2\/media?parent=1506"}],"wp:term":[{"taxonomy":"product_brand","embeddable":true,"href":"https:\/\/audiobook-24.com\/en\/wp-json\/wp\/v2\/product_brand?post=1506"},{"taxonomy":"product_cat","embeddable":true,"href":"https:\/\/audiobook-24.com\/en\/wp-json\/wp\/v2\/product_cat?post=1506"},{"taxonomy":"product_tag","embeddable":true,"href":"https:\/\/audiobook-24.com\/en\/wp-json\/wp\/v2\/product_tag?post=1506"}],"curies":[{"name":"wp","href":"https:\/\/api.w.org\/{rel}","templated":true}]}}