{"id":1504,"date":"2025-11-26T22:52:20","date_gmt":"2025-11-26T22:52:20","guid":{"rendered":"https:\/\/audiobook-24.com\/?post_type=product&#038;p=1504"},"modified":"2025-11-26T22:52:20","modified_gmt":"2025-11-26T22:52:20","slug":"%f0%9f%8e%a7-hoerspiel-tkkg-die-entfuehrung-in-der-mondscheingasse-%f0%9f%8e%a7","status":"publish","type":"product","link":"https:\/\/audiobook-24.com\/en\/product\/%f0%9f%8e%a7-hoerspiel-tkkg-die-entfuehrung-in-der-mondscheingasse-%f0%9f%8e%a7\/","title":{"rendered":"\ud83c\udfa7 H\u00f6rspiel: TKKG \u2013 Die Entf\u00fchrung in der Mondscheingasse \ud83c\udfa7"},"content":{"rendered":"<p data-start=\"96\" data-end=\"162\">\ud83c\udfa7 H\u00f6rspiel: <strong data-start=\"109\" data-end=\"157\">TKKG \u2013 Die Entf\u00fchrung in der Mondscheingasse<\/strong> \ud83c\udfa7<\/p>\n<p data-start=\"164\" data-end=\"535\">\ud83c\udf19\ud83d\udd75\ufe0f\u200d\u2642\ufe0f Ein d\u00fcsteres Abenteuer f\u00fcr TKKG!<br data-start=\"205\" data-end=\"208\" \/>In der schmalen, geheimnisvollen Mondscheingasse wird ein Mensch entf\u00fchrt \u2013 spurlos. Tim, Karl, Kl\u00f6\u00dfchen und Gaby nehmen die Ermittlungen auf und tasten sich durch ein Geflecht aus versteckten Hinweisen, dunklen Gestalten und gef\u00e4hrlichen Verstrickungen. Jeder Schritt bringt sie n\u00e4her an die Wahrheit \u2026 und an die Entf\u00fchrer.<\/p>\n<p data-start=\"537\" data-end=\"630\">Ein H\u00f6rspiel voller Spannung, Nachtatmosph\u00e4re und cleverer Ermittlungen \u2013 TKKG in Bestform!<\/p>\n<p data-start=\"632\" data-end=\"831\">\ud83c\udfa7 Format: MP3<br data-start=\"646\" data-end=\"649\" \/>\ud83d\udcb3 Nach Bezahlung:<br data-start=\"667\" data-end=\"670\" \/>\ud83d\udcf1 Sofortiger Download f\u00fcrs Handy<br data-start=\"703\" data-end=\"706\" \/>\ud83d\udcbb Sofortiger Download f\u00fcr PC<br data-start=\"735\" data-end=\"738\" \/>\ud83d\udda5\ufe0f Sofortiger Download f\u00fcrs Tablet<br data-start=\"773\" data-end=\"776\" \/>\ud83c\udfa7 Sofortiger Download als MP3 f\u00fcr jedes Abspielger\u00e4t<\/p>\n<p data-start=\"833\" data-end=\"874\">\ud83d\udca5 Einmal gekauft \u2013 f\u00fcr immer deins! \ud83d\udca5<\/p>","protected":false},"excerpt":{"rendered":"<p>\ud83c\udfa7 H\u00f6rspiel: TKKG \u2013 Die Entf\u00fchrung in der Mondscheingasse \ud83c\udfa7 \ud83c\udf19\ud83d\udd75\ufe0f\u200d\u2642\ufe0f Ein d\u00fcsteres Abenteuer f\u00fcr TKKG!In der schmalen, geheimnisvollen Mondscheingasse wird ein Mensch entf\u00fchrt \u2013 spurlos. Tim, Karl, Kl\u00f6\u00dfchen und Gaby nehmen die Ermittlungen auf und tasten sich durch ein Geflecht aus versteckten Hinweisen, dunklen Gestalten und gef\u00e4hrlichen Verstrickungen. Jeder Schritt bringt sie n\u00e4her an [&hellip;]<\/p>\n","protected":false},"featured_media":1505,"comment_status":"open","ping_status":"closed","template":"","meta":[],"product_brand":[],"product_cat":[35],"product_tag":[],"class_list":{"0":"post-1504","1":"product","2":"type-product","3":"status-publish","4":"has-post-thumbnail","6":"product_cat-hoerspiel-tkkg","8":"first","9":"instock","10":"sale","11":"virtual","12":"purchasable","13":"product-type-simple"},"jetpack_sharing_enabled":true,"_links":{"self":[{"href":"https:\/\/audiobook-24.com\/en\/wp-json\/wp\/v2\/product\/1504","targetHints":{"allow":["GET"]}}],"collection":[{"href":"https:\/\/audiobook-24.com\/en\/wp-json\/wp\/v2\/product"}],"about":[{"href":"https:\/\/audiobook-24.com\/en\/wp-json\/wp\/v2\/types\/product"}],"replies":[{"embeddable":true,"href":"https:\/\/audiobook-24.com\/en\/wp-json\/wp\/v2\/comments?post=1504"}],"wp:featuredmedia":[{"embeddable":true,"href":"https:\/\/audiobook-24.com\/en\/wp-json\/wp\/v2\/media\/1505"}],"wp:attachment":[{"href":"https:\/\/audiobook-24.com\/en\/wp-json\/wp\/v2\/media?parent=1504"}],"wp:term":[{"taxonomy":"product_brand","embeddable":true,"href":"https:\/\/audiobook-24.com\/en\/wp-json\/wp\/v2\/product_brand?post=1504"},{"taxonomy":"product_cat","embeddable":true,"href":"https:\/\/audiobook-24.com\/en\/wp-json\/wp\/v2\/product_cat?post=1504"},{"taxonomy":"product_tag","embeddable":true,"href":"https:\/\/audiobook-24.com\/en\/wp-json\/wp\/v2\/product_tag?post=1504"}],"curies":[{"name":"wp","href":"https:\/\/api.w.org\/{rel}","templated":true}]}}