{"id":1502,"date":"2025-11-26T22:49:49","date_gmt":"2025-11-26T22:49:49","guid":{"rendered":"https:\/\/audiobook-24.com\/?post_type=product&#038;p=1502"},"modified":"2025-11-26T22:49:49","modified_gmt":"2025-11-26T22:49:49","slug":"%f0%9f%8e%a7-hoerspiel-tkkg-die-mafia-kommt-zur-geisterstunde-%f0%9f%8e%a7","status":"publish","type":"product","link":"https:\/\/audiobook-24.com\/en\/product\/%f0%9f%8e%a7-hoerspiel-tkkg-die-mafia-kommt-zur-geisterstunde-%f0%9f%8e%a7\/","title":{"rendered":"\ud83c\udfa7 H\u00f6rspiel: TKKG \u2013 Die Mafia kommt zur Geisterstunde \ud83c\udfa7"},"content":{"rendered":"<p data-start=\"92\" data-end=\"154\">\ud83c\udfa7 H\u00f6rspiel: <strong data-start=\"105\" data-end=\"149\">TKKG \u2013 Die Mafia kommt zur Geisterstunde<\/strong> \ud83c\udfa7<\/p>\n<p data-start=\"156\" data-end=\"621\">\ud83d\udd70\ufe0f\ud83d\udd75\ufe0f\u200d\u2642\ufe0f Ein packendes Abenteuer f\u00fcr TKKG!<br data-start=\"199\" data-end=\"202\" \/>Als in der Stadt pl\u00f6tzlich zwielichtige Gestalten auftauchen, wird schnell klar: Die Mafia mischt mit \u2013 und das ausgerechnet zur Geisterstunde. Tim, Karl, Kl\u00f6\u00dfchen und Gaby geraten zwischen die Fronten einer skrupellosen Verbrecherorganisation, die nachts ihre finsteren Gesch\u00e4fte abwickelt. Mit Mut, Cleverness und unersch\u00fctterlicher Freundschaft setzen die vier alles daran, den Machenschaften ein Ende zu bereiten.<\/p>\n<p data-start=\"623\" data-end=\"718\">Ein H\u00f6rspiel voller Spannung, Nachtatmosph\u00e4re und cleverer Ermittlungen \u2013 TKKG in H\u00f6chstform!<\/p>\n<p data-start=\"720\" data-end=\"919\">\ud83c\udfa7 Format: MP3<br data-start=\"734\" data-end=\"737\" \/>\ud83d\udcb3 Nach Bezahlung:<br data-start=\"755\" data-end=\"758\" \/>\ud83d\udcf1 Sofortiger Download f\u00fcrs Handy<br data-start=\"791\" data-end=\"794\" \/>\ud83d\udcbb Sofortiger Download f\u00fcr PC<br data-start=\"823\" data-end=\"826\" \/>\ud83d\udda5\ufe0f Sofortiger Download f\u00fcrs Tablet<br data-start=\"861\" data-end=\"864\" \/>\ud83c\udfa7 Sofortiger Download als MP3 f\u00fcr jedes Abspielger\u00e4t<\/p>\n<p data-start=\"921\" data-end=\"962\">\ud83d\udca5 Einmal gekauft \u2013 f\u00fcr immer deins! \ud83d\udca5<\/p>","protected":false},"excerpt":{"rendered":"<p>\ud83c\udfa7 H\u00f6rspiel: TKKG \u2013 Die Mafia kommt zur Geisterstunde \ud83c\udfa7 \ud83d\udd70\ufe0f\ud83d\udd75\ufe0f\u200d\u2642\ufe0f Ein packendes Abenteuer f\u00fcr TKKG!Als in der Stadt pl\u00f6tzlich zwielichtige Gestalten auftauchen, wird schnell klar: Die Mafia mischt mit \u2013 und das ausgerechnet zur Geisterstunde. Tim, Karl, Kl\u00f6\u00dfchen und Gaby geraten zwischen die Fronten einer skrupellosen Verbrecherorganisation, die nachts ihre finsteren Gesch\u00e4fte abwickelt. Mit [&hellip;]<\/p>\n","protected":false},"featured_media":1503,"comment_status":"open","ping_status":"closed","template":"","meta":[],"product_brand":[],"product_cat":[35],"product_tag":[],"class_list":{"0":"post-1502","1":"product","2":"type-product","3":"status-publish","4":"has-post-thumbnail","6":"product_cat-hoerspiel-tkkg","8":"first","9":"instock","10":"sale","11":"virtual","12":"purchasable","13":"product-type-simple"},"jetpack_sharing_enabled":true,"_links":{"self":[{"href":"https:\/\/audiobook-24.com\/en\/wp-json\/wp\/v2\/product\/1502","targetHints":{"allow":["GET"]}}],"collection":[{"href":"https:\/\/audiobook-24.com\/en\/wp-json\/wp\/v2\/product"}],"about":[{"href":"https:\/\/audiobook-24.com\/en\/wp-json\/wp\/v2\/types\/product"}],"replies":[{"embeddable":true,"href":"https:\/\/audiobook-24.com\/en\/wp-json\/wp\/v2\/comments?post=1502"}],"wp:featuredmedia":[{"embeddable":true,"href":"https:\/\/audiobook-24.com\/en\/wp-json\/wp\/v2\/media\/1503"}],"wp:attachment":[{"href":"https:\/\/audiobook-24.com\/en\/wp-json\/wp\/v2\/media?parent=1502"}],"wp:term":[{"taxonomy":"product_brand","embeddable":true,"href":"https:\/\/audiobook-24.com\/en\/wp-json\/wp\/v2\/product_brand?post=1502"},{"taxonomy":"product_cat","embeddable":true,"href":"https:\/\/audiobook-24.com\/en\/wp-json\/wp\/v2\/product_cat?post=1502"},{"taxonomy":"product_tag","embeddable":true,"href":"https:\/\/audiobook-24.com\/en\/wp-json\/wp\/v2\/product_tag?post=1502"}],"curies":[{"name":"wp","href":"https:\/\/api.w.org\/{rel}","templated":true}]}}