{"id":150,"date":"2025-11-14T17:28:13","date_gmt":"2025-11-14T17:28:13","guid":{"rendered":"https:\/\/audiobook-24.com\/?post_type=product&#038;p=150"},"modified":"2025-11-14T17:28:27","modified_gmt":"2025-11-14T17:28:27","slug":"hoerbuch-katharina-p-sarah-pirohl-02-bornholmer-falle","status":"publish","type":"product","link":"https:\/\/audiobook-24.com\/en\/product\/hoerbuch-katharina-p-sarah-pirohl-02-bornholmer-falle\/","title":{"rendered":"H\u00f6rbuch: Katharina P \u2013 Sarah Pirohl 02: Bornholmer Falle"},"content":{"rendered":"<h3 class=\"\">H\u00f6rbuch: Katharina P \u2013 Sarah Pirohl 02: Bornholmer Falle<\/h3>\n<p class=\"\"><strong>\u201eBornholmer Falle\u201c<\/strong>\u00a0von Katharina P ist der zweite Teil der Sarah Pirohl-Reihe, der Sie erneut in eine spannende Geschichte voller R\u00e4tsel und Geheimnisse einf\u00fchrt.<\/p>\n<p>Inhalt<\/p>\n<p class=\"\">In diesem H\u00f6rbuch erwarten Sie:<\/p>\n<ul class=\"\">\n<li class=\"\"><strong>Fesselnde Handlung mit \u00fcberraschenden Wendungen<\/strong><\/li>\n<li class=\"\"><strong>Entwicklung der Charaktere und ihrer Beziehungen<\/strong><\/li>\n<li class=\"\"><strong>Eine packende Mischung aus Spannung und Emotion<\/strong><\/li>\n<\/ul>\n<p>L\u00e4nge<\/p>\n<ul class=\"\">\n<li class=\"\"><strong>Spielzeit:<\/strong>\u00a0ca. 8 Stunden 15 Minuten<\/li>\n<\/ul>\n<p>Format<\/p>\n<p class=\"\">Das H\u00f6rbuch ist im\u00a0<strong>MP3-Format<\/strong>\u00a0erh\u00e4ltlich und l\u00e4sst sich bequem auf verschiedenen Ger\u00e4ten abspielen.<\/p>\n<hr \/>\n<p class=\"\"><strong>\ud83c\udfa7 H\u00f6rbuch: Katharina P \u2013 Sarah Pirohl 02: Bornholmer Falle &#8211; Sofort Download<\/strong><\/p>\n<p class=\"\">\ud83d\udcbb\u00a0<strong>PC<\/strong>\u00a0\ud83d\udcf1\u00a0<strong>Handy<\/strong>\u00a0\ud83d\udcf2\u00a0<strong>Tablet<\/strong>\u00a0\ud83c\udfb5\u00a0<strong>MP3 Player<\/strong><\/p>\n<p class=\"\"><strong>Laden Sie das H\u00f6rbuch herunter und erleben Sie die aufregenden Abenteuer von Sarah Pirohl!<\/strong><\/p>","protected":false},"excerpt":{"rendered":"<p>H\u00f6rbuch: Katharina P \u2013 Sarah Pirohl 02: Bornholmer Falle \u201eBornholmer Falle\u201c\u00a0von Katharina P ist der zweite Teil der Sarah Pirohl-Reihe, der Sie erneut in eine spannende Geschichte voller R\u00e4tsel und Geheimnisse einf\u00fchrt. Inhalt In diesem H\u00f6rbuch erwarten Sie: Fesselnde Handlung mit \u00fcberraschenden Wendungen Entwicklung der Charaktere und ihrer Beziehungen Eine packende Mischung aus Spannung und [&hellip;]<\/p>\n","protected":false},"featured_media":151,"comment_status":"open","ping_status":"closed","template":"","meta":[],"product_brand":[],"product_cat":[19],"product_tag":[],"class_list":{"0":"post-150","1":"product","2":"type-product","3":"status-publish","4":"has-post-thumbnail","6":"product_cat-hoerbuecher","8":"first","9":"instock","10":"sale","11":"virtual","12":"purchasable","13":"product-type-simple"},"jetpack_sharing_enabled":true,"_links":{"self":[{"href":"https:\/\/audiobook-24.com\/en\/wp-json\/wp\/v2\/product\/150","targetHints":{"allow":["GET"]}}],"collection":[{"href":"https:\/\/audiobook-24.com\/en\/wp-json\/wp\/v2\/product"}],"about":[{"href":"https:\/\/audiobook-24.com\/en\/wp-json\/wp\/v2\/types\/product"}],"replies":[{"embeddable":true,"href":"https:\/\/audiobook-24.com\/en\/wp-json\/wp\/v2\/comments?post=150"}],"wp:featuredmedia":[{"embeddable":true,"href":"https:\/\/audiobook-24.com\/en\/wp-json\/wp\/v2\/media\/151"}],"wp:attachment":[{"href":"https:\/\/audiobook-24.com\/en\/wp-json\/wp\/v2\/media?parent=150"}],"wp:term":[{"taxonomy":"product_brand","embeddable":true,"href":"https:\/\/audiobook-24.com\/en\/wp-json\/wp\/v2\/product_brand?post=150"},{"taxonomy":"product_cat","embeddable":true,"href":"https:\/\/audiobook-24.com\/en\/wp-json\/wp\/v2\/product_cat?post=150"},{"taxonomy":"product_tag","embeddable":true,"href":"https:\/\/audiobook-24.com\/en\/wp-json\/wp\/v2\/product_tag?post=150"}],"curies":[{"name":"wp","href":"https:\/\/api.w.org\/{rel}","templated":true}]}}